{"id":146,"date":"2016-11-22T08:36:06","date_gmt":"2016-11-22T07:36:06","guid":{"rendered":"http:\/\/apartman-villa-anica-rijeka.com\/wordpress\/?page_id=146"},"modified":"2017-08-22T19:09:35","modified_gmt":"2017-08-22T17:09:35","slug":"lokacija-apartmana-pecine-rijeka","status":"publish","type":"page","link":"https:\/\/apartman-villa-anica-rijeka.com\/de\/lokacija-apartmana-pecine-rijeka\/","title":{"rendered":"Lage der Ferienwohnung &#8211; Pe<span>\u0107<\/span>ine, Rijeka"},"content":{"rendered":"<p><\/p>\n<div id=\"o-apartmanu-wrapper\">\n<div id=\"o-apartmanu-inner\">\n<p>\nPe\u0107ine (H\u00f6hlen) ist ein Teil von Rijeka, das nach den H\u00f6hlen benannt wurde. Unter dem ganzen Stadtteil befinden sich attraktive Unterwasserh\u00f6hlen, die heute jedoch weitgehend abgeschottet oder unzug\u00e4nglich sind. Eine der letzten \u201eechten\u201c Meeresh\u00f6hlen kann man in der Umgebung der Villa Gelletich finden.<\/p>\n<h2>Touristische Tradition von Pe<span>\u0107<\/span>ine<\/h2>\n<p>Auf der schmalen Linie zwischen Meer und H\u00fcgel wurden alte Villen in Pe\u0107ine gebaut, eine davon ist die Villa Anica. Auf jedem Fall \u2013 dies ist ein elit\u00e4rer Stadtteil mit der l\u00e4ngsten touristischen Tradition der Stadt.<\/p>\n<p>In diesem Viertel ist ein nostalgisches \u00f6sterreichisch-ungarisches Flair bemerkbar, unverwechselbare Stadtplanung und \u00fcppiges Gr\u00fcn, das die einfallsreichen Geb\u00e4ude umgibt.<\/p>\n<div id=\"tradicija-lijevo\">\n<a href=\"http:\/\/apartman-villa-anica-rijeka.com\/wordpress\/wp-content\/uploads\/2017\/04\/apartman-rijeka-pecine-villa-anica-hotel-jadran.jpg\" title=\"Villa Anica - Ferienwohnung Rijeka - Pe\u0107ine - Hotel Jadran\"><img decoding=\"async\" src=\"http:\/\/apartman-villa-anica-rijeka.com\/wordpress\/wp-content\/uploads\/2017\/04\/apartman-rijeka-pecine-villa-anica-hotel-jadran.jpg\" title=\"Ferienwohnung Villa Anica - Rijeka, Pe\u0107ine - Hotel Jadran\" alt=\"Hotel Jadran - Ferienwohnung Villa Anica - Rijeka, Pe\u0107ine\"><\/a>\n<\/div>\n<div id=\"tradicija-desno\">\n<p>Neben den Villen gibt es auch das Hotel Jadran, es ist Besonders deshalb, weil es eines der Ersten in der Welt ist, dass mit Stahlbeton-Fundamenten im Meer gebaut wurde. Das Hotel hat jetzt ein Zimmer, das nach <a href=\"https:\/\/hr.wikipedia.org\/wiki\/Ivana_Brli%C4%87-Ma%C5%BEurani%C4%87\" title=\"Ivana Brli\u0107 Ma\u017eurani\u0107\" target=\"_blank\">Ivana Brli\u0107-Ma\u017eurani\u0107<\/a> benannt wurde. In diesem Zimmer kam die ber\u00fchmte Schriftstellerin immer unter, wenn sie ihre Enkelkinder besuchte, die in der benachbarten Villa Ru\u017ei\u0107 lebten.<\/p>\n<\/div>\n<div cleass=\"clearfix\"><\/div>\n<p>Die meisten Villen und Hotels wurden in nur wenigen Jahrzehnten an der Wende des XIX zum XX Jahrhundert erbaut, als dieses Gebiet starke Entwicklung des Tourismus erlebte. Der \u00e4lteste Strand in Pe\u0107ine wurde im Jahr 1885 unter Palazzina auf der Piramida gebaut.<\/p>\n<h2>Str\u00e4nde in der N\u00e4he der Ferienwohnung<\/h2>\n<p>Str\u00e4nde in Pe\u0107ine geh\u00f6ren zu den sch\u00f6nsten Str\u00e4nden in Rijeka, heute sind es sieben. Den Kieselstrand <b>Sabli\u0107evo<\/b>, (100 m von der Ferienwohnung Villa Anica) nannte man die \u201esch\u00f6nste K\u00fcste Rijekas Riviera\u201c und der benachbarte Strand <b>Glavanovo<\/b>, wegen seines flachen Zugangs ins Meer ist die h\u00e4ufigste Wahl f\u00fcr \u00e4ltere Menschen und Familien mit Kindern. Unter ihnen befinden sich auch die Str\u00e4nde Villa Olga und Hotel Park und im Osten der Stadt gibt es noch die Str\u00e4nde Srebrena, Ru\u017ei\u0107evo und Gr\u010devo, die zum Zentrum des Sommerlebens wurde, seitdem die Bar Pajol er\u00f6ffnet wurde.<\/p>\n<p>\nWir d\u00fcrfen nicht diejenigen, die mit ihren Haustieren kommen, vergessen &#8211; in der N\u00e4he der Ferienwohnung (200m), gibt es einen Hundestrand. Der Strand ist auch f\u00fcr uns sehr angenehm zum Baden &#8211; winzige Kieselsteine, eingez\u00e4unt und mit Dusche.\n<\/p>\nngg_shortcode_4_placeholder\n<h2>Shopping<\/h2>\n<p>F\u00fcr diejenigen, die ihre Sommerfreizeit mit angenehmem Einkauf erg\u00e4nzen m\u00f6chten, gibt es in der N\u00e4he der Villa Anica (200m), schon seit zehn Jahren, das gro\u00dfe <a href=\"http:\/\/www.tower-center-rijeka.hr\/\" title=\"Ferienwohnung Villa Anica Rijeka - Shopping\">Tower Zentrum<\/a>, das in seinen \u00fcber 200 Gesch\u00e4ften eine breite Palette von Handelsmarken anbietet, mit einer Apotheke, Restaurant und Cinestar &#8211; Kinokomplex.<\/p>\nngg_shortcode_5_placeholder\n<\/div>\n<\/div>\n<p>  <\/p>","protected":false},"excerpt":{"rendered":"<p>Pe\u0107ine (H\u00f6hlen) ist ein Teil von Rijeka, das nach den H\u00f6hlen benannt wurde. Unter dem ganzen Stadtteil befinden sich attraktive Unterwasserh\u00f6hlen, die heute jedoch weitgehend abgeschottet oder unzug\u00e4nglich sind. Eine der letzten \u201eechten\u201c Meeresh\u00f6hlen kann man in der Umgebung der Villa Gelletich finden. Touristische Tradition von Pe\u0107ine Auf der schmalen Linie zwischen Meer und H\u00fcgel [&hellip;]<\/p>\n","protected":false},"author":1,"featured_media":0,"parent":0,"menu_order":0,"comment_status":"closed","ping_status":"closed","template":"","meta":{"ngg_post_thumbnail":0,"footnotes":""},"class_list":["post-146","page","type-page","status-publish","hentry","post"],"yoast_head":"<!-- This site is optimized with the Yoast SEO plugin v25.2 - https:\/\/yoast.com\/wordpress\/plugins\/seo\/ -->\n<title>Lage der Ferienwohnung - Pe\u0107ine, Rijeka - Villa Anica, Rijeka | Apartman u Rijeci, Pe\u0107ine<\/title>\n<meta name=\"robots\" content=\"index, follow, max-snippet:-1, max-image-preview:large, max-video-preview:-1\" \/>\n<link rel=\"canonical\" href=\"https:\/\/apartman-villa-anica-rijeka.com\/en\/lokacija-apartmana-pecine-rijeka\/\" \/>\n<meta property=\"og:locale\" content=\"de_DE\" \/>\n<meta property=\"og:type\" content=\"article\" \/>\n<meta property=\"og:title\" content=\"Lage der Ferienwohnung - Pe\u0107ine, Rijeka - Villa Anica, Rijeka | Apartman u Rijeci, Pe\u0107ine\" \/>\n<meta property=\"og:description\" content=\"Pe\u0107ine (H\u00f6hlen) ist ein Teil von Rijeka, das nach den H\u00f6hlen benannt wurde. Unter dem ganzen Stadtteil befinden sich attraktive Unterwasserh\u00f6hlen, die heute jedoch weitgehend abgeschottet oder unzug\u00e4nglich sind. Eine der letzten \u201eechten\u201c Meeresh\u00f6hlen kann man in der Umgebung der Villa Gelletich finden. Touristische Tradition von Pe\u0107ine Auf der schmalen Linie zwischen Meer und H\u00fcgel [&hellip;]\" \/>\n<meta property=\"og:url\" content=\"https:\/\/apartman-villa-anica-rijeka.com\/en\/lokacija-apartmana-pecine-rijeka\/\" \/>\n<meta property=\"og:site_name\" content=\"Villa Anica, Rijeka | Apartman u Rijeci, Pe\u0107ine\" \/>\n<meta property=\"article:modified_time\" content=\"2017-08-22T17:09:35+00:00\" \/>\n<meta property=\"og:image\" content=\"http:\/\/apartman-villa-anica-rijeka.com\/wordpress\/wp-content\/uploads\/2017\/04\/apartman-rijeka-pecine-villa-anica-hotel-jadran.jpg\" \/>\n<meta name=\"twitter:card\" content=\"summary_large_image\" \/>\n<meta name=\"twitter:label1\" content=\"Gesch\u00e4tzte Lesezeit\" \/>\n\t<meta name=\"twitter:data1\" content=\"11\u00a0Minuten\" \/>\n<script type=\"application\/ld+json\" class=\"yoast-schema-graph\">{\"@context\":\"https:\/\/schema.org\",\"@graph\":[{\"@type\":\"WebPage\",\"@id\":\"https:\/\/apartman-villa-anica-rijeka.com\/en\/lokacija-apartmana-pecine-rijeka\/\",\"url\":\"https:\/\/apartman-villa-anica-rijeka.com\/en\/lokacija-apartmana-pecine-rijeka\/\",\"name\":\"Lage der Ferienwohnung - Pe\u0107ine, Rijeka - Villa Anica, Rijeka | Apartman u Rijeci, Pe\u0107ine\",\"isPartOf\":{\"@id\":\"https:\/\/apartman-villa-anica-rijeka.com\/it\/#website\"},\"primaryImageOfPage\":{\"@id\":\"https:\/\/apartman-villa-anica-rijeka.com\/en\/lokacija-apartmana-pecine-rijeka\/#primaryimage\"},\"image\":{\"@id\":\"https:\/\/apartman-villa-anica-rijeka.com\/en\/lokacija-apartmana-pecine-rijeka\/#primaryimage\"},\"thumbnailUrl\":\"http:\/\/apartman-villa-anica-rijeka.com\/wordpress\/wp-content\/uploads\/2017\/04\/apartman-rijeka-pecine-villa-anica-hotel-jadran.jpg\",\"datePublished\":\"2016-11-22T07:36:06+00:00\",\"dateModified\":\"2017-08-22T17:09:35+00:00\",\"breadcrumb\":{\"@id\":\"https:\/\/apartman-villa-anica-rijeka.com\/en\/lokacija-apartmana-pecine-rijeka\/#breadcrumb\"},\"inLanguage\":\"de\",\"potentialAction\":[{\"@type\":\"ReadAction\",\"target\":[\"https:\/\/apartman-villa-anica-rijeka.com\/en\/lokacija-apartmana-pecine-rijeka\/\"]}]},{\"@type\":\"ImageObject\",\"inLanguage\":\"de\",\"@id\":\"https:\/\/apartman-villa-anica-rijeka.com\/en\/lokacija-apartmana-pecine-rijeka\/#primaryimage\",\"url\":\"http:\/\/apartman-villa-anica-rijeka.com\/wordpress\/wp-content\/uploads\/2017\/04\/apartman-rijeka-pecine-villa-anica-hotel-jadran.jpg\",\"contentUrl\":\"http:\/\/apartman-villa-anica-rijeka.com\/wordpress\/wp-content\/uploads\/2017\/04\/apartman-rijeka-pecine-villa-anica-hotel-jadran.jpg\"},{\"@type\":\"BreadcrumbList\",\"@id\":\"https:\/\/apartman-villa-anica-rijeka.com\/en\/lokacija-apartmana-pecine-rijeka\/#breadcrumb\",\"itemListElement\":[{\"@type\":\"ListItem\",\"position\":1,\"name\":\"Po\u010detna stranica\",\"item\":\"https:\/\/apartman-villa-anica-rijeka.com\/it\/\"},{\"@type\":\"ListItem\",\"position\":2,\"name\":\"Apartment Location \u2013 Pe\u0107ine, Rijeka\"}]},{\"@type\":\"WebSite\",\"@id\":\"https:\/\/apartman-villa-anica-rijeka.com\/it\/#website\",\"url\":\"https:\/\/apartman-villa-anica-rijeka.com\/it\/\",\"name\":\"Villa Anica, Rijeka | Apartman u Rijeci, Pe\u0107ine\",\"description\":\"(English) Samo jo\u0161 jedna WordPress web stranica\",\"potentialAction\":[{\"@type\":\"SearchAction\",\"target\":{\"@type\":\"EntryPoint\",\"urlTemplate\":\"https:\/\/apartman-villa-anica-rijeka.com\/it\/?s={search_term_string}\"},\"query-input\":{\"@type\":\"PropertyValueSpecification\",\"valueRequired\":true,\"valueName\":\"search_term_string\"}}],\"inLanguage\":\"de\"}]}<\/script>\n<!-- \/ Yoast SEO plugin. -->","yoast_head_json":{"title":"Lage der Ferienwohnung - Pe\u0107ine, Rijeka - Villa Anica, Rijeka | Apartman u Rijeci, Pe\u0107ine","robots":{"index":"index","follow":"follow","max-snippet":"max-snippet:-1","max-image-preview":"max-image-preview:large","max-video-preview":"max-video-preview:-1"},"canonical":"https:\/\/apartman-villa-anica-rijeka.com\/en\/lokacija-apartmana-pecine-rijeka\/","og_locale":"de_DE","og_type":"article","og_title":"Lage der Ferienwohnung - Pe\u0107ine, Rijeka - Villa Anica, Rijeka | Apartman u Rijeci, Pe\u0107ine","og_description":"Pe\u0107ine (H\u00f6hlen) ist ein Teil von Rijeka, das nach den H\u00f6hlen benannt wurde. Unter dem ganzen Stadtteil befinden sich attraktive Unterwasserh\u00f6hlen, die heute jedoch weitgehend abgeschottet oder unzug\u00e4nglich sind. Eine der letzten \u201eechten\u201c Meeresh\u00f6hlen kann man in der Umgebung der Villa Gelletich finden. Touristische Tradition von Pe\u0107ine Auf der schmalen Linie zwischen Meer und H\u00fcgel [&hellip;]","og_url":"https:\/\/apartman-villa-anica-rijeka.com\/en\/lokacija-apartmana-pecine-rijeka\/","og_site_name":"Villa Anica, Rijeka | Apartman u Rijeci, Pe\u0107ine","article_modified_time":"2017-08-22T17:09:35+00:00","og_image":[{"url":"http:\/\/apartman-villa-anica-rijeka.com\/wordpress\/wp-content\/uploads\/2017\/04\/apartman-rijeka-pecine-villa-anica-hotel-jadran.jpg","type":"","width":"","height":""}],"twitter_card":"summary_large_image","twitter_misc":{"Gesch\u00e4tzte Lesezeit":"11\u00a0Minuten"},"schema":{"@context":"https:\/\/schema.org","@graph":[{"@type":"WebPage","@id":"https:\/\/apartman-villa-anica-rijeka.com\/en\/lokacija-apartmana-pecine-rijeka\/","url":"https:\/\/apartman-villa-anica-rijeka.com\/en\/lokacija-apartmana-pecine-rijeka\/","name":"Lage der Ferienwohnung - Pe\u0107ine, Rijeka - Villa Anica, Rijeka | Apartman u Rijeci, Pe\u0107ine","isPartOf":{"@id":"https:\/\/apartman-villa-anica-rijeka.com\/it\/#website"},"primaryImageOfPage":{"@id":"https:\/\/apartman-villa-anica-rijeka.com\/en\/lokacija-apartmana-pecine-rijeka\/#primaryimage"},"image":{"@id":"https:\/\/apartman-villa-anica-rijeka.com\/en\/lokacija-apartmana-pecine-rijeka\/#primaryimage"},"thumbnailUrl":"http:\/\/apartman-villa-anica-rijeka.com\/wordpress\/wp-content\/uploads\/2017\/04\/apartman-rijeka-pecine-villa-anica-hotel-jadran.jpg","datePublished":"2016-11-22T07:36:06+00:00","dateModified":"2017-08-22T17:09:35+00:00","breadcrumb":{"@id":"https:\/\/apartman-villa-anica-rijeka.com\/en\/lokacija-apartmana-pecine-rijeka\/#breadcrumb"},"inLanguage":"de","potentialAction":[{"@type":"ReadAction","target":["https:\/\/apartman-villa-anica-rijeka.com\/en\/lokacija-apartmana-pecine-rijeka\/"]}]},{"@type":"ImageObject","inLanguage":"de","@id":"https:\/\/apartman-villa-anica-rijeka.com\/en\/lokacija-apartmana-pecine-rijeka\/#primaryimage","url":"http:\/\/apartman-villa-anica-rijeka.com\/wordpress\/wp-content\/uploads\/2017\/04\/apartman-rijeka-pecine-villa-anica-hotel-jadran.jpg","contentUrl":"http:\/\/apartman-villa-anica-rijeka.com\/wordpress\/wp-content\/uploads\/2017\/04\/apartman-rijeka-pecine-villa-anica-hotel-jadran.jpg"},{"@type":"BreadcrumbList","@id":"https:\/\/apartman-villa-anica-rijeka.com\/en\/lokacija-apartmana-pecine-rijeka\/#breadcrumb","itemListElement":[{"@type":"ListItem","position":1,"name":"Po\u010detna stranica","item":"https:\/\/apartman-villa-anica-rijeka.com\/it\/"},{"@type":"ListItem","position":2,"name":"Apartment Location \u2013 Pe\u0107ine, Rijeka"}]},{"@type":"WebSite","@id":"https:\/\/apartman-villa-anica-rijeka.com\/it\/#website","url":"https:\/\/apartman-villa-anica-rijeka.com\/it\/","name":"Villa Anica, Rijeka | Apartman u Rijeci, Pe\u0107ine","description":"(English) Samo jo\u0161 jedna WordPress web stranica","potentialAction":[{"@type":"SearchAction","target":{"@type":"EntryPoint","urlTemplate":"https:\/\/apartman-villa-anica-rijeka.com\/it\/?s={search_term_string}"},"query-input":{"@type":"PropertyValueSpecification","valueRequired":true,"valueName":"search_term_string"}}],"inLanguage":"de"}]}},"_links":{"self":[{"href":"https:\/\/apartman-villa-anica-rijeka.com\/de\/wp-json\/wp\/v2\/pages\/146","targetHints":{"allow":["GET"]}}],"collection":[{"href":"https:\/\/apartman-villa-anica-rijeka.com\/de\/wp-json\/wp\/v2\/pages"}],"about":[{"href":"https:\/\/apartman-villa-anica-rijeka.com\/de\/wp-json\/wp\/v2\/types\/page"}],"author":[{"embeddable":true,"href":"https:\/\/apartman-villa-anica-rijeka.com\/de\/wp-json\/wp\/v2\/users\/1"}],"replies":[{"embeddable":true,"href":"https:\/\/apartman-villa-anica-rijeka.com\/de\/wp-json\/wp\/v2\/comments?post=146"}],"version-history":[{"count":31,"href":"https:\/\/apartman-villa-anica-rijeka.com\/de\/wp-json\/wp\/v2\/pages\/146\/revisions"}],"predecessor-version":[{"id":632,"href":"https:\/\/apartman-villa-anica-rijeka.com\/de\/wp-json\/wp\/v2\/pages\/146\/revisions\/632"}],"wp:attachment":[{"href":"https:\/\/apartman-villa-anica-rijeka.com\/de\/wp-json\/wp\/v2\/media?parent=146"}],"curies":[{"name":"wp","href":"https:\/\/api.w.org\/{rel}","templated":true}]}}