{"id":2,"date":"2016-11-02T18:22:20","date_gmt":"2016-11-02T17:22:20","guid":{"rendered":"http:\/\/apartman-villa-anica-rijeka.com\/wordpress\/?page_id=2"},"modified":"2024-01-19T13:57:18","modified_gmt":"2024-01-19T12:57:18","slug":"dobrodosli-villu-anicu-apartman-rijeci","status":"publish","type":"page","link":"https:\/\/apartman-villa-anica-rijeka.com\/de\/","title":{"rendered":"Willkommen in der Villa Anica &#8211; Ferienwohnung in Rijeka"},"content":{"rendered":"<p><\/p>\n<div class=\"naslovna-uvod-wrapper\">\n<div class=\"naslovna-uvod-inner boxed-content\">\n<p>Die Ferienwohnung \u201eVilla Anica\u201c befindet sich im elit\u00e4ren und ruhigen Teil der Stadt, in einer alten Familienvilla mit einem gro\u00dfen und sch\u00f6n gepflegten Garten und Meerblick. Unterhalb des Hauses ist ein wundersch\u00f6ner Strand zum Schwimmen &#8211; Sabli\u0107evo (von der Wohnung nur 100m entfernt) und in unmittelbarer N\u00e4he gibt es auch einen Hundestrand.<\/p>\n<p>Die Vorteile der Lage sind kostenlose Parkpl\u00e4tze, die N\u00e4he des Stadtzentrums, Wallfahrtsort der Muttergottes von Trsat, Trsat Campus &#8211; Universit\u00e4t Rijeka und eine Rennstrecke zum Laufen. In der N\u00e4he sind alle Serviceeinrichtungen: ein gro\u00dfes modernes Einkaufszentrum (Tower Zentrum Rijeka mit mehr als 200 Gesch\u00e4ften, in dem sich auch ein CineStar \u2013 Kinokomplex befindet), Apotheke, Restaurant &#8211; Pizzeria.<\/p>\n<p>Die Besitzerin spricht Englisch und Italienisch.<\/p>\n<div id=\"homparge-gallery-wrapper\" class=\"animated fadeIn duration3 eds-on-scroll\">ngg_shortcode_2_placeholder<\/div>\n<p><a class=\"home-button home-button-1\" title=\"Ferienwohnung Rijeka - Villa Anica | Mehr \u00fcber die Ferienwohnung\" href=\"http:\/\/apartman-villa-anica-rijeka.com\/wordpress\/apartmani-villa-anica-rijeka\/\"><i class=\"fa fa-info-circle\"><\/i> Mehr \u00fcber die Ferienwohnung<\/a><\/p>\n<\/div>\n<\/div>\n<div class=\"naslovna-karakteristike-wrapper\">\n<div class=\"naslovna-karakteristike-inner boxed-content\">\n<div class=\"naslovna-karakteristike naslovna-karakteristike-1\"><span class=\"karakteristike-icon\"><i class=\"fa fa-home\"><\/i><\/span><\/p>\n<h3>Weitere Angaben zur Ferienwohnung<\/h3>\n<ul>\n<li><i class=\"fa fa-arrows-alt\"><\/i> Fl\u00e4che: 45m2<\/li>\n<li><i class=\"fa fa-plus-square-o\"><\/i> Zimmer: 1<\/li>\n<li><i class=\"fa fa-bed\"><\/i> Anzahl der Betten: 2+2 Zusatzbetten<\/li>\n<li><img decoding=\"async\" class=\"home-icon\" src=\"\/wordpress\/wp-content\/uploads\/2017\/04\/icon-kitchen.png\"> K\u00fcche<\/li>\n<li><i class=\"fa fa-shower\"><\/i> Badezimmer mit Dusche<\/li>\n<li><i class=\"fa fa-star\"><\/i> Klassifizierung: 3 Sterne<\/li>\n<\/ul>\n<p class=\"naslovna-price-box animated tada duration3 eds-on-scroll\"><span class=\"naslovna-price-box-row1\">Nacht<\/span><br \/>\n<span class=\"naslovna-price-box-row2\">ab <b>60<\/b> \u20ac<\/span> <span class=\"naslovna-price-box-row3\"><a title=\"Ferienwohnung Rijeka - Villa Anica - Kontaktieren Sie uns\" href=\"\/wordpress\/apartman-villa-anica-rijeka-kontakt\/\">Kontaktieren Sie uns<\/a> f\u00fcr weitere Informationen.<\/span><\/p>\n<\/div>\n<div class=\"naslovna-karakteristike naslovna-karakteristike-2\"><span class=\"karakteristike-icon\"><i class=\"fa fa-map-marker\"><\/i><\/span><\/p>\n<h3>Standort der Ferienwohnung:<\/h3>\n<ul>\n<li><i class=\"fa fa-sun-o\"><\/i> Strand: 100m<\/li>\n<li><i class=\"fa fa-bullseye\"><\/i> Stadtzentrum: 1,5km<\/li>\n<li><i class=\"fa fa-map-signs\"><\/i> Stadtbus: 70m<\/li>\n<li><i class=\"fa fa-bus\"><\/i> Busbahnhof: 3km<\/li>\n<li><i class=\"fa fa-train\"><\/i> Bahnhof: 3.5km<\/li>\n<li><i class=\"fa fa-ship\"><\/i> Reisehafen: 3km<\/li>\n<li><i class=\"fa fa-plane\"><\/i> Flughafen: 20km<\/li>\n<li><i class=\"fa fa-shopping-cart\"><\/i> Ein gro\u00dfes Einkaufszentrum: 150m<\/li>\n<li><i class=\"fa fa-cutlery\"><\/i> Restaurant: 150m<\/li>\n<\/ul>\n<\/div>\n<div class=\"naslovna-karakteristike naslovna-karakteristike-3\"><span class=\"karakteristike-icon\"><i class=\"fa fa-file-text-o\"><\/i><\/span><\/p>\n<h3>Ausstattung der Ferienwohnung:<\/h3>\n<ul>\n<li><i class=\"fa fa-snowflake-o\"><\/i> Klimaanlage<\/li>\n<li><i class=\"fa fa-wifi\"><\/i> Kostenloser Internetzugang (WiFi)<\/li>\n<li><i class=\"fa fa-tree\"><\/i> Garten mit Gartenm\u00f6beln<\/li>\n<li><i class=\"fa fa-car\"><\/i> Kostenloses Parken<\/li>\n<li><i class=\"fa fa-paw\"><\/i> Haustiere &#8211; bleiben frei<\/li>\n<li><i class=\"fa fa-television\"><\/i> TV \/ Radio<\/li>\n<li><i class=\"fa fa-eercast\"><\/i> Waschmaschine<\/li>\n<li><i class=\"fa fa-bed\"><\/i> Bettw\u00e4sche und Handt\u00fccher<\/li>\n<li><i class=\"fa fa-fire\"><\/i> Heizung<\/li>\n<\/ul>\n<\/div>\n<div class=\"clearfix\">&nbsp;<\/div>\n<\/div>\n<\/div>\n<div class=\"naslovna-lokacija-wrapper\">\n<div class=\"naslovna-lokacija-inner boxed-content\">\n<h2>Pe<span>\u0107<\/span>ine, Rijeka &#8211; Perfekte Lage der Ferienwohnung<\/h2>\n<div class=\"naslovna-lokacija-left animated fadeIn duration3 eds-on-scroll\"><iframe loading=\"lazy\" src=\"https:\/\/player.vimeo.com\/video\/43756949\" width=\"640\" height=\"360\" frameborder=\"0\" allowfullscreen=\"allowfullscreen\"><\/iframe><\/div>\n<div class=\"naslovna-lokacija-right\">\n<p>Obwohl Rijeka eine Hafenstadt ist, bedeutet es nicht, dass man die Industrie sp\u00fcrt, die Stadt hat ihren maritimen Charme in ihren Stra\u00dfen erhalten. Die Stadt ist reich an historischen Denkm\u00e4lern, die ihre reiche Vergangenheit bezeugen k\u00f6nnen.<\/p>\n<p>Der Stadtteil von Rijeka, Pe\u0107ine, befinden sich auf einer schmalen Linie zwischen Meer und H\u00fcgel, charakteristisch mit einer endlosen Raumfreiheit, die auf der einen Seite bis zum Himmel aufsteigt, und auf der anderen die Freiheit zum Meer. Die Siedlung ist charakteristisch f\u00fcr alte Villen und eine davon ist die Villa Anica. Die Str\u00e4nde in Pe\u0107ine geh\u00f6ren zu den sch\u00f6nsten Str\u00e4nden in Rijeka, heute gibt es sieben davon. Auf jeden Fall \u2013 dies ist ein elit\u00e4rer Stadtteil, das stolz auf die l\u00e4ngste touristische Tradition der Stadt Rijeka sein kann.<\/p>\n<\/div>\n<div class=\"clearfix\">&nbsp;<\/div>\n<p><a class=\"home-button home-button-2\" title=\"Ferienwohnung Rijeka - Villa Anica | Lesen Sie mehr \u00fcber die Lage\" href=\"\/wordpress\/lokacija-apartmana-pecine-rijeka\/\"><i class=\"fa fa-info-circle\"><\/i> Lesen Sie mehr \u00fcber die Lage<\/a><\/p>\n<\/div>\n<\/div>\n<div id=\"home-map-wrapper\">&nbsp;<\/div>\n<p><\/p>","protected":false},"excerpt":{"rendered":"<p>Die Ferienwohnung \u201eVilla Anica\u201c befindet sich im elit\u00e4ren und ruhigen Teil der Stadt, in einer alten Familienvilla mit einem gro\u00dfen und sch\u00f6n gepflegten Garten und Meerblick. Unterhalb des Hauses ist ein wundersch\u00f6ner Strand zum Schwimmen &#8211; Sabli\u0107evo (von der Wohnung nur 100m entfernt) und in unmittelbarer N\u00e4he gibt es auch einen Hundestrand. Die Vorteile der [&hellip;]<\/p>\n","protected":false},"author":1,"featured_media":0,"parent":0,"menu_order":0,"comment_status":"closed","ping_status":"open","template":"templates\/template-full.php","meta":{"ngg_post_thumbnail":0,"footnotes":""},"class_list":["post-2","page","type-page","status-publish","hentry","post"],"yoast_head":"<!-- This site is optimized with the Yoast SEO plugin v25.2 - https:\/\/yoast.com\/wordpress\/plugins\/seo\/ -->\n<title>(Hrvatski) Villa Anica - Apartman u Rijeci. +385 91 5297 797 - Apartmani Rijeka<\/title>\n<meta name=\"description\" content=\"(Hrvatski) Villa Anica je apartman u Rijeci, smje\u0161ten u naselju Pe\u0107ine, a nudi ugodan i povoljan privatni smje\u0161taj za do 4 osobe. Adresa: J.P. Kamova 56 ( Pe\u0107ine ) - Apartmani Rijeka.\" \/>\n<meta name=\"robots\" content=\"index, follow, max-snippet:-1, max-image-preview:large, max-video-preview:-1\" \/>\n<link rel=\"canonical\" href=\"https:\/\/apartman-villa-anica-rijeka.com\/it\/\" \/>\n<meta property=\"og:locale\" content=\"de_DE\" \/>\n<meta property=\"og:type\" content=\"article\" \/>\n<meta property=\"og:title\" content=\"(Hrvatski) Villa Anica - Apartman u Rijeci. +385 91 5297 797 - Apartmani Rijeka\" \/>\n<meta property=\"og:description\" content=\"(Hrvatski) Villa Anica je apartman u Rijeci, smje\u0161ten u naselju Pe\u0107ine, a nudi ugodan i povoljan privatni smje\u0161taj za do 4 osobe. Adresa: J.P. Kamova 56 ( Pe\u0107ine ) - Apartmani Rijeka.\" \/>\n<meta property=\"og:url\" content=\"https:\/\/apartman-villa-anica-rijeka.com\/it\/\" \/>\n<meta property=\"og:site_name\" content=\"Villa Anica, Rijeka | Apartman u Rijeci, Pe\u0107ine\" \/>\n<meta property=\"article:modified_time\" content=\"2024-01-19T12:57:18+00:00\" \/>\n<meta name=\"twitter:card\" content=\"summary_large_image\" \/>\n<meta name=\"twitter:label1\" content=\"Gesch\u00e4tzte Lesezeit\" \/>\n\t<meta name=\"twitter:data1\" content=\"9\u00a0Minuten\" \/>\n<script type=\"application\/ld+json\" class=\"yoast-schema-graph\">{\"@context\":\"https:\/\/schema.org\",\"@graph\":[{\"@type\":\"WebPage\",\"@id\":\"https:\/\/apartman-villa-anica-rijeka.com\/it\/\",\"url\":\"https:\/\/apartman-villa-anica-rijeka.com\/it\/\",\"name\":\"(Hrvatski) Villa Anica - Apartman u Rijeci. +385 91 5297 797 - Apartmani Rijeka\",\"isPartOf\":{\"@id\":\"https:\/\/apartman-villa-anica-rijeka.com\/it\/#website\"},\"datePublished\":\"2016-11-02T17:22:20+00:00\",\"dateModified\":\"2024-01-19T12:57:18+00:00\",\"description\":\"(Hrvatski) Villa Anica je apartman u Rijeci, smje\u0161ten u naselju Pe\u0107ine, a nudi ugodan i povoljan privatni smje\u0161taj za do 4 osobe. Adresa: J.P. Kamova 56 ( Pe\u0107ine ) - Apartmani Rijeka.\",\"breadcrumb\":{\"@id\":\"https:\/\/apartman-villa-anica-rijeka.com\/it\/#breadcrumb\"},\"inLanguage\":\"de\",\"potentialAction\":[{\"@type\":\"ReadAction\",\"target\":[\"https:\/\/apartman-villa-anica-rijeka.com\/it\/\"]}]},{\"@type\":\"BreadcrumbList\",\"@id\":\"https:\/\/apartman-villa-anica-rijeka.com\/it\/#breadcrumb\",\"itemListElement\":[{\"@type\":\"ListItem\",\"position\":1,\"name\":\"Po\u010detna stranica\",\"item\":\"https:\/\/apartman-villa-anica-rijeka.com\/it\/\"},{\"@type\":\"ListItem\",\"position\":2,\"name\":\"Benvenuti a Villa Anica \u2013 l&#8217;appartamento a Rijeka &#8211; Fiume\"}]},{\"@type\":\"WebSite\",\"@id\":\"https:\/\/apartman-villa-anica-rijeka.com\/it\/#website\",\"url\":\"https:\/\/apartman-villa-anica-rijeka.com\/it\/\",\"name\":\"Villa Anica, Rijeka | Apartman u Rijeci, Pe\u0107ine\",\"description\":\"(English) Samo jo\u0161 jedna WordPress web stranica\",\"potentialAction\":[{\"@type\":\"SearchAction\",\"target\":{\"@type\":\"EntryPoint\",\"urlTemplate\":\"https:\/\/apartman-villa-anica-rijeka.com\/it\/?s={search_term_string}\"},\"query-input\":{\"@type\":\"PropertyValueSpecification\",\"valueRequired\":true,\"valueName\":\"search_term_string\"}}],\"inLanguage\":\"de\"}]}<\/script>\n<!-- \/ Yoast SEO plugin. -->","yoast_head_json":{"title":"(Hrvatski) Villa Anica - Apartman u Rijeci. +385 91 5297 797 - Apartmani Rijeka","description":"(Hrvatski) Villa Anica je apartman u Rijeci, smje\u0161ten u naselju Pe\u0107ine, a nudi ugodan i povoljan privatni smje\u0161taj za do 4 osobe. Adresa: J.P. Kamova 56 ( Pe\u0107ine ) - Apartmani Rijeka.","robots":{"index":"index","follow":"follow","max-snippet":"max-snippet:-1","max-image-preview":"max-image-preview:large","max-video-preview":"max-video-preview:-1"},"canonical":"https:\/\/apartman-villa-anica-rijeka.com\/it\/","og_locale":"de_DE","og_type":"article","og_title":"(Hrvatski) Villa Anica - Apartman u Rijeci. +385 91 5297 797 - Apartmani Rijeka","og_description":"(Hrvatski) Villa Anica je apartman u Rijeci, smje\u0161ten u naselju Pe\u0107ine, a nudi ugodan i povoljan privatni smje\u0161taj za do 4 osobe. Adresa: J.P. Kamova 56 ( Pe\u0107ine ) - Apartmani Rijeka.","og_url":"https:\/\/apartman-villa-anica-rijeka.com\/it\/","og_site_name":"Villa Anica, Rijeka | Apartman u Rijeci, Pe\u0107ine","article_modified_time":"2024-01-19T12:57:18+00:00","twitter_card":"summary_large_image","twitter_misc":{"Gesch\u00e4tzte Lesezeit":"9\u00a0Minuten"},"schema":{"@context":"https:\/\/schema.org","@graph":[{"@type":"WebPage","@id":"https:\/\/apartman-villa-anica-rijeka.com\/it\/","url":"https:\/\/apartman-villa-anica-rijeka.com\/it\/","name":"(Hrvatski) Villa Anica - Apartman u Rijeci. +385 91 5297 797 - Apartmani Rijeka","isPartOf":{"@id":"https:\/\/apartman-villa-anica-rijeka.com\/it\/#website"},"datePublished":"2016-11-02T17:22:20+00:00","dateModified":"2024-01-19T12:57:18+00:00","description":"(Hrvatski) Villa Anica je apartman u Rijeci, smje\u0161ten u naselju Pe\u0107ine, a nudi ugodan i povoljan privatni smje\u0161taj za do 4 osobe. Adresa: J.P. Kamova 56 ( Pe\u0107ine ) - Apartmani Rijeka.","breadcrumb":{"@id":"https:\/\/apartman-villa-anica-rijeka.com\/it\/#breadcrumb"},"inLanguage":"de","potentialAction":[{"@type":"ReadAction","target":["https:\/\/apartman-villa-anica-rijeka.com\/it\/"]}]},{"@type":"BreadcrumbList","@id":"https:\/\/apartman-villa-anica-rijeka.com\/it\/#breadcrumb","itemListElement":[{"@type":"ListItem","position":1,"name":"Po\u010detna stranica","item":"https:\/\/apartman-villa-anica-rijeka.com\/it\/"},{"@type":"ListItem","position":2,"name":"Benvenuti a Villa Anica \u2013 l&#8217;appartamento a Rijeka &#8211; Fiume"}]},{"@type":"WebSite","@id":"https:\/\/apartman-villa-anica-rijeka.com\/it\/#website","url":"https:\/\/apartman-villa-anica-rijeka.com\/it\/","name":"Villa Anica, Rijeka | Apartman u Rijeci, Pe\u0107ine","description":"(English) Samo jo\u0161 jedna WordPress web stranica","potentialAction":[{"@type":"SearchAction","target":{"@type":"EntryPoint","urlTemplate":"https:\/\/apartman-villa-anica-rijeka.com\/it\/?s={search_term_string}"},"query-input":{"@type":"PropertyValueSpecification","valueRequired":true,"valueName":"search_term_string"}}],"inLanguage":"de"}]}},"_links":{"self":[{"href":"https:\/\/apartman-villa-anica-rijeka.com\/de\/wp-json\/wp\/v2\/pages\/2","targetHints":{"allow":["GET"]}}],"collection":[{"href":"https:\/\/apartman-villa-anica-rijeka.com\/de\/wp-json\/wp\/v2\/pages"}],"about":[{"href":"https:\/\/apartman-villa-anica-rijeka.com\/de\/wp-json\/wp\/v2\/types\/page"}],"author":[{"embeddable":true,"href":"https:\/\/apartman-villa-anica-rijeka.com\/de\/wp-json\/wp\/v2\/users\/1"}],"replies":[{"embeddable":true,"href":"https:\/\/apartman-villa-anica-rijeka.com\/de\/wp-json\/wp\/v2\/comments?post=2"}],"version-history":[{"count":90,"href":"https:\/\/apartman-villa-anica-rijeka.com\/de\/wp-json\/wp\/v2\/pages\/2\/revisions"}],"predecessor-version":[{"id":794,"href":"https:\/\/apartman-villa-anica-rijeka.com\/de\/wp-json\/wp\/v2\/pages\/2\/revisions\/794"}],"wp:attachment":[{"href":"https:\/\/apartman-villa-anica-rijeka.com\/de\/wp-json\/wp\/v2\/media?parent=2"}],"curies":[{"name":"wp","href":"https:\/\/api.w.org\/{rel}","templated":true}]}}