{"id":231,"date":"2017-02-15T13:27:09","date_gmt":"2017-02-15T12:27:09","guid":{"rendered":"http:\/\/apartman-villa-anica-rijeka.com\/wordpress\/?page_id=231"},"modified":"2018-02-05T20:57:53","modified_gmt":"2018-02-05T19:57:53","slug":"apartman-villa-anica-o-rijeci","status":"publish","type":"page","link":"https:\/\/apartman-villa-anica-rijeka.com\/de\/apartman-villa-anica-o-rijeci\/","title":{"rendered":"Ferienwohnung Villa Anica &#8211; \u00fcber Rijeka"},"content":{"rendered":"<p><\/p>\n<div id=\"o-apartmanu-wrapper\">\n<div id=\"o-apartmanu-inner\">\n<p>Es gibt sicherlich viele Gr\u00fcnde, warum Rijeka die einzige kroatische Stadt, die drei Museen in Italien hat: Archiv und Geschichtsmuseum von Rijeka in Rom, D&#8217;Annunzios Vittoriale am Gardasee, und das Museum der dalmatinischen, rijekas und istrischen Kultur in Triest. Um die Sch\u00f6nheit dieser Stadt und \u00e4u\u00dferst komplizierte Geschichte zu verstehen, sollte man langsam Eindrucke aufnehmen und sich mehrere Tage f\u00fcr Wanderungen und Forschung nehmen, f\u00fcr den Abstieg zum Meer, aber auch den Aufstieg zur <b>Burg von Trsat und der Kirche Der Mutter Gottes von Trsat.<\/b>.<\/p>\nngg_shortcode_4_placeholder\n<p>Der Ire &#8211; und kroatischer Patriot! &#8211; Laval Nugent, einer von nur drei Feldmarschallen der Habsburgermonarchie in der Mitte des 19. Jahrhunderts, baute das alte Kastell neu auf und gr\u00fcndete dort das erste Museum in Kroatien im Jahre 1843 mit den Werken von Leonardo da Vinci, Giorgione, Tizian, Paolo Veronese, Tintoretto &#8230; &#8211; davon wurden achtzig Werke im <b>Museum f\u00fcr Seewesen (Gouverneurspalast)<\/b> erhalten. Im Kastell sind zwei <b>Metalldrachen<\/b>, die von Anton Dominik von Fernkorn, dem gr\u00f6\u00dften Bildhauer des 19. Jahrhunderts, gemacht wurden.<\/p>\n<p>Auf der anderen Seite, die <b>Kirche Der Muttergottes von Trsat<\/b>, unabh\u00e4ngig von ihrer bescheidenen Architektur ist eine der wichtigsten Kirchen im Katholizismus. Laut legend\u00e4rer \u00dcbertragung wurde die Kirche an der Stelle errichtet, wo sich mal das Haus von Nazareth f\u00fcr einige Zeit befand, das von Engeln aus dem Heiligen Land \u00fcbertragen wurde und in dem der Erzengel Gabriel der Jungfrau Maria verk\u00fcndete, dass sie Christus geb\u00e4ren werde! Heute befindet sich das Heilige Haus in Loreto, unweit von Ancona, und \u00fcber dem Haus wurde eine pr\u00e4chtige Kirche errichtet.<\/p>\n<p>Im Tresor der <b>Kirche Des Hl. Vid<\/b> kann man jedoch eine seltsame Krone von <b>Moretto<\/b> (Ein kleiner Schwarzer mit einem Turban), einen typischen Schmuck von Rijeka sehen.<\/p>\n<p><b>Das Theater<\/b> in Rijeka wurde von den Wiener Architekten Fellner und Helmer entworfen, als eines ihrer 53 Theater, und es ist m\u00f6glich \u00d6lgem\u00e4lde von Gustav Klimt, dem Sch\u00f6pfer des Jugendstils zu sehen. In diesem Theater trat auch die g\u00f6ttliche Sarah Bernard auf und auch D&#8217;Annunzio rezitierte 1907 seine Verse aus dem Schiff (Werk).<\/p>\n<p>Rijeka hat keine gro\u00dfen Pl\u00e4tze (Marktpl\u00e4tze) wegen seiner l\u00e4nglichen Form entlang der K\u00fcste, es hat aber ein Corso, die Hauptpromenade, die Pulsader der Stadt. Hunderte von Gesch\u00e4ften, Kaufh\u00e4usern, zahlreicher Caf\u00e9s und Restaurants machen die Stadt zu einem angenehmen Ort zur Unterhaltung und Entspannung.\n<\/p>\n<p>Der Hafen wurde von dem Franzosen Pascal projektiert, ebenso wie die H\u00e4fen in Marseille und Triest.<\/p>\n<p>Im Jahr 1912 lief das Passagierschiff <b>Carpathia<\/b>, auf einer regelm\u00e4\u00dfigen Linie nach New York aus und &#8211; unter den gegebenen Umst\u00e4nden &#8211; kam es als Erstes an die Reisenden der versunkenen <b>Titanic<\/b> zu retten! Von dieser ber\u00fchmtesten Schiffskatastrophe wurde eine Schwimmrettungsweste im <b>Museum f\u00fcr Seewesen aufbewahrt<\/b>.\n<\/p>\n<p>Heute kann man den Hafen, aber auch die ganze Stadt von einer zwei Kilometer langen Pier-Promenade erleben, die urspr\u00fcnglich den Namen der Kaiserin Maria Theresia trug.\n<\/p>\nngg_shortcode_5_placeholder<\/div>\n<\/div>\n<p><\/p>","protected":false},"excerpt":{"rendered":"<p>Es gibt sicherlich viele Gr\u00fcnde, warum Rijeka die einzige kroatische Stadt, die drei Museen in Italien hat: Archiv und Geschichtsmuseum von Rijeka in Rom, D&#8217;Annunzios Vittoriale am Gardasee, und das Museum der dalmatinischen, rijekas und istrischen Kultur in Triest. Um die Sch\u00f6nheit dieser Stadt und \u00e4u\u00dferst komplizierte Geschichte zu verstehen, sollte man langsam Eindrucke aufnehmen [&hellip;]<\/p>\n","protected":false},"author":1,"featured_media":0,"parent":0,"menu_order":0,"comment_status":"closed","ping_status":"closed","template":"","meta":{"ngg_post_thumbnail":0,"footnotes":""},"class_list":["post-231","page","type-page","status-publish","hentry","post"],"yoast_head":"<!-- This site is optimized with the Yoast SEO plugin v25.2 - https:\/\/yoast.com\/wordpress\/plugins\/seo\/ -->\n<title>Ferienwohnung Villa Anica - \u00fcber Rijeka - Villa Anica, Rijeka | Apartman u Rijeci, Pe\u0107ine<\/title>\n<meta name=\"robots\" content=\"index, follow, max-snippet:-1, max-image-preview:large, max-video-preview:-1\" \/>\n<link rel=\"canonical\" href=\"https:\/\/apartman-villa-anica-rijeka.com\/de\/apartman-villa-anica-o-rijeci\/\" \/>\n<meta property=\"og:locale\" content=\"de_DE\" \/>\n<meta property=\"og:type\" content=\"article\" \/>\n<meta property=\"og:title\" content=\"Ferienwohnung Villa Anica - \u00fcber Rijeka - Villa Anica, Rijeka | Apartman u Rijeci, Pe\u0107ine\" \/>\n<meta property=\"og:description\" content=\"Es gibt sicherlich viele Gr\u00fcnde, warum Rijeka die einzige kroatische Stadt, die drei Museen in Italien hat: Archiv und Geschichtsmuseum von Rijeka in Rom, D&#8217;Annunzios Vittoriale am Gardasee, und das Museum der dalmatinischen, rijekas und istrischen Kultur in Triest. Um die Sch\u00f6nheit dieser Stadt und \u00e4u\u00dferst komplizierte Geschichte zu verstehen, sollte man langsam Eindrucke aufnehmen [&hellip;]\" \/>\n<meta property=\"og:url\" content=\"https:\/\/apartman-villa-anica-rijeka.com\/de\/apartman-villa-anica-o-rijeci\/\" \/>\n<meta property=\"og:site_name\" content=\"Villa Anica, Rijeka | Apartman u Rijeci, Pe\u0107ine\" \/>\n<meta property=\"article:modified_time\" content=\"2018-02-05T19:57:53+00:00\" \/>\n<meta name=\"twitter:card\" content=\"summary_large_image\" \/>\n<meta name=\"twitter:label1\" content=\"Gesch\u00e4tzte Lesezeit\" \/>\n\t<meta name=\"twitter:data1\" content=\"12\u00a0Minuten\" \/>\n<script type=\"application\/ld+json\" class=\"yoast-schema-graph\">{\"@context\":\"https:\/\/schema.org\",\"@graph\":[{\"@type\":\"WebPage\",\"@id\":\"https:\/\/apartman-villa-anica-rijeka.com\/de\/apartman-villa-anica-o-rijeci\/\",\"url\":\"https:\/\/apartman-villa-anica-rijeka.com\/de\/apartman-villa-anica-o-rijeci\/\",\"name\":\"Ferienwohnung Villa Anica - \u00fcber Rijeka - Villa Anica, Rijeka | Apartman u Rijeci, Pe\u0107ine\",\"isPartOf\":{\"@id\":\"https:\/\/apartman-villa-anica-rijeka.com\/it\/#website\"},\"datePublished\":\"2017-02-15T12:27:09+00:00\",\"dateModified\":\"2018-02-05T19:57:53+00:00\",\"breadcrumb\":{\"@id\":\"https:\/\/apartman-villa-anica-rijeka.com\/de\/apartman-villa-anica-o-rijeci\/#breadcrumb\"},\"inLanguage\":\"de\",\"potentialAction\":[{\"@type\":\"ReadAction\",\"target\":[\"https:\/\/apartman-villa-anica-rijeka.com\/de\/apartman-villa-anica-o-rijeci\/\"]}]},{\"@type\":\"BreadcrumbList\",\"@id\":\"https:\/\/apartman-villa-anica-rijeka.com\/de\/apartman-villa-anica-o-rijeci\/#breadcrumb\",\"itemListElement\":[{\"@type\":\"ListItem\",\"position\":1,\"name\":\"Po\u010detna stranica\",\"item\":\"https:\/\/apartman-villa-anica-rijeka.com\/it\/\"},{\"@type\":\"ListItem\",\"position\":2,\"name\":\"Ferienwohnung Villa Anica &#8211; \u00fcber Rijeka\"}]},{\"@type\":\"WebSite\",\"@id\":\"https:\/\/apartman-villa-anica-rijeka.com\/it\/#website\",\"url\":\"https:\/\/apartman-villa-anica-rijeka.com\/it\/\",\"name\":\"Villa Anica, Rijeka | Apartman u Rijeci, Pe\u0107ine\",\"description\":\"(English) Samo jo\u0161 jedna WordPress web stranica\",\"potentialAction\":[{\"@type\":\"SearchAction\",\"target\":{\"@type\":\"EntryPoint\",\"urlTemplate\":\"https:\/\/apartman-villa-anica-rijeka.com\/it\/?s={search_term_string}\"},\"query-input\":{\"@type\":\"PropertyValueSpecification\",\"valueRequired\":true,\"valueName\":\"search_term_string\"}}],\"inLanguage\":\"de\"}]}<\/script>\n<!-- \/ Yoast SEO plugin. -->","yoast_head_json":{"title":"Ferienwohnung Villa Anica - \u00fcber Rijeka - Villa Anica, Rijeka | Apartman u Rijeci, Pe\u0107ine","robots":{"index":"index","follow":"follow","max-snippet":"max-snippet:-1","max-image-preview":"max-image-preview:large","max-video-preview":"max-video-preview:-1"},"canonical":"https:\/\/apartman-villa-anica-rijeka.com\/de\/apartman-villa-anica-o-rijeci\/","og_locale":"de_DE","og_type":"article","og_title":"Ferienwohnung Villa Anica - \u00fcber Rijeka - Villa Anica, Rijeka | Apartman u Rijeci, Pe\u0107ine","og_description":"Es gibt sicherlich viele Gr\u00fcnde, warum Rijeka die einzige kroatische Stadt, die drei Museen in Italien hat: Archiv und Geschichtsmuseum von Rijeka in Rom, D&#8217;Annunzios Vittoriale am Gardasee, und das Museum der dalmatinischen, rijekas und istrischen Kultur in Triest. Um die Sch\u00f6nheit dieser Stadt und \u00e4u\u00dferst komplizierte Geschichte zu verstehen, sollte man langsam Eindrucke aufnehmen [&hellip;]","og_url":"https:\/\/apartman-villa-anica-rijeka.com\/de\/apartman-villa-anica-o-rijeci\/","og_site_name":"Villa Anica, Rijeka | Apartman u Rijeci, Pe\u0107ine","article_modified_time":"2018-02-05T19:57:53+00:00","twitter_card":"summary_large_image","twitter_misc":{"Gesch\u00e4tzte Lesezeit":"12\u00a0Minuten"},"schema":{"@context":"https:\/\/schema.org","@graph":[{"@type":"WebPage","@id":"https:\/\/apartman-villa-anica-rijeka.com\/de\/apartman-villa-anica-o-rijeci\/","url":"https:\/\/apartman-villa-anica-rijeka.com\/de\/apartman-villa-anica-o-rijeci\/","name":"Ferienwohnung Villa Anica - \u00fcber Rijeka - Villa Anica, Rijeka | Apartman u Rijeci, Pe\u0107ine","isPartOf":{"@id":"https:\/\/apartman-villa-anica-rijeka.com\/it\/#website"},"datePublished":"2017-02-15T12:27:09+00:00","dateModified":"2018-02-05T19:57:53+00:00","breadcrumb":{"@id":"https:\/\/apartman-villa-anica-rijeka.com\/de\/apartman-villa-anica-o-rijeci\/#breadcrumb"},"inLanguage":"de","potentialAction":[{"@type":"ReadAction","target":["https:\/\/apartman-villa-anica-rijeka.com\/de\/apartman-villa-anica-o-rijeci\/"]}]},{"@type":"BreadcrumbList","@id":"https:\/\/apartman-villa-anica-rijeka.com\/de\/apartman-villa-anica-o-rijeci\/#breadcrumb","itemListElement":[{"@type":"ListItem","position":1,"name":"Po\u010detna stranica","item":"https:\/\/apartman-villa-anica-rijeka.com\/it\/"},{"@type":"ListItem","position":2,"name":"Ferienwohnung Villa Anica &#8211; \u00fcber Rijeka"}]},{"@type":"WebSite","@id":"https:\/\/apartman-villa-anica-rijeka.com\/it\/#website","url":"https:\/\/apartman-villa-anica-rijeka.com\/it\/","name":"Villa Anica, Rijeka | Apartman u Rijeci, Pe\u0107ine","description":"(English) Samo jo\u0161 jedna WordPress web stranica","potentialAction":[{"@type":"SearchAction","target":{"@type":"EntryPoint","urlTemplate":"https:\/\/apartman-villa-anica-rijeka.com\/it\/?s={search_term_string}"},"query-input":{"@type":"PropertyValueSpecification","valueRequired":true,"valueName":"search_term_string"}}],"inLanguage":"de"}]}},"_links":{"self":[{"href":"https:\/\/apartman-villa-anica-rijeka.com\/de\/wp-json\/wp\/v2\/pages\/231","targetHints":{"allow":["GET"]}}],"collection":[{"href":"https:\/\/apartman-villa-anica-rijeka.com\/de\/wp-json\/wp\/v2\/pages"}],"about":[{"href":"https:\/\/apartman-villa-anica-rijeka.com\/de\/wp-json\/wp\/v2\/types\/page"}],"author":[{"embeddable":true,"href":"https:\/\/apartman-villa-anica-rijeka.com\/de\/wp-json\/wp\/v2\/users\/1"}],"replies":[{"embeddable":true,"href":"https:\/\/apartman-villa-anica-rijeka.com\/de\/wp-json\/wp\/v2\/comments?post=231"}],"version-history":[{"count":16,"href":"https:\/\/apartman-villa-anica-rijeka.com\/de\/wp-json\/wp\/v2\/pages\/231\/revisions"}],"predecessor-version":[{"id":744,"href":"https:\/\/apartman-villa-anica-rijeka.com\/de\/wp-json\/wp\/v2\/pages\/231\/revisions\/744"}],"wp:attachment":[{"href":"https:\/\/apartman-villa-anica-rijeka.com\/de\/wp-json\/wp\/v2\/media?parent=231"}],"curies":[{"name":"wp","href":"https:\/\/api.w.org\/{rel}","templated":true}]}}