{"id":235,"date":"2017-02-15T13:54:21","date_gmt":"2017-02-15T12:54:21","guid":{"rendered":"http:\/\/apartman-villa-anica-rijeka.com\/wordpress\/?page_id=235"},"modified":"2018-11-08T18:04:58","modified_gmt":"2018-11-08T17:04:58","slug":"apartman-villa-anica-okolica-grada-rijeke","status":"publish","type":"page","link":"https:\/\/apartman-villa-anica-rijeka.com\/de\/apartman-villa-anica-okolica-grada-rijeke\/","title":{"rendered":"Ferienwohnung Villa Anica &#8211; Umgebung Rijeka"},"content":{"rendered":"<p><\/p>\n<div id=\"o-apartmanu-wrapper\">\n<div id=\"o-apartmanu-inner\">\n<p class=\"uvod\">Aufgrund der Lage ist Rijeka die perfekte Basis, um all die Vielfalt zu entdecken, die die Stadt umgibt; in einer kurzen Zeit kann man die verschiedensten Gebiete erkunden \u2013 zu Fu\u00df spazieren gehen entlang der Promenade in sch\u00f6nem Opatija, im Winter auf Platak in der N\u00e4he von Rijeka Ski fahren, Istrische Tr\u00fcffel kosten, zu Fu\u00df die W\u00e4lder und die umliegenden Inseln erkunden, unsere sch\u00f6nsten Nationalparks bewundern&#8230;<\/p>\n<h2 class=\"latin\">Ferienwohnung Villa Anica Rijeka empfiehlt:<\/h2>\n<div id=\"okolica-map-wrapper\">\n    <style>.gm-style-iw { line-height: inherit !important;}<\/style><div class=\"wpgmp_map_container wpgmp-map-2\" rel=\"map2\" data-plugin-version=\"4.7.4\"><div class=\"wpgmp_map_parent\"><div class=\"wpgmp_map \" style=\"width:100%; height:400px;\" id=\"map2\" data-map-id=\"2\"><\/div><\/div><\/div><script id=\"script-map-data-2\">jQuery(document).ready(function($){ window.wpgmp = window.wpgmp || {}; window.wpgmp.mapdata2 = \"eyJtYXBfb3B0aW9ucyI6eyJjZW50ZXJfbGF0IjoiNDUuMzE5Mzc5MiIsImNlbnRlcl9sbmciOiIxNC40NjQ5MzMyOTk5OTk5ODQiLCJ6b29tIjo4LCJtYXBfdHlwZV9pZCI6IkhZQlJJRCIsImZpdF9ib3VuZHMiOmZhbHNlLCJkcmFnZ2FibGUiOnRydWUsInNjcm9sbF93aGVlbCI6ZmFsc2UsImRpc3BsYXlfNDVfaW1hZ2VyeSI6IiIsIm1hcmtlcl9kZWZhdWx0X2ljb24iOiJodHRwczpcL1wvYXBhcnRtYW4tdmlsbGEtYW5pY2EtcmlqZWthLmNvbVwvd29yZHByZXNzXC93cC1jb250ZW50XC9wbHVnaW5zXC93cC1nb29nbGUtbWFwLXBsdWdpblwvYXNzZXRzXC9pbWFnZXNcL2RlZmF1bHRfbWFya2VyLnBuZyIsImluZm93aW5kb3dfc2V0dGluZyI6IiIsImluZm93aW5kb3dfYm91bmNlX2FuaW1hdGlvbiI6IiIsImluZm93aW5kb3dfZHJvcF9hbmltYXRpb24iOmZhbHNlLCJjbG9zZV9pbmZvd2luZG93X29uX21hcF9jbGljayI6ZmFsc2UsImluZm93aW5kb3dfc2tpbiI6IiIsImRlZmF1bHRfaW5mb3dpbmRvd19vcGVuIjpmYWxzZSwiaW5mb3dpbmRvd19vcGVuX2V2ZW50IjoiY2xpY2siLCJmdWxsX3NjcmVlbl9jb250cm9sIjp0cnVlLCJjYW1lcmFfY29udHJvbCI6ZmFsc2UsInNlYXJjaF9jb250cm9sIjp0cnVlLCJ6b29tX2NvbnRyb2wiOmZhbHNlLCJtYXBfdHlwZV9jb250cm9sIjpmYWxzZSwic3RyZWV0X3ZpZXdfY29udHJvbCI6ZmFsc2UsImZ1bGxfc2NyZWVuX2NvbnRyb2xfcG9zaXRpb24iOiJUT1BfUklHSFQiLCJjYW1lcmFfY29udHJvbF9wb3NpdGlvbiI6IlRPUF9SSUdIVCIsInNlYXJjaF9jb250cm9sX3Bvc2l0aW9uIjoiVE9QX0xFRlQiLCJ6b29tX2NvbnRyb2xfcG9zaXRpb24iOiJUT1BfTEVGVCIsIm1hcF90eXBlX2NvbnRyb2xfcG9zaXRpb24iOiJUT1BfUklHSFQiLCJtYXBfdHlwZV9jb250cm9sX3N0eWxlIjoiSE9SSVpPTlRBTF9CQVIiLCJzdHJlZXRfdmlld19jb250cm9sX3Bvc2l0aW9uIjoiVE9QX0xFRlQiLCJtYXBfY29udHJvbCI6dHJ1ZSwibWFwX2NvbnRyb2xfc2V0dGluZ3MiOmZhbHNlLCJtYXBfem9vbV9hZnRlcl9zZWFyY2giOjYsIndpZHRoIjoiMTAwJSIsImhlaWdodCI6IjQwMCJ9LCJwbGFjZXMiOlt7ImlkIjoiMiIsInRpdGxlIjoiQXBhcnRtYW4gVmlsbGEgQW5pY2EgUmlqZWthIiwiYWRkcmVzcyI6IlVsaWNhIEphbmthIFBvbGlcdTAxMDdhIEthbW92YSA1NiwgUmlqZWthLCBDcm9hdGlhIiwic291cmNlIjoibWFudWFsIiwiY29udGVudCI6IjxoMyBjbGFzcz1cIm1hcC1pbmZvLXRpdGxlXCI+QXBhcnRtYW4gVmlsbGEgQW5pY2EgLSBSaWpla2E8XC9oMz5cclxuPGEgIGNsYXNzPVwibWFwLWluZm8tbGlua1wiIGhyZWY9XCJodHRwOlwvXC9hcGFydG1hbi12aWxsYS1hbmljYS1yaWpla2EuY29tXCIgdGFyZ2V0PVwiX2JsYW5rXCI+YXBhcnRtYW4tdmlsbGEtYW5pY2EtcmlqZWthLmNvbTxcL2E+XHJcbjxpbWcgY2xhc3M9XCJtYXAtcGhvdG9cIiBzcmM9XCJodHRwOlwvXC9hcGFydG1hbi12aWxsYS1hbmljYS1yaWpla2EuY29tXC93b3JkcHJlc3NcL3dwLWNvbnRlbnRcL3VwbG9hZHNcLzIwMTZcLzExXC9hcGFydG1hbi1yaWpla2EtdmlsbGEtYW5pY2EtcGVjaW5lLXVsYXotcmVzLmpwZ1wiPiIsImxvY2F0aW9uIjp7Imljb24iOiJodHRwczpcL1wvYXBhcnRtYW4tdmlsbGEtYW5pY2EtcmlqZWthLmNvbVwvd29yZHByZXNzXC93cC1jb250ZW50XC91cGxvYWRzXC8yMDE3XC8wMlwvbWFwLXBpbi1yZWQucG5nIiwibGF0IjoiNDUuMzE5Mzc5MiIsImxuZyI6IjE0LjQ2NDkzMzI5OTk5OTk4NCIsImNpdHkiOiJSaWpla2EiLCJzdGF0ZSI6IlByaW1vcnNrby1nb3JhbnNrYSBcdTAxN2V1cGFuaWphIiwiY291bnRyeSI6IkNyb2F0aWEiLCJvbmNsaWNrX2FjdGlvbiI6Im1hcmtlciIsInJlZGlyZWN0X2N1c3RvbV9saW5rIjoiIiwibWFya2VyX2ltYWdlIjoiIiwib3Blbl9uZXdfdGFiIjoieWVzIiwicG9zdGFsX2NvZGUiOiI1MTAwMCIsImRyYWdnYWJsZSI6ZmFsc2UsImluZm93aW5kb3dfZGVmYXVsdF9vcGVuIjpmYWxzZSwiYW5pbWF0aW9uIjoiRFJPUCIsImluZm93aW5kb3dfZGlzYWJsZSI6dHJ1ZSwiem9vbSI6NSwiZXh0cmFfZmllbGRzIjoiIn0sImNhdGVnb3JpZXMiOlt7ImlkIjoiMiIsIm5hbWUiOiJWaWxsYSBBbmljYSIsInR5cGUiOiJjYXRlZ29yeSIsImV4dGVuc2lvbl9maWVsZHMiOltdLCJpY29uIjoiaHR0cHM6XC9cL2FwYXJ0bWFuLXZpbGxhLWFuaWNhLXJpamVrYS5jb21cL3dvcmRwcmVzc1wvd3AtY29udGVudFwvdXBsb2Fkc1wvMjAxN1wvMDJcL21hcC1waW4tcmVkLnBuZyJ9XSwiY3VzdG9tX2ZpbHRlcnMiOiIifSx7ImlkIjoiMyIsInRpdGxlIjoiUGxpdHZpY2UiLCJhZGRyZXNzIjoiUGxpdHZpXHUwMTBka2EgSmV6ZXJhLCBDcm9hdGlhIiwic291cmNlIjoibWFudWFsIiwiY29udGVudCI6IjxoMyBjbGFzcz1cIm1hcC1pbmZvLXRpdGxlIGxhdGluXCI+TmFjaW9uYWxuaSBwYXJrIFBsaXR2aTxzcGFuPlx1MDEwZDxcL3NwYW4+a2EgamV6ZXJhPFwvaDM+XHJcbjxhICBjbGFzcz1cIm1hcC1pbmZvLWxpbmtcIiBocmVmPVwiaHR0cDpcL1wvd3d3Lm5wLXBsaXR2aWNrYS1qZXplcmEuaHJcL1wiIHRhcmdldD1cIl9ibGFua1wiPm5wLXBsaXR2aWNrYS1qZXplcmEuaHI8XC9hPlxyXG48aW1nIGNsYXNzPVwibWFwLXBob3RvXCIgc3JjPVwiaHR0cDpcL1wvYXBhcnRtYW4tdmlsbGEtYW5pY2EtcmlqZWthLmNvbVwvd29yZHByZXNzXC93cC1jb250ZW50XC91cGxvYWRzXC8yMDE3XC8wMlwvb2tvbGljYS1yaWpla2UtYXBhcnRtYW4tYW5pY2EtcGxpdHZpY2UuanBnXCI+IiwibG9jYXRpb24iOnsiaWNvbiI6Imh0dHBzOlwvXC9hcGFydG1hbi12aWxsYS1hbmljYS1yaWpla2EuY29tXC93b3JkcHJlc3NcL3dwLWNvbnRlbnRcL3VwbG9hZHNcLzIwMTdcLzAyXC9tYXAtcGluLWJsdWUucG5nIiwibGF0IjoiNDQuODgwNzY5NiIsImxuZyI6IjE1LjYyMTA4MzY5OTk5OTk4NiIsImNpdHkiOiJQbGl0dmlcdTAxMGRrYSBKZXplcmEiLCJzdGF0ZSI6IkxpXHUwMTBka28tc2VuanNrYSBcdTAxN2V1cGFuaWphIiwiY291bnRyeSI6IkNyb2F0aWEiLCJvbmNsaWNrX2FjdGlvbiI6Im1hcmtlciIsInJlZGlyZWN0X2N1c3RvbV9saW5rIjoiIiwibWFya2VyX2ltYWdlIjoiIiwib3Blbl9uZXdfdGFiIjoieWVzIiwicG9zdGFsX2NvZGUiOiI1MzIzMSIsImRyYWdnYWJsZSI6ZmFsc2UsImluZm93aW5kb3dfZGVmYXVsdF9vcGVuIjpmYWxzZSwiYW5pbWF0aW9uIjoiRFJPUCIsImluZm93aW5kb3dfZGlzYWJsZSI6dHJ1ZSwiem9vbSI6NSwiZXh0cmFfZmllbGRzIjoiIn0sImNhdGVnb3JpZXMiOlt7ImlkIjoiMyIsIm5hbWUiOiJPa29saWNhIiwidHlwZSI6ImNhdGVnb3J5IiwiZXh0ZW5zaW9uX2ZpZWxkcyI6W10sImljb24iOiJodHRwczpcL1wvYXBhcnRtYW4tdmlsbGEtYW5pY2EtcmlqZWthLmNvbVwvd29yZHByZXNzXC93cC1jb250ZW50XC91cGxvYWRzXC8yMDE3XC8wMlwvbWFwLXBpbi1ibHVlLnBuZyJ9XSwiY3VzdG9tX2ZpbHRlcnMiOiIifSx7ImlkIjoiNCIsInRpdGxlIjoiQnJpanVuaSIsImFkZHJlc3MiOiJCcmlqdW5pLCBQdWxhLCBDcm9hdGlhIiwic291cmNlIjoibWFudWFsIiwiY29udGVudCI6IjxoMyBjbGFzcz1cIm1hcC1pbmZvLXRpdGxlXCI+TmFjaW9uYWxuaSBwYXJrIEJyaWp1bmk8XC9oMz5cclxuPGEgIGNsYXNzPVwibWFwLWluZm8tbGlua1wiIGhyZWY9XCJodHRwOlwvXC93d3cubnAtYnJpanVuaS5oclwvXCIgdGFyZ2V0PVwiX2JsYW5rXCI+bnAtYnJpanVuaS5ocjxcL2E+XHJcbjxpbWcgY2xhc3M9XCJtYXAtcGhvdG9cIiBzcmM9XCJodHRwOlwvXC9hcGFydG1hbi12aWxsYS1hbmljYS1yaWpla2EuY29tXC93b3JkcHJlc3NcL3dwLWNvbnRlbnRcL3VwbG9hZHNcLzIwMTdcLzAyXC9va29saWNhLXJpamVrZS1hcGFydG1hbi1hbmljYS1icmlqdW5pLmpwZ1wiPiIsImxvY2F0aW9uIjp7Imljb24iOiJodHRwczpcL1wvYXBhcnRtYW4tdmlsbGEtYW5pY2EtcmlqZWthLmNvbVwvd29yZHByZXNzXC93cC1jb250ZW50XC91cGxvYWRzXC8yMDE3XC8wMlwvbWFwLXBpbi1ibHVlLnBuZyIsImxhdCI6IjQ0LjkxNTY4NiIsImxuZyI6IjEzLjc1NDQwMTQ5OTk5OTk3MiIsImNpdHkiOiIiLCJzdGF0ZSI6IiIsImNvdW50cnkiOiJDcm9hdGlhIiwib25jbGlja19hY3Rpb24iOiJtYXJrZXIiLCJyZWRpcmVjdF9jdXN0b21fbGluayI6IiIsIm1hcmtlcl9pbWFnZSI6IiIsIm9wZW5fbmV3X3RhYiI6InllcyIsInBvc3RhbF9jb2RlIjoiIiwiZHJhZ2dhYmxlIjpmYWxzZSwiaW5mb3dpbmRvd19kZWZhdWx0X29wZW4iOmZhbHNlLCJhbmltYXRpb24iOiJEUk9QIiwiaW5mb3dpbmRvd19kaXNhYmxlIjp0cnVlLCJ6b29tIjo1LCJleHRyYV9maWVsZHMiOiIifSwiY2F0ZWdvcmllcyI6W3siaWQiOiIzIiwibmFtZSI6Ik9rb2xpY2EiLCJ0eXBlIjoiY2F0ZWdvcnkiLCJleHRlbnNpb25fZmllbGRzIjpbXSwiaWNvbiI6Imh0dHBzOlwvXC9hcGFydG1hbi12aWxsYS1hbmljYS1yaWpla2EuY29tXC93b3JkcHJlc3NcL3dwLWNvbnRlbnRcL3VwbG9hZHNcLzIwMTdcLzAyXC9tYXAtcGluLWJsdWUucG5nIn1dLCJjdXN0b21fZmlsdGVycyI6IiJ9LHsiaWQiOiI1IiwidGl0bGUiOiJVXHUwMTBka2EiLCJhZGRyZXNzIjoiVVx1MDEwZGthIE5hdHVyZSBQYXJrLCBMaWdhbmosIENyb2F0aWEiLCJzb3VyY2UiOiJtYW51YWwiLCJjb250ZW50IjoiPGgzIGNsYXNzPVwibWFwLWluZm8tdGl0bGUgbGF0aW5cIj5QYXJrIHByaXJvZGUgVTxzcGFuPlx1MDEwZDxcL3NwYW4+a2E8XC9oMz5cclxuPGEgIGNsYXNzPVwibWFwLWluZm8tbGlua1wiIGhyZWY9XCJodHRwOlwvXC93d3cucHAtdWNrYS5oclwvXCIgdGFyZ2V0PVwiX2JsYW5rXCI+cHAtdWNrYS5ocjxcL2E+XHJcbjxpbWcgY2xhc3M9XCJtYXAtcGhvdG9cIiBzcmM9XCJodHRwOlwvXC9hcGFydG1hbi12aWxsYS1hbmljYS1yaWpla2EuY29tXC93b3JkcHJlc3NcL3dwLWNvbnRlbnRcL3VwbG9hZHNcLzIwMTdcLzAyXC9va29saWNhLXJpamVrZS1hcGFydG1hbi1hbmljYS11Y2thLmpwZ1wiPiIsImxvY2F0aW9uIjp7Imljb24iOiJodHRwczpcL1wvYXBhcnRtYW4tdmlsbGEtYW5pY2EtcmlqZWthLmNvbVwvd29yZHByZXNzXC93cC1jb250ZW50XC91cGxvYWRzXC8yMDE3XC8wMlwvbWFwLXBpbi1ibHVlLnBuZyIsImxhdCI6IjQ1LjI5OTM2OTMiLCJsbmciOiIxNC4yMTU5MTA2MDAwMDAwMyIsImNpdHkiOiJMaWdhbmoiLCJzdGF0ZSI6IlByaW1vcmplLUdvcnNraSBLb3RhciBDb3VudHkiLCJjb3VudHJ5IjoiQ3JvYXRpYSIsIm9uY2xpY2tfYWN0aW9uIjoibWFya2VyIiwicmVkaXJlY3RfY3VzdG9tX2xpbmsiOiIiLCJtYXJrZXJfaW1hZ2UiOiIiLCJvcGVuX25ld190YWIiOiJ5ZXMiLCJwb3N0YWxfY29kZSI6IjUxNDE1IiwiZHJhZ2dhYmxlIjpmYWxzZSwiaW5mb3dpbmRvd19kZWZhdWx0X29wZW4iOmZhbHNlLCJhbmltYXRpb24iOiJEUk9QIiwiaW5mb3dpbmRvd19kaXNhYmxlIjp0cnVlLCJ6b29tIjo1LCJleHRyYV9maWVsZHMiOiIifSwiY2F0ZWdvcmllcyI6W3siaWQiOiIzIiwibmFtZSI6Ik9rb2xpY2EiLCJ0eXBlIjoiY2F0ZWdvcnkiLCJleHRlbnNpb25fZmllbGRzIjpbXSwiaWNvbiI6Imh0dHBzOlwvXC9hcGFydG1hbi12aWxsYS1hbmljYS1yaWpla2EuY29tXC93b3JkcHJlc3NcL3dwLWNvbnRlbnRcL3VwbG9hZHNcLzIwMTdcLzAyXC9tYXAtcGluLWJsdWUucG5nIn1dLCJjdXN0b21fZmlsdGVycyI6IiJ9LHsiaWQiOiI2IiwidGl0bGUiOiJSaXNuamFrIiwiYWRkcmVzcyI6Ik5hY2lvbmFsbmkgcGFyayBSaXNuamFrLCBMZXNrYSwgQ3JvYXRpYSIsInNvdXJjZSI6Im1hbnVhbCIsImNvbnRlbnQiOiI8aDMgY2xhc3M9XCJtYXAtaW5mby10aXRsZVwiPk5hY2lvbmFsbmkgcGFyayBSaXNuamFrPFwvaDM+XHJcbjxhICBjbGFzcz1cIm1hcC1pbmZvLWxpbmtcIiBocmVmPVwiaHR0cDpcL1wvbnAtcmlzbmphay5oclwvXCIgdGFyZ2V0PVwiX2JsYW5rXCI+bnAtcmlzbmphay5ocjxcL2E+XHJcbjxpbWcgY2xhc3M9XCJtYXAtcGhvdG9cIiBzcmM9XCJodHRwOlwvXC9hcGFydG1hbi12aWxsYS1hbmljYS1yaWpla2EuY29tXC93b3JkcHJlc3NcL3dwLWNvbnRlbnRcL3VwbG9hZHNcLzIwMTdcLzAyXC9va29saWNhLXJpamVrZS1hcGFydG1hbi1hbmljYS1yaXNuamFrLmpwZ1wiPiIsImxvY2F0aW9uIjp7Imljb24iOiJodHRwczpcL1wvYXBhcnRtYW4tdmlsbGEtYW5pY2EtcmlqZWthLmNvbVwvd29yZHByZXNzXC93cC1jb250ZW50XC91cGxvYWRzXC8yMDE3XC8wMlwvbWFwLXBpbi1ibHVlLnBuZyIsImxhdCI6IjQ1LjQzMjcyMTEiLCJsbmciOiIxNC42Mzk5Mzg0OTk5OTk5NzEiLCJjaXR5IjoiQ3JuaSBMdWciLCJzdGF0ZSI6IlByaW1vcnNrby1nb3JhbnNrYSBcdTAxN2V1cGFuaWphIiwiY291bnRyeSI6IkNyb2F0aWEiLCJvbmNsaWNrX2FjdGlvbiI6Im1hcmtlciIsInJlZGlyZWN0X2N1c3RvbV9saW5rIjoiIiwibWFya2VyX2ltYWdlIjoiIiwib3Blbl9uZXdfdGFiIjoieWVzIiwicG9zdGFsX2NvZGUiOiI1MTMxNyIsImRyYWdnYWJsZSI6ZmFsc2UsImluZm93aW5kb3dfZGVmYXVsdF9vcGVuIjpmYWxzZSwiYW5pbWF0aW9uIjoiRFJPUCIsImluZm93aW5kb3dfZGlzYWJsZSI6dHJ1ZSwiem9vbSI6NSwiZXh0cmFfZmllbGRzIjoiIn0sImNhdGVnb3JpZXMiOlt7ImlkIjoiMyIsIm5hbWUiOiJPa29saWNhIiwidHlwZSI6ImNhdGVnb3J5IiwiZXh0ZW5zaW9uX2ZpZWxkcyI6W10sImljb24iOiJodHRwczpcL1wvYXBhcnRtYW4tdmlsbGEtYW5pY2EtcmlqZWthLmNvbVwvd29yZHByZXNzXC93cC1jb250ZW50XC91cGxvYWRzXC8yMDE3XC8wMlwvbWFwLXBpbi1ibHVlLnBuZyJ9XSwiY3VzdG9tX2ZpbHRlcnMiOiIifV0sInN0eWxlcyI6IiIsImxpc3RpbmciOiIiLCJtYXJrZXJfY2x1c3RlciI6IiIsIm1hcF9wcm9wZXJ0eSI6eyJtYXBfaWQiOiIyIiwiZGVidWdfbW9kZSI6ZmFsc2V9fQ==\"; });<\/script>\n  <\/div>\n<div id=\"okolica-links-wrapper\">\n<div id=\"okolica-links-wrapper\">\n<a href=\"http:\/\/www.pp-ucka.hr\/\" title=\"Naturpark U\u010dka\" target=\"_blank\"><img decoding=\"async\" src=\"\/wordpress\/wp-content\/uploads\/2017\/02\/okolica-rijeke-apartman-anica-ucka.jpg\" title=\"Naturpark U\u010dka\" alt=\"Ferienwohnung Villa Anica Rijeka empfiehlt: Naturpark U\u010dka\"><span>U\u010dka<\/span><\/a><br \/>\n<a href=\"http:\/\/np-risnjak.hr\/\" title=\"Nationalpark Risnjak\" target=\"_blank\"><img decoding=\"async\" src=\"\/wordpress\/wp-content\/uploads\/2017\/02\/okolica-rijeke-apartman-anica-risnjak.jpg\" title=\"Nationalpark Risnjak\" alt=\"Ferienwohnung Villa Anica Rijeka empfiehlt: Nationalpark Risnjak\"><span>Risnjak<\/span><\/a><br \/>\n<a href=\"http:\/\/www.np-plitvicka-jezera.hr\/\" title=\"Nationalpark Plitvicer Seen\" target=\"_blank\"><img decoding=\"async\" src=\"\/wordpress\/wp-content\/uploads\/2017\/02\/okolica-rijeke-apartman-anica-plitvice.jpg\" title=\"Nationalpark Plitvicer Seen\" alt=\"Ferienwohnung Villa Anica Rijeka empfiehlt: Nationalpark Plitvicer Seen\"><span>Plitvicer Seen<\/span><\/a><br \/>\n<a href=\"http:\/\/www.np-brijuni.hr\/\" title=\"Nationalpark Brijuni\" target=\"_blank\"><img decoding=\"async\" src=\"\/wordpress\/wp-content\/uploads\/2017\/02\/okolica-rijeke-apartman-anica-brijuni.jpg\" title=\"Nationalpark Brijuni\" alt=\"Ferienwohnung Villa Anica Rijeka empfiehlt: Nationalpark Brijuni\"><span>Brijuni<\/span><\/a><\/p>\n<div class=\"clearfix\"><\/div>\n<\/p><\/div>\n<\/p><\/div>\n<\/div>\n<\/div>\n<p>  <\/p>","protected":false},"excerpt":{"rendered":"<p>Aufgrund der Lage ist Rijeka die perfekte Basis, um all die Vielfalt zu entdecken, die die Stadt umgibt; in einer kurzen Zeit kann man die verschiedensten Gebiete erkunden \u2013 zu Fu\u00df spazieren gehen entlang der Promenade in sch\u00f6nem Opatija, im Winter auf Platak in der N\u00e4he von Rijeka Ski fahren, Istrische Tr\u00fcffel kosten, zu Fu\u00df [&hellip;]<\/p>\n","protected":false},"author":1,"featured_media":0,"parent":0,"menu_order":0,"comment_status":"closed","ping_status":"closed","template":"","meta":{"ngg_post_thumbnail":0,"footnotes":""},"class_list":["post-235","page","type-page","status-publish","hentry","post"],"yoast_head":"<!-- This site is optimized with the Yoast SEO plugin v25.2 - https:\/\/yoast.com\/wordpress\/plugins\/seo\/ -->\n<title>Ferienwohnung Villa Anica - Umgebung Rijeka - Villa Anica, Rijeka | Apartman u Rijeci, Pe\u0107ine<\/title>\n<meta name=\"robots\" content=\"index, follow, max-snippet:-1, max-image-preview:large, max-video-preview:-1\" \/>\n<link rel=\"canonical\" href=\"https:\/\/apartman-villa-anica-rijeka.com\/apartman-villa-anica-okolica-grada-rijeke\/\" \/>\n<meta property=\"og:locale\" content=\"de_DE\" \/>\n<meta property=\"og:type\" content=\"article\" \/>\n<meta property=\"og:title\" content=\"Ferienwohnung Villa Anica - Umgebung Rijeka - Villa Anica, Rijeka | Apartman u Rijeci, Pe\u0107ine\" \/>\n<meta property=\"og:description\" content=\"Aufgrund der Lage ist Rijeka die perfekte Basis, um all die Vielfalt zu entdecken, die die Stadt umgibt; in einer kurzen Zeit kann man die verschiedensten Gebiete erkunden \u2013 zu Fu\u00df spazieren gehen entlang der Promenade in sch\u00f6nem Opatija, im Winter auf Platak in der N\u00e4he von Rijeka Ski fahren, Istrische Tr\u00fcffel kosten, zu Fu\u00df [&hellip;]\" \/>\n<meta property=\"og:url\" content=\"https:\/\/apartman-villa-anica-rijeka.com\/apartman-villa-anica-okolica-grada-rijeke\/\" \/>\n<meta property=\"og:site_name\" content=\"Villa Anica, Rijeka | Apartman u Rijeci, Pe\u0107ine\" \/>\n<meta property=\"article:modified_time\" content=\"2018-11-08T17:04:58+00:00\" \/>\n<meta name=\"twitter:card\" content=\"summary_large_image\" \/>\n<meta name=\"twitter:label1\" content=\"Gesch\u00e4tzte Lesezeit\" \/>\n\t<meta name=\"twitter:data1\" content=\"2\u00a0Minuten\" \/>\n<script type=\"application\/ld+json\" class=\"yoast-schema-graph\">{\"@context\":\"https:\/\/schema.org\",\"@graph\":[{\"@type\":\"WebPage\",\"@id\":\"https:\/\/apartman-villa-anica-rijeka.com\/apartman-villa-anica-okolica-grada-rijeke\/\",\"url\":\"https:\/\/apartman-villa-anica-rijeka.com\/apartman-villa-anica-okolica-grada-rijeke\/\",\"name\":\"Ferienwohnung Villa Anica - Umgebung Rijeka - Villa Anica, Rijeka | Apartman u Rijeci, Pe\u0107ine\",\"isPartOf\":{\"@id\":\"https:\/\/apartman-villa-anica-rijeka.com\/it\/#website\"},\"datePublished\":\"2017-02-15T12:54:21+00:00\",\"dateModified\":\"2018-11-08T17:04:58+00:00\",\"breadcrumb\":{\"@id\":\"https:\/\/apartman-villa-anica-rijeka.com\/apartman-villa-anica-okolica-grada-rijeke\/#breadcrumb\"},\"inLanguage\":\"de\",\"potentialAction\":[{\"@type\":\"ReadAction\",\"target\":[\"https:\/\/apartman-villa-anica-rijeka.com\/apartman-villa-anica-okolica-grada-rijeke\/\"]}]},{\"@type\":\"BreadcrumbList\",\"@id\":\"https:\/\/apartman-villa-anica-rijeka.com\/apartman-villa-anica-okolica-grada-rijeke\/#breadcrumb\",\"itemListElement\":[{\"@type\":\"ListItem\",\"position\":1,\"name\":\"Po\u010detna stranica\",\"item\":\"https:\/\/apartman-villa-anica-rijeka.com\/it\/\"},{\"@type\":\"ListItem\",\"position\":2,\"name\":\"Apartman Villa Anica &#8211; Okolica grada Rijeke\"}]},{\"@type\":\"WebSite\",\"@id\":\"https:\/\/apartman-villa-anica-rijeka.com\/it\/#website\",\"url\":\"https:\/\/apartman-villa-anica-rijeka.com\/it\/\",\"name\":\"Villa Anica, Rijeka | Apartman u Rijeci, Pe\u0107ine\",\"description\":\"(English) Samo jo\u0161 jedna WordPress web stranica\",\"potentialAction\":[{\"@type\":\"SearchAction\",\"target\":{\"@type\":\"EntryPoint\",\"urlTemplate\":\"https:\/\/apartman-villa-anica-rijeka.com\/it\/?s={search_term_string}\"},\"query-input\":{\"@type\":\"PropertyValueSpecification\",\"valueRequired\":true,\"valueName\":\"search_term_string\"}}],\"inLanguage\":\"de\"}]}<\/script>\n<!-- \/ Yoast SEO plugin. -->","yoast_head_json":{"title":"Ferienwohnung Villa Anica - Umgebung Rijeka - Villa Anica, Rijeka | Apartman u Rijeci, Pe\u0107ine","robots":{"index":"index","follow":"follow","max-snippet":"max-snippet:-1","max-image-preview":"max-image-preview:large","max-video-preview":"max-video-preview:-1"},"canonical":"https:\/\/apartman-villa-anica-rijeka.com\/apartman-villa-anica-okolica-grada-rijeke\/","og_locale":"de_DE","og_type":"article","og_title":"Ferienwohnung Villa Anica - Umgebung Rijeka - Villa Anica, Rijeka | Apartman u Rijeci, Pe\u0107ine","og_description":"Aufgrund der Lage ist Rijeka die perfekte Basis, um all die Vielfalt zu entdecken, die die Stadt umgibt; in einer kurzen Zeit kann man die verschiedensten Gebiete erkunden \u2013 zu Fu\u00df spazieren gehen entlang der Promenade in sch\u00f6nem Opatija, im Winter auf Platak in der N\u00e4he von Rijeka Ski fahren, Istrische Tr\u00fcffel kosten, zu Fu\u00df [&hellip;]","og_url":"https:\/\/apartman-villa-anica-rijeka.com\/apartman-villa-anica-okolica-grada-rijeke\/","og_site_name":"Villa Anica, Rijeka | Apartman u Rijeci, Pe\u0107ine","article_modified_time":"2018-11-08T17:04:58+00:00","twitter_card":"summary_large_image","twitter_misc":{"Gesch\u00e4tzte Lesezeit":"2\u00a0Minuten"},"schema":{"@context":"https:\/\/schema.org","@graph":[{"@type":"WebPage","@id":"https:\/\/apartman-villa-anica-rijeka.com\/apartman-villa-anica-okolica-grada-rijeke\/","url":"https:\/\/apartman-villa-anica-rijeka.com\/apartman-villa-anica-okolica-grada-rijeke\/","name":"Ferienwohnung Villa Anica - Umgebung Rijeka - Villa Anica, Rijeka | Apartman u Rijeci, Pe\u0107ine","isPartOf":{"@id":"https:\/\/apartman-villa-anica-rijeka.com\/it\/#website"},"datePublished":"2017-02-15T12:54:21+00:00","dateModified":"2018-11-08T17:04:58+00:00","breadcrumb":{"@id":"https:\/\/apartman-villa-anica-rijeka.com\/apartman-villa-anica-okolica-grada-rijeke\/#breadcrumb"},"inLanguage":"de","potentialAction":[{"@type":"ReadAction","target":["https:\/\/apartman-villa-anica-rijeka.com\/apartman-villa-anica-okolica-grada-rijeke\/"]}]},{"@type":"BreadcrumbList","@id":"https:\/\/apartman-villa-anica-rijeka.com\/apartman-villa-anica-okolica-grada-rijeke\/#breadcrumb","itemListElement":[{"@type":"ListItem","position":1,"name":"Po\u010detna stranica","item":"https:\/\/apartman-villa-anica-rijeka.com\/it\/"},{"@type":"ListItem","position":2,"name":"Apartman Villa Anica &#8211; Okolica grada Rijeke"}]},{"@type":"WebSite","@id":"https:\/\/apartman-villa-anica-rijeka.com\/it\/#website","url":"https:\/\/apartman-villa-anica-rijeka.com\/it\/","name":"Villa Anica, Rijeka | Apartman u Rijeci, Pe\u0107ine","description":"(English) Samo jo\u0161 jedna WordPress web stranica","potentialAction":[{"@type":"SearchAction","target":{"@type":"EntryPoint","urlTemplate":"https:\/\/apartman-villa-anica-rijeka.com\/it\/?s={search_term_string}"},"query-input":{"@type":"PropertyValueSpecification","valueRequired":true,"valueName":"search_term_string"}}],"inLanguage":"de"}]}},"_links":{"self":[{"href":"https:\/\/apartman-villa-anica-rijeka.com\/de\/wp-json\/wp\/v2\/pages\/235","targetHints":{"allow":["GET"]}}],"collection":[{"href":"https:\/\/apartman-villa-anica-rijeka.com\/de\/wp-json\/wp\/v2\/pages"}],"about":[{"href":"https:\/\/apartman-villa-anica-rijeka.com\/de\/wp-json\/wp\/v2\/types\/page"}],"author":[{"embeddable":true,"href":"https:\/\/apartman-villa-anica-rijeka.com\/de\/wp-json\/wp\/v2\/users\/1"}],"replies":[{"embeddable":true,"href":"https:\/\/apartman-villa-anica-rijeka.com\/de\/wp-json\/wp\/v2\/comments?post=235"}],"version-history":[{"count":16,"href":"https:\/\/apartman-villa-anica-rijeka.com\/de\/wp-json\/wp\/v2\/pages\/235\/revisions"}],"predecessor-version":[{"id":767,"href":"https:\/\/apartman-villa-anica-rijeka.com\/de\/wp-json\/wp\/v2\/pages\/235\/revisions\/767"}],"wp:attachment":[{"href":"https:\/\/apartman-villa-anica-rijeka.com\/de\/wp-json\/wp\/v2\/media?parent=235"}],"curies":[{"name":"wp","href":"https:\/\/api.w.org\/{rel}","templated":true}]}}