{"id":77,"date":"2016-11-18T13:54:56","date_gmt":"2016-11-18T12:54:56","guid":{"rendered":"http:\/\/apartman-villa-anica-rijeka.com\/wordpress\/?page_id=77"},"modified":"2018-11-08T18:09:16","modified_gmt":"2018-11-08T17:09:16","slug":"apartman-villa-anica-rijeka-kontakt","status":"publish","type":"page","link":"https:\/\/apartman-villa-anica-rijeka.com\/de\/apartman-villa-anica-rijeka-kontakt\/","title":{"rendered":"Ferienwohnung Villa Anica Rijeka &#8211; Kontakt"},"content":{"rendered":"<p><\/p>\n<div id=\"contact-page-wrapper\">\n<div id=\"contact-page-inner\">\n<p class=\"uvod\">\n Sollten Sie Fragen zu unserer Unterkunft haben oder freie Termine und Preise \u00fcberpr\u00fcfen, die Unterkunft buchen oder weitere Informationen zu der Wohnung im Zusammenhang Villa Anica ben\u00f6tigen, dann kontaktieren Sie uns bitte per Telefon, E-Mail oder \u00fcber das Kontaktformular auf dieser Seite. Wir werden Ihnen so schnell wie m\u00f6glich antworten.\n  <\/p>\n<div id=\"contact-page-left\">\n  \n<div class=\"wpcf7 no-js\" id=\"wpcf7-f375-o3\" lang=\"hr\" dir=\"ltr\" data-wpcf7-id=\"375\">\n<div class=\"screen-reader-response\"><p role=\"status\" aria-live=\"polite\" aria-atomic=\"true\"><\/p> <ul><\/ul><\/div>\n<form action=\"\/de\/wp-json\/wp\/v2\/pages\/77#wpcf7-f375-o3\" method=\"post\" class=\"wpcf7-form init\" aria-label=\"Kontakt obrazac\" novalidate=\"novalidate\" data-status=\"init\">\n<div style=\"display: none;\">\n<input type=\"hidden\" name=\"_wpcf7\" value=\"375\" \/>\n<input type=\"hidden\" name=\"_wpcf7_version\" value=\"6.0.6\" \/>\n<input type=\"hidden\" name=\"_wpcf7_locale\" value=\"hr\" \/>\n<input type=\"hidden\" name=\"_wpcf7_unit_tag\" value=\"wpcf7-f375-o3\" \/>\n<input type=\"hidden\" name=\"_wpcf7_container_post\" value=\"0\" \/>\n<input type=\"hidden\" name=\"_wpcf7_posted_data_hash\" value=\"\" \/>\n<\/div>\n<div id=\"contact-form-left\">\n\t<p><label> Vollst\u00e4ndiger Name<br \/>\n<span class=\"wpcf7-form-control-wrap\" data-name=\"your-name\"><input size=\"40\" maxlength=\"400\" class=\"wpcf7-form-control wpcf7-text wpcf7-validates-as-required\" aria-required=\"true\" aria-invalid=\"false\" value=\"\" type=\"text\" name=\"your-name\" \/><\/span> <\/label>\n\t<\/p>\n\t<p><label> E-mail<br \/>\n<span class=\"wpcf7-form-control-wrap\" data-name=\"your-email\"><input size=\"40\" maxlength=\"400\" class=\"wpcf7-form-control wpcf7-email wpcf7-validates-as-required wpcf7-text wpcf7-validates-as-email\" aria-required=\"true\" aria-invalid=\"false\" value=\"\" type=\"email\" name=\"your-email\" \/><\/span> <\/label>\n\t<\/p>\n\t<p><label> Telefon<br \/>\n<span class=\"wpcf7-form-control-wrap\" data-name=\"your-phone\"><input size=\"40\" maxlength=\"400\" class=\"wpcf7-form-control wpcf7-text\" aria-invalid=\"false\" value=\"\" type=\"text\" name=\"your-phone\" \/><\/span> <\/label>\n\t<\/p>\n\t<p><label> Anzahl der G\u00e4ste<br \/>\n<span class=\"wpcf7-form-control-wrap\" data-name=\"guest-no\"><input size=\"40\" maxlength=\"400\" class=\"wpcf7-form-control wpcf7-text\" aria-invalid=\"false\" value=\"\" type=\"text\" name=\"guest-no\" \/><\/span> <\/label>\n\t<\/p>\n\t<div id=\"contact-dates\">\n\t\t<p><label> Anreise<br \/>\n<span class=\"wpcf7-form-control-wrap\" data-name=\"date-548\"><input class=\"wpcf7-form-control wpcf7-date wpcf7-validates-as-date\" aria-invalid=\"false\" value=\"\" type=\"date\" name=\"date-548\" \/><\/span> <\/label><label> Abreise<br \/>\n<span class=\"wpcf7-form-control-wrap\" data-name=\"date-550\"><input class=\"wpcf7-form-control wpcf7-date wpcf7-validates-as-date\" aria-invalid=\"false\" value=\"\" type=\"date\" name=\"date-550\" \/><\/span> <\/label>\n\t\t<\/p>\n\t\t<div class=\"clearfix\">\n\t\t<\/div>\n\t<\/div>\n\t<p><label> Haustiere<br \/>\n<span class=\"wpcf7-form-control-wrap\" data-name=\"menu-977\"><select class=\"wpcf7-form-control wpcf7-select\" aria-invalid=\"false\" name=\"menu-977\"><option value=\"Ja\">Ja<\/option><option value=\"Nein\">Nein<\/option><\/select><\/span> <\/label>\n\t<\/p>\n<\/div>\n<div id=\"contact-form-left\">\n\t<p><label> Ihre Nachricht, Frage oder Kommentar<br \/>\n<span class=\"wpcf7-form-control-wrap\" data-name=\"your-message\"><textarea cols=\"40\" rows=\"10\" maxlength=\"2000\" class=\"wpcf7-form-control wpcf7-textarea\" aria-invalid=\"false\" name=\"your-message\"><\/textarea><\/span> <\/label>\n\t<\/p>\n\t<p><input class=\"wpcf7-form-control wpcf7-submit has-spinner\" type=\"submit\" value=\"Senden\" \/>\n\t<\/p>\n<\/div>\n<div class=\"clearfix\">\n<\/div><div class=\"wpcf7-response-output\" aria-hidden=\"true\"><\/div>\n<\/form>\n<\/div>\n\n  <\/div>\n<div id=\"contact-page-right\">\n     <img decoding=\"async\" src=\"\/wordpress\/wp-content\/uploads\/2016\/11\/apartman-rijeka-villa-anica-pecine-ulaz-res.jpg\" title=\"Villa Anica Rijeka\" alt=\"Villa Anica Rijeka\"><\/p>\n<ul>\n<li><i class=\"fa fa-map-marker\" aria-hidden=\"true\"><\/i> Janka Poli\u0107 Kamova 56<\/li>\n<li>51000 Rijeka, Pe\u0107ine<\/li>\n<li>Kroatien<\/li>\n<li>&nbsp;<\/li>\n<li><i class=\"fa fa-phone\" aria-hidden=\"true\"><\/i> +385 91 5297 797<\/li>\n<li><i class=\"fa fa-envelope-o\" aria-hidden=\"true\"><\/i> info@apartman-villa-anica-rijeka.com<\/li>\n<\/ul><\/div>\n<div class=\"clearfix\"><\/div>\n<\/div>\n<\/div>\n<div id=\"contact-page-map\">\n  <style>.gm-style-iw { line-height: inherit !important;}<\/style><div class=\"wpgmp_map_container wpgmp-map-1\" rel=\"map1\" data-plugin-version=\"4.7.4\"><div class=\"wpgmp_map_parent\"><div class=\"wpgmp_map \" style=\"width:100%; height:350px;\" id=\"map1\" data-map-id=\"1\"><\/div><\/div><\/div><script id=\"script-map-data-1\">jQuery(document).ready(function($){ window.wpgmp = window.wpgmp || {}; window.wpgmp.mapdata1 = \"eyJtYXBfb3B0aW9ucyI6eyJjZW50ZXJfbGF0IjoiNDUuMzE5Mzc5MiIsImNlbnRlcl9sbmciOiIxNC40NjQ5MzMyOTk5OTk5ODQiLCJ6b29tIjoxNiwibWFwX3R5cGVfaWQiOiJURVJSQUlOIiwiZml0X2JvdW5kcyI6ZmFsc2UsImRyYWdnYWJsZSI6dHJ1ZSwic2Nyb2xsX3doZWVsIjpmYWxzZSwiZGlzcGxheV80NV9pbWFnZXJ5IjoiIiwibWFya2VyX2RlZmF1bHRfaWNvbiI6Imh0dHBzOlwvXC9hcGFydG1hbi12aWxsYS1hbmljYS1yaWpla2EuY29tXC93b3JkcHJlc3NcL3dwLWNvbnRlbnRcL3BsdWdpbnNcL3dwLWdvb2dsZS1tYXAtcGx1Z2luXC9hc3NldHNcL2ltYWdlc1wvZGVmYXVsdF9tYXJrZXIucG5nIiwiaW5mb3dpbmRvd19zZXR0aW5nIjoiIiwiaW5mb3dpbmRvd19ib3VuY2VfYW5pbWF0aW9uIjoiIiwiaW5mb3dpbmRvd19kcm9wX2FuaW1hdGlvbiI6ZmFsc2UsImNsb3NlX2luZm93aW5kb3dfb25fbWFwX2NsaWNrIjpmYWxzZSwiaW5mb3dpbmRvd19za2luIjoiIiwiZGVmYXVsdF9pbmZvd2luZG93X29wZW4iOmZhbHNlLCJpbmZvd2luZG93X29wZW5fZXZlbnQiOiJjbGljayIsImZ1bGxfc2NyZWVuX2NvbnRyb2wiOnRydWUsImNhbWVyYV9jb250cm9sIjpmYWxzZSwic2VhcmNoX2NvbnRyb2wiOnRydWUsInpvb21fY29udHJvbCI6dHJ1ZSwibWFwX3R5cGVfY29udHJvbCI6ZmFsc2UsInN0cmVldF92aWV3X2NvbnRyb2wiOnRydWUsImZ1bGxfc2NyZWVuX2NvbnRyb2xfcG9zaXRpb24iOiJUT1BfUklHSFQiLCJjYW1lcmFfY29udHJvbF9wb3NpdGlvbiI6IlRPUF9SSUdIVCIsInNlYXJjaF9jb250cm9sX3Bvc2l0aW9uIjoiVE9QX0xFRlQiLCJ6b29tX2NvbnRyb2xfcG9zaXRpb24iOiJUT1BfTEVGVCIsIm1hcF90eXBlX2NvbnRyb2xfcG9zaXRpb24iOiJUT1BfUklHSFQiLCJtYXBfdHlwZV9jb250cm9sX3N0eWxlIjoiSE9SSVpPTlRBTF9CQVIiLCJzdHJlZXRfdmlld19jb250cm9sX3Bvc2l0aW9uIjoiVE9QX0xFRlQiLCJtYXBfY29udHJvbCI6dHJ1ZSwibWFwX2NvbnRyb2xfc2V0dGluZ3MiOmZhbHNlLCJtYXBfem9vbV9hZnRlcl9zZWFyY2giOjYsIndpZHRoIjoiMTAwJSIsImhlaWdodCI6IjM1MCJ9LCJwbGFjZXMiOlt7ImlkIjoiMiIsInRpdGxlIjoiQXBhcnRtYW4gVmlsbGEgQW5pY2EgUmlqZWthIiwiYWRkcmVzcyI6IlVsaWNhIEphbmthIFBvbGlcdTAxMDdhIEthbW92YSA1NiwgUmlqZWthLCBDcm9hdGlhIiwic291cmNlIjoibWFudWFsIiwiY29udGVudCI6IjxoMyBjbGFzcz1cIm1hcC1pbmZvLXRpdGxlXCI+QXBhcnRtYW4gVmlsbGEgQW5pY2EgLSBSaWpla2E8XC9oMz5cclxuPGEgIGNsYXNzPVwibWFwLWluZm8tbGlua1wiIGhyZWY9XCJodHRwOlwvXC9hcGFydG1hbi12aWxsYS1hbmljYS1yaWpla2EuY29tXCIgdGFyZ2V0PVwiX2JsYW5rXCI+YXBhcnRtYW4tdmlsbGEtYW5pY2EtcmlqZWthLmNvbTxcL2E+XHJcbjxpbWcgY2xhc3M9XCJtYXAtcGhvdG9cIiBzcmM9XCJodHRwOlwvXC9hcGFydG1hbi12aWxsYS1hbmljYS1yaWpla2EuY29tXC93b3JkcHJlc3NcL3dwLWNvbnRlbnRcL3VwbG9hZHNcLzIwMTZcLzExXC9hcGFydG1hbi1yaWpla2EtdmlsbGEtYW5pY2EtcGVjaW5lLXVsYXotcmVzLmpwZ1wiPiIsImxvY2F0aW9uIjp7Imljb24iOiJodHRwczpcL1wvYXBhcnRtYW4tdmlsbGEtYW5pY2EtcmlqZWthLmNvbVwvd29yZHByZXNzXC93cC1jb250ZW50XC91cGxvYWRzXC8yMDE3XC8wMlwvbWFwLXBpbi1yZWQucG5nIiwibGF0IjoiNDUuMzE5Mzc5MiIsImxuZyI6IjE0LjQ2NDkzMzI5OTk5OTk4NCIsImNpdHkiOiJSaWpla2EiLCJzdGF0ZSI6IlByaW1vcnNrby1nb3JhbnNrYSBcdTAxN2V1cGFuaWphIiwiY291bnRyeSI6IkNyb2F0aWEiLCJvbmNsaWNrX2FjdGlvbiI6Im1hcmtlciIsInJlZGlyZWN0X2N1c3RvbV9saW5rIjoiIiwibWFya2VyX2ltYWdlIjoiIiwib3Blbl9uZXdfdGFiIjoieWVzIiwicG9zdGFsX2NvZGUiOiI1MTAwMCIsImRyYWdnYWJsZSI6ZmFsc2UsImluZm93aW5kb3dfZGVmYXVsdF9vcGVuIjpmYWxzZSwiYW5pbWF0aW9uIjoiRFJPUCIsImluZm93aW5kb3dfZGlzYWJsZSI6dHJ1ZSwiem9vbSI6NSwiZXh0cmFfZmllbGRzIjoiIn0sImNhdGVnb3JpZXMiOlt7ImlkIjoiMiIsIm5hbWUiOiJWaWxsYSBBbmljYSIsInR5cGUiOiJjYXRlZ29yeSIsImV4dGVuc2lvbl9maWVsZHMiOltdLCJpY29uIjoiaHR0cHM6XC9cL2FwYXJ0bWFuLXZpbGxhLWFuaWNhLXJpamVrYS5jb21cL3dvcmRwcmVzc1wvd3AtY29udGVudFwvdXBsb2Fkc1wvMjAxN1wvMDJcL21hcC1waW4tcmVkLnBuZyJ9XSwiY3VzdG9tX2ZpbHRlcnMiOiIifV0sInN0eWxlcyI6IiIsImxpc3RpbmciOiIiLCJtYXJrZXJfY2x1c3RlciI6IiIsIm1hcF9wcm9wZXJ0eSI6eyJtYXBfaWQiOiIxIiwiZGVidWdfbW9kZSI6ZmFsc2V9fQ==\"; });<\/script>\n  <\/div>\n<p><\/p>","protected":false},"excerpt":{"rendered":"<p>Sollten Sie Fragen zu unserer Unterkunft haben oder freie Termine und Preise \u00fcberpr\u00fcfen, die Unterkunft buchen oder weitere Informationen zu der Wohnung im Zusammenhang Villa Anica ben\u00f6tigen, dann kontaktieren Sie uns bitte per Telefon, E-Mail oder \u00fcber das Kontaktformular auf dieser Seite. Wir werden Ihnen so schnell wie m\u00f6glich antworten. Janka Poli\u0107 Kamova 56 51000 [&hellip;]<\/p>\n","protected":false},"author":1,"featured_media":0,"parent":0,"menu_order":0,"comment_status":"closed","ping_status":"closed","template":"","meta":{"ngg_post_thumbnail":0,"footnotes":""},"class_list":["post-77","page","type-page","status-publish","hentry","post"],"yoast_head":"<!-- This site is optimized with the Yoast SEO plugin v25.2 - https:\/\/yoast.com\/wordpress\/plugins\/seo\/ -->\n<title>Ferienwohnung Villa Anica Rijeka - Kontakt - Villa Anica, Rijeka | Apartman u Rijeci, Pe\u0107ine<\/title>\n<meta name=\"robots\" content=\"index, follow, max-snippet:-1, max-image-preview:large, max-video-preview:-1\" \/>\n<link rel=\"canonical\" href=\"https:\/\/apartman-villa-anica-rijeka.com\/de\/apartman-villa-anica-rijeka-kontakt\/\" \/>\n<meta property=\"og:locale\" content=\"de_DE\" \/>\n<meta property=\"og:type\" content=\"article\" \/>\n<meta property=\"og:title\" content=\"Ferienwohnung Villa Anica Rijeka - Kontakt - Villa Anica, Rijeka | Apartman u Rijeci, Pe\u0107ine\" \/>\n<meta property=\"og:description\" content=\"Sollten Sie Fragen zu unserer Unterkunft haben oder freie Termine und Preise \u00fcberpr\u00fcfen, die Unterkunft buchen oder weitere Informationen zu der Wohnung im Zusammenhang Villa Anica ben\u00f6tigen, dann kontaktieren Sie uns bitte per Telefon, E-Mail oder \u00fcber das Kontaktformular auf dieser Seite. Wir werden Ihnen so schnell wie m\u00f6glich antworten. Janka Poli\u0107 Kamova 56 51000 [&hellip;]\" \/>\n<meta property=\"og:url\" content=\"https:\/\/apartman-villa-anica-rijeka.com\/de\/apartman-villa-anica-rijeka-kontakt\/\" \/>\n<meta property=\"og:site_name\" content=\"Villa Anica, Rijeka | Apartman u Rijeci, Pe\u0107ine\" \/>\n<meta property=\"article:modified_time\" content=\"2018-11-08T17:09:16+00:00\" \/>\n<meta name=\"twitter:card\" content=\"summary_large_image\" \/>\n<meta name=\"twitter:label1\" content=\"Gesch\u00e4tzte Lesezeit\" \/>\n\t<meta name=\"twitter:data1\" content=\"2\u00a0Minuten\" \/>\n<script type=\"application\/ld+json\" class=\"yoast-schema-graph\">{\"@context\":\"https:\/\/schema.org\",\"@graph\":[{\"@type\":\"WebPage\",\"@id\":\"https:\/\/apartman-villa-anica-rijeka.com\/de\/apartman-villa-anica-rijeka-kontakt\/\",\"url\":\"https:\/\/apartman-villa-anica-rijeka.com\/de\/apartman-villa-anica-rijeka-kontakt\/\",\"name\":\"Ferienwohnung Villa Anica Rijeka - Kontakt - Villa Anica, Rijeka | Apartman u Rijeci, Pe\u0107ine\",\"isPartOf\":{\"@id\":\"https:\/\/apartman-villa-anica-rijeka.com\/it\/#website\"},\"datePublished\":\"2016-11-18T12:54:56+00:00\",\"dateModified\":\"2018-11-08T17:09:16+00:00\",\"breadcrumb\":{\"@id\":\"https:\/\/apartman-villa-anica-rijeka.com\/de\/apartman-villa-anica-rijeka-kontakt\/#breadcrumb\"},\"inLanguage\":\"de\",\"potentialAction\":[{\"@type\":\"ReadAction\",\"target\":[\"https:\/\/apartman-villa-anica-rijeka.com\/de\/apartman-villa-anica-rijeka-kontakt\/\"]}]},{\"@type\":\"BreadcrumbList\",\"@id\":\"https:\/\/apartman-villa-anica-rijeka.com\/de\/apartman-villa-anica-rijeka-kontakt\/#breadcrumb\",\"itemListElement\":[{\"@type\":\"ListItem\",\"position\":1,\"name\":\"Po\u010detna stranica\",\"item\":\"https:\/\/apartman-villa-anica-rijeka.com\/it\/\"},{\"@type\":\"ListItem\",\"position\":2,\"name\":\"Ferienwohnung Villa Anica Rijeka &#8211; Kontakt\"}]},{\"@type\":\"WebSite\",\"@id\":\"https:\/\/apartman-villa-anica-rijeka.com\/it\/#website\",\"url\":\"https:\/\/apartman-villa-anica-rijeka.com\/it\/\",\"name\":\"Villa Anica, Rijeka | Apartman u Rijeci, Pe\u0107ine\",\"description\":\"(English) Samo jo\u0161 jedna WordPress web stranica\",\"potentialAction\":[{\"@type\":\"SearchAction\",\"target\":{\"@type\":\"EntryPoint\",\"urlTemplate\":\"https:\/\/apartman-villa-anica-rijeka.com\/it\/?s={search_term_string}\"},\"query-input\":{\"@type\":\"PropertyValueSpecification\",\"valueRequired\":true,\"valueName\":\"search_term_string\"}}],\"inLanguage\":\"de\"}]}<\/script>\n<!-- \/ Yoast SEO plugin. -->","yoast_head_json":{"title":"Ferienwohnung Villa Anica Rijeka - Kontakt - Villa Anica, Rijeka | Apartman u Rijeci, Pe\u0107ine","robots":{"index":"index","follow":"follow","max-snippet":"max-snippet:-1","max-image-preview":"max-image-preview:large","max-video-preview":"max-video-preview:-1"},"canonical":"https:\/\/apartman-villa-anica-rijeka.com\/de\/apartman-villa-anica-rijeka-kontakt\/","og_locale":"de_DE","og_type":"article","og_title":"Ferienwohnung Villa Anica Rijeka - Kontakt - Villa Anica, Rijeka | Apartman u Rijeci, Pe\u0107ine","og_description":"Sollten Sie Fragen zu unserer Unterkunft haben oder freie Termine und Preise \u00fcberpr\u00fcfen, die Unterkunft buchen oder weitere Informationen zu der Wohnung im Zusammenhang Villa Anica ben\u00f6tigen, dann kontaktieren Sie uns bitte per Telefon, E-Mail oder \u00fcber das Kontaktformular auf dieser Seite. Wir werden Ihnen so schnell wie m\u00f6glich antworten. Janka Poli\u0107 Kamova 56 51000 [&hellip;]","og_url":"https:\/\/apartman-villa-anica-rijeka.com\/de\/apartman-villa-anica-rijeka-kontakt\/","og_site_name":"Villa Anica, Rijeka | Apartman u Rijeci, Pe\u0107ine","article_modified_time":"2018-11-08T17:09:16+00:00","twitter_card":"summary_large_image","twitter_misc":{"Gesch\u00e4tzte Lesezeit":"2\u00a0Minuten"},"schema":{"@context":"https:\/\/schema.org","@graph":[{"@type":"WebPage","@id":"https:\/\/apartman-villa-anica-rijeka.com\/de\/apartman-villa-anica-rijeka-kontakt\/","url":"https:\/\/apartman-villa-anica-rijeka.com\/de\/apartman-villa-anica-rijeka-kontakt\/","name":"Ferienwohnung Villa Anica Rijeka - Kontakt - Villa Anica, Rijeka | Apartman u Rijeci, Pe\u0107ine","isPartOf":{"@id":"https:\/\/apartman-villa-anica-rijeka.com\/it\/#website"},"datePublished":"2016-11-18T12:54:56+00:00","dateModified":"2018-11-08T17:09:16+00:00","breadcrumb":{"@id":"https:\/\/apartman-villa-anica-rijeka.com\/de\/apartman-villa-anica-rijeka-kontakt\/#breadcrumb"},"inLanguage":"de","potentialAction":[{"@type":"ReadAction","target":["https:\/\/apartman-villa-anica-rijeka.com\/de\/apartman-villa-anica-rijeka-kontakt\/"]}]},{"@type":"BreadcrumbList","@id":"https:\/\/apartman-villa-anica-rijeka.com\/de\/apartman-villa-anica-rijeka-kontakt\/#breadcrumb","itemListElement":[{"@type":"ListItem","position":1,"name":"Po\u010detna stranica","item":"https:\/\/apartman-villa-anica-rijeka.com\/it\/"},{"@type":"ListItem","position":2,"name":"Ferienwohnung Villa Anica Rijeka &#8211; Kontakt"}]},{"@type":"WebSite","@id":"https:\/\/apartman-villa-anica-rijeka.com\/it\/#website","url":"https:\/\/apartman-villa-anica-rijeka.com\/it\/","name":"Villa Anica, Rijeka | Apartman u Rijeci, Pe\u0107ine","description":"(English) Samo jo\u0161 jedna WordPress web stranica","potentialAction":[{"@type":"SearchAction","target":{"@type":"EntryPoint","urlTemplate":"https:\/\/apartman-villa-anica-rijeka.com\/it\/?s={search_term_string}"},"query-input":{"@type":"PropertyValueSpecification","valueRequired":true,"valueName":"search_term_string"}}],"inLanguage":"de"}]}},"_links":{"self":[{"href":"https:\/\/apartman-villa-anica-rijeka.com\/de\/wp-json\/wp\/v2\/pages\/77","targetHints":{"allow":["GET"]}}],"collection":[{"href":"https:\/\/apartman-villa-anica-rijeka.com\/de\/wp-json\/wp\/v2\/pages"}],"about":[{"href":"https:\/\/apartman-villa-anica-rijeka.com\/de\/wp-json\/wp\/v2\/types\/page"}],"author":[{"embeddable":true,"href":"https:\/\/apartman-villa-anica-rijeka.com\/de\/wp-json\/wp\/v2\/users\/1"}],"replies":[{"embeddable":true,"href":"https:\/\/apartman-villa-anica-rijeka.com\/de\/wp-json\/wp\/v2\/comments?post=77"}],"version-history":[{"count":25,"href":"https:\/\/apartman-villa-anica-rijeka.com\/de\/wp-json\/wp\/v2\/pages\/77\/revisions"}],"predecessor-version":[{"id":771,"href":"https:\/\/apartman-villa-anica-rijeka.com\/de\/wp-json\/wp\/v2\/pages\/77\/revisions\/771"}],"wp:attachment":[{"href":"https:\/\/apartman-villa-anica-rijeka.com\/de\/wp-json\/wp\/v2\/media?parent=77"}],"curies":[{"name":"wp","href":"https:\/\/api.w.org\/{rel}","templated":true}]}}