{"id":91,"date":"2016-11-18T19:25:17","date_gmt":"2016-11-18T18:25:17","guid":{"rendered":"http:\/\/apartman-villa-anica-rijeka.com\/wordpress\/?page_id=91"},"modified":"2019-09-18T17:20:44","modified_gmt":"2019-09-18T15:20:44","slug":"apartmani-villa-anica-rijeka","status":"publish","type":"page","link":"https:\/\/apartman-villa-anica-rijeka.com\/de\/apartmani-villa-anica-rijeka\/","title":{"rendered":"Ferienwohnung Villa Anica Rijeka"},"content":{"rendered":"<p><\/p>\n<div id=\"o-apartmanu-wrapper\">\n<div id=\"o-apartmanu-inner\">\n<p>Bei Ankunft in Villa Anica erhalten Sie etwas von dem modernen St\u00e4dtereise (city break), aber auch etwas von der verf\u00fchrerischen nostalgischen Vergangenheit.<\/p>\n<p>Wie auch alle Villen oberhalb der ehemalige Stra\u00dfe Maria Dorothea (Ehefrau des damaligen Vizek\u00f6nigs von Ungarn) wurde auch diese auf dem Land der Familie Poli\u0107 gebaut. Aus dieser Familie stammt <a href=\"https:\/\/hr.wikipedia.org\/wiki\/Janko_Poli%C4%87_Kamov\" title=\"Janko Poli\u0107 Kamov\" target=\"_blank\">Janko Poli\u0107 Kamov<\/a>, der Schriftsteller des Romanes der Moderne, Isu\u0161ena kalju\u017ea (der ausgetrocknete Sumpf, 1909), die den Werken von Franz Kafka und James Joyce vorausgeht.<\/p>\n<p>Dass die Stadt Rijeka viele verschiedene Geschichten bietet,  kann man aus der Tatsache sehen, dass in dieser Gegend, nur wenige hundert Meter entfernt, der gro\u00dfe deutsche Schriftsteller \u00d6d\u00f6n von Horvath (Geschichten aus dem Wienerwald) und der italienische Schriftsteller des magischen Realismus Enrico Morevich geboren wurden.<\/p>\n<p>In dem Stadtteil Pe\u0107ine kommt es zur konstanten gegenseitigen Durchdringung verschiedener Zeiten, es \u00fcberrascht uns deshalb nicht die Er\u00f6ffnung des in der N\u00e4he liegenden Hotels Jadran am 28. Juni 1914, als der Erzherzog Franz Ferdinand in Sarajevo ermordet wurde, somit endete das lange 19. Jahrhundert und begann der Erste Weltkrieg und der Alltag beschleunigte sich auf eine unangenehme Art und Weise.<\/p>\n<p class=\"uvod\">In dem Sie im Garten der Villa Anica sitzen, k\u00f6nnen Sie nach den Tr\u00fcmmern der Vergangenheit suchen, die in Rijeka etwas geheimnisvoll &#8211; fast beil\u00e4ufig sind! \u2013 verstreut sind, aber Sie k\u00f6nnen auch auf das blaue Meer sehen, herrliche Kvarner-Bucht beobachten, die sogar von Dante Alighieri in der G\u00f6ttlichen Kom\u00f6die erw\u00e4hnt wurde, und der auch ein weiterer ber\u00fchmter italienischer Dichter Gabriele D&#8217;Annunzio ein Kvarner-Lied widmete. Und auch die Sch\u00f6nheit, Politik und viel Leidenschaft&#8230; w\u00e4hrend die Bl\u00e4tter im Sommerwind zu h\u00f6ren sind.<\/p>\nngg_shortcode_2_placeholder<\/div>\n<\/div>\n<h2 id=\"naslov-odabir\">Warum die Ferienwohnung in Villa Anica Rijeka w\u00e4hlen?<\/h2>\n<p><img decoding=\"async\" id=\"slika-odabir\" src=\"\/wordpress\/wp-content\/uploads\/2017\/08\/ferienwonhung-rijeka-traveler-DE.jpg\" title=\"Warum die Ferienwohnung in Villa Anica Rijeka w\u00e4hlen?\" alt=\"Warum die Ferienwohnung in Villa Anica Rijeka w\u00e4hlen?\"><\/p>\n<p id=\"boravisna-pristojba\"><b>Die Aufenthaltssteuer ist im Preis inbegriffen.<\/b><\/p>\n<p><\/p>","protected":false},"excerpt":{"rendered":"<p>Bei Ankunft in Villa Anica erhalten Sie etwas von dem modernen St\u00e4dtereise (city break), aber auch etwas von der verf\u00fchrerischen nostalgischen Vergangenheit. Wie auch alle Villen oberhalb der ehemalige Stra\u00dfe Maria Dorothea (Ehefrau des damaligen Vizek\u00f6nigs von Ungarn) wurde auch diese auf dem Land der Familie Poli\u0107 gebaut. Aus dieser Familie stammt Janko Poli\u0107 Kamov, [&hellip;]<\/p>\n","protected":false},"author":1,"featured_media":0,"parent":0,"menu_order":0,"comment_status":"closed","ping_status":"closed","template":"","meta":{"ngg_post_thumbnail":0,"footnotes":""},"class_list":["post-91","page","type-page","status-publish","hentry","post"],"yoast_head":"<!-- This site is optimized with the Yoast SEO plugin v25.2 - https:\/\/yoast.com\/wordpress\/plugins\/seo\/ -->\n<title>Apartmani Rijeka - Villa Anica Pe\u0107ine - Povoljni apartmani u Rijeci za do 4 osobe.<\/title>\n<meta name=\"description\" content=\"Apartmani u Rijeci - Apartman villa Anica Rijeka nudi ugodan i povoljan smje\u0161taj za do 4 osobe. Apartman je smje\u0161ten u bilizini mora - Pe\u0107ine. 091 5297 797\" \/>\n<meta name=\"robots\" content=\"index, follow, max-snippet:-1, max-image-preview:large, max-video-preview:-1\" \/>\n<link rel=\"canonical\" href=\"https:\/\/apartman-villa-anica-rijeka.com\/apartmani-villa-anica-rijeka\/\" \/>\n<meta property=\"og:locale\" content=\"de_DE\" \/>\n<meta property=\"og:type\" content=\"article\" \/>\n<meta property=\"og:title\" content=\"Apartmani Rijeka - Villa Anica Pe\u0107ine - Povoljni apartmani u Rijeci za do 4 osobe.\" \/>\n<meta property=\"og:description\" content=\"Apartmani u Rijeci - Apartman villa Anica Rijeka nudi ugodan i povoljan smje\u0161taj za do 4 osobe. Apartman je smje\u0161ten u bilizini mora - Pe\u0107ine. 091 5297 797\" \/>\n<meta property=\"og:url\" content=\"https:\/\/apartman-villa-anica-rijeka.com\/apartmani-villa-anica-rijeka\/\" \/>\n<meta property=\"og:site_name\" content=\"Villa Anica, Rijeka | Apartman u Rijeci, Pe\u0107ine\" \/>\n<meta property=\"article:modified_time\" content=\"2019-09-18T15:20:44+00:00\" \/>\n<meta name=\"twitter:card\" content=\"summary_large_image\" \/>\n<meta name=\"twitter:label1\" content=\"Gesch\u00e4tzte Lesezeit\" \/>\n\t<meta name=\"twitter:data1\" content=\"7\u00a0Minuten\" \/>\n<script type=\"application\/ld+json\" class=\"yoast-schema-graph\">{\"@context\":\"https:\/\/schema.org\",\"@graph\":[{\"@type\":\"WebPage\",\"@id\":\"https:\/\/apartman-villa-anica-rijeka.com\/apartmani-villa-anica-rijeka\/\",\"url\":\"https:\/\/apartman-villa-anica-rijeka.com\/apartmani-villa-anica-rijeka\/\",\"name\":\"Apartmani Rijeka - Villa Anica Pe\u0107ine - Povoljni apartmani u Rijeci za do 4 osobe.\",\"isPartOf\":{\"@id\":\"https:\/\/apartman-villa-anica-rijeka.com\/it\/#website\"},\"datePublished\":\"2016-11-18T18:25:17+00:00\",\"dateModified\":\"2019-09-18T15:20:44+00:00\",\"description\":\"Apartmani u Rijeci - Apartman villa Anica Rijeka nudi ugodan i povoljan smje\u0161taj za do 4 osobe. Apartman je smje\u0161ten u bilizini mora - Pe\u0107ine. 091 5297 797\",\"breadcrumb\":{\"@id\":\"https:\/\/apartman-villa-anica-rijeka.com\/apartmani-villa-anica-rijeka\/#breadcrumb\"},\"inLanguage\":\"de\",\"potentialAction\":[{\"@type\":\"ReadAction\",\"target\":[\"https:\/\/apartman-villa-anica-rijeka.com\/apartmani-villa-anica-rijeka\/\"]}]},{\"@type\":\"BreadcrumbList\",\"@id\":\"https:\/\/apartman-villa-anica-rijeka.com\/apartmani-villa-anica-rijeka\/#breadcrumb\",\"itemListElement\":[{\"@type\":\"ListItem\",\"position\":1,\"name\":\"Po\u010detna stranica\",\"item\":\"https:\/\/apartman-villa-anica-rijeka.com\/it\/\"},{\"@type\":\"ListItem\",\"position\":2,\"name\":\"Apartman Villa Anica Rijeka\"}]},{\"@type\":\"WebSite\",\"@id\":\"https:\/\/apartman-villa-anica-rijeka.com\/it\/#website\",\"url\":\"https:\/\/apartman-villa-anica-rijeka.com\/it\/\",\"name\":\"Villa Anica, Rijeka | Apartman u Rijeci, Pe\u0107ine\",\"description\":\"(English) Samo jo\u0161 jedna WordPress web stranica\",\"potentialAction\":[{\"@type\":\"SearchAction\",\"target\":{\"@type\":\"EntryPoint\",\"urlTemplate\":\"https:\/\/apartman-villa-anica-rijeka.com\/it\/?s={search_term_string}\"},\"query-input\":{\"@type\":\"PropertyValueSpecification\",\"valueRequired\":true,\"valueName\":\"search_term_string\"}}],\"inLanguage\":\"de\"}]}<\/script>\n<!-- \/ Yoast SEO plugin. -->","yoast_head_json":{"title":"Apartmani Rijeka - Villa Anica Pe\u0107ine - Povoljni apartmani u Rijeci za do 4 osobe.","description":"Apartmani u Rijeci - Apartman villa Anica Rijeka nudi ugodan i povoljan smje\u0161taj za do 4 osobe. Apartman je smje\u0161ten u bilizini mora - Pe\u0107ine. 091 5297 797","robots":{"index":"index","follow":"follow","max-snippet":"max-snippet:-1","max-image-preview":"max-image-preview:large","max-video-preview":"max-video-preview:-1"},"canonical":"https:\/\/apartman-villa-anica-rijeka.com\/apartmani-villa-anica-rijeka\/","og_locale":"de_DE","og_type":"article","og_title":"Apartmani Rijeka - Villa Anica Pe\u0107ine - Povoljni apartmani u Rijeci za do 4 osobe.","og_description":"Apartmani u Rijeci - Apartman villa Anica Rijeka nudi ugodan i povoljan smje\u0161taj za do 4 osobe. Apartman je smje\u0161ten u bilizini mora - Pe\u0107ine. 091 5297 797","og_url":"https:\/\/apartman-villa-anica-rijeka.com\/apartmani-villa-anica-rijeka\/","og_site_name":"Villa Anica, Rijeka | Apartman u Rijeci, Pe\u0107ine","article_modified_time":"2019-09-18T15:20:44+00:00","twitter_card":"summary_large_image","twitter_misc":{"Gesch\u00e4tzte Lesezeit":"7\u00a0Minuten"},"schema":{"@context":"https:\/\/schema.org","@graph":[{"@type":"WebPage","@id":"https:\/\/apartman-villa-anica-rijeka.com\/apartmani-villa-anica-rijeka\/","url":"https:\/\/apartman-villa-anica-rijeka.com\/apartmani-villa-anica-rijeka\/","name":"Apartmani Rijeka - Villa Anica Pe\u0107ine - Povoljni apartmani u Rijeci za do 4 osobe.","isPartOf":{"@id":"https:\/\/apartman-villa-anica-rijeka.com\/it\/#website"},"datePublished":"2016-11-18T18:25:17+00:00","dateModified":"2019-09-18T15:20:44+00:00","description":"Apartmani u Rijeci - Apartman villa Anica Rijeka nudi ugodan i povoljan smje\u0161taj za do 4 osobe. Apartman je smje\u0161ten u bilizini mora - Pe\u0107ine. 091 5297 797","breadcrumb":{"@id":"https:\/\/apartman-villa-anica-rijeka.com\/apartmani-villa-anica-rijeka\/#breadcrumb"},"inLanguage":"de","potentialAction":[{"@type":"ReadAction","target":["https:\/\/apartman-villa-anica-rijeka.com\/apartmani-villa-anica-rijeka\/"]}]},{"@type":"BreadcrumbList","@id":"https:\/\/apartman-villa-anica-rijeka.com\/apartmani-villa-anica-rijeka\/#breadcrumb","itemListElement":[{"@type":"ListItem","position":1,"name":"Po\u010detna stranica","item":"https:\/\/apartman-villa-anica-rijeka.com\/it\/"},{"@type":"ListItem","position":2,"name":"Apartman Villa Anica Rijeka"}]},{"@type":"WebSite","@id":"https:\/\/apartman-villa-anica-rijeka.com\/it\/#website","url":"https:\/\/apartman-villa-anica-rijeka.com\/it\/","name":"Villa Anica, Rijeka | Apartman u Rijeci, Pe\u0107ine","description":"(English) Samo jo\u0161 jedna WordPress web stranica","potentialAction":[{"@type":"SearchAction","target":{"@type":"EntryPoint","urlTemplate":"https:\/\/apartman-villa-anica-rijeka.com\/it\/?s={search_term_string}"},"query-input":{"@type":"PropertyValueSpecification","valueRequired":true,"valueName":"search_term_string"}}],"inLanguage":"de"}]}},"_links":{"self":[{"href":"https:\/\/apartman-villa-anica-rijeka.com\/de\/wp-json\/wp\/v2\/pages\/91","targetHints":{"allow":["GET"]}}],"collection":[{"href":"https:\/\/apartman-villa-anica-rijeka.com\/de\/wp-json\/wp\/v2\/pages"}],"about":[{"href":"https:\/\/apartman-villa-anica-rijeka.com\/de\/wp-json\/wp\/v2\/types\/page"}],"author":[{"embeddable":true,"href":"https:\/\/apartman-villa-anica-rijeka.com\/de\/wp-json\/wp\/v2\/users\/1"}],"replies":[{"embeddable":true,"href":"https:\/\/apartman-villa-anica-rijeka.com\/de\/wp-json\/wp\/v2\/comments?post=91"}],"version-history":[{"count":38,"href":"https:\/\/apartman-villa-anica-rijeka.com\/de\/wp-json\/wp\/v2\/pages\/91\/revisions"}],"predecessor-version":[{"id":788,"href":"https:\/\/apartman-villa-anica-rijeka.com\/de\/wp-json\/wp\/v2\/pages\/91\/revisions\/788"}],"wp:attachment":[{"href":"https:\/\/apartman-villa-anica-rijeka.com\/de\/wp-json\/wp\/v2\/media?parent=91"}],"curies":[{"name":"wp","href":"https:\/\/api.w.org\/{rel}","templated":true}]}}