{"id":2,"date":"2016-11-02T18:22:20","date_gmt":"2016-11-02T17:22:20","guid":{"rendered":"http:\/\/apartman-villa-anica-rijeka.com\/wordpress\/?page_id=2"},"modified":"2024-01-19T13:57:18","modified_gmt":"2024-01-19T12:57:18","slug":"dobrodosli-villu-anicu-apartman-rijeci","status":"publish","type":"page","link":"https:\/\/apartman-villa-anica-rijeka.com\/en\/","title":{"rendered":"Welcome to Apartment Villa Anica in Rijeka"},"content":{"rendered":"<p><\/p>\n<div class=\"naslovna-uvod-wrapper\">\n<div class=\"naslovna-uvod-inner boxed-content\">\n<p>The Apartment Villa Anica is situated in Pe\u0107ine, an elite and quiet part of Rijeka, in an old family villa with a view over the sea and a large, private and beautiful landscaped garden. In front of the house there is a magnificent beach, Sabli\u0107evo, only 100 m away, while there is also a dog beach in the vicinity.<\/p>\n<p>The advantages of this location are free parking, the proximity of the city centre, the Trsat Sanctuary of Mary and the University in Rijeka Trsat Campus and its recreational and running tracks. Close by there is also the Tower Centre, a modern shopping complex with more than 200 shops, the CineStar cinema complex, a pharmacy, a restaurant-pizzeria, etc.<\/p>\n<p> The owner can speak English and Italian.<\/p>\n<div id=\"homparge-gallery-wrapper\" class=\"animated fadeIn duration3 eds-on-scroll\">ngg_shortcode_1_placeholder<\/div>\n<p><a class=\"home-button home-button-1\" title=\"Apartman u Rijeci - Villa Anica | Vi\u0161e informacija\" href=\"http:\/\/apartman-villa-anica-rijeka.com\/wordpress\/apartmani-villa-anica-rijeka\/\"><i class=\"fa fa-info-circle\"><\/i> More information<\/a><\/p>\n<\/div>\n<\/div>\n<div class=\"naslovna-karakteristike-wrapper\">\n<div class=\"naslovna-karakteristike-inner boxed-content\">\n<div class=\"naslovna-karakteristike naslovna-karakteristike-1\"><span class=\"karakteristike-icon\"><i class=\"fa fa-home\"><\/i><\/span><\/p>\n<h3>Apartment Features<\/h3>\n<ul>\n<li><i class=\"fa fa-arrows-alt\"><\/i> Surface Area: 45m2<\/li>\n<li><i class=\"fa fa-plus-square-o\"><\/i> Number of rooms: 1<\/li>\n<li><i class=\"fa fa-bed\"><\/i> Number of beds: 2+2 additional ones<\/li>\n<li><img decoding=\"async\" class=\"home-icon\" src=\"\/wordpress\/wp-content\/uploads\/2017\/04\/icon-kitchen.png\"> Equipped kitchen<\/li>\n<li><i class=\"fa fa-shower\"><\/i> Bathroom with shower<\/li>\n<li><i class=\"fa fa-star\"><\/i> Classification: 3 stars<\/li>\n<\/ul>\n<p class=\"naslovna-price-box animated tada duration3 eds-on-scroll\"><span class=\"naslovna-price-box-row1\">Price per night<\/span><br \/>\n<span class=\"naslovna-price-box-row2\">from <b>60<\/b> \u20ac<\/span> <span class=\"naslovna-price-box-row3\"><a title=\"Apartments Rijeka - Villa Anica - Contact\" href=\"\/wordpress\/apartman-villa-anica-rijeka-kontakt\/\">Contact us<\/a> for more information.<\/span><\/p>\n<\/div>\n<div class=\"naslovna-karakteristike naslovna-karakteristike-2\"><span class=\"karakteristike-icon\"><i class=\"fa fa-map-marker\"><\/i><\/span><\/p>\n<h3>Apartment Location<\/h3>\n<ul>\n<li><i class=\"fa fa-sun-o\"><\/i> Beach distance: 100m<\/li>\n<li><i class=\"fa fa-bullseye\"><\/i> City centre: 1,5km<\/li>\n<li><i class=\"fa fa-map-signs\"><\/i> City Bus: 70m<\/li>\n<li><i class=\"fa fa-bus\"><\/i> Bus station: 3km<\/li>\n<li><i class=\"fa fa-train\"><\/i> Railway station: 3.5km<\/li>\n<li><i class=\"fa fa-ship\"><\/i> Port passenger terminal: 3km<\/li>\n<li><i class=\"fa fa-plane\"><\/i> Airport: 20km<\/li>\n<li><i class=\"fa fa-shopping-cart\"><\/i> Big shopping complex: 150m<\/li>\n<li><i class=\"fa fa-cutlery\"><\/i> Restaurant: 150m<\/li>\n<\/ul>\n<\/div>\n<div class=\"naslovna-karakteristike naslovna-karakteristike-3\"><span class=\"karakteristike-icon\"><i class=\"fa fa-file-text-o\"><\/i><\/span><\/p>\n<h3>Apartment Amenities<\/h3>\n<ul>\n<li><i class=\"fa fa-snowflake-o\"><\/i> Air conditioning<\/li>\n<li><i class=\"fa fa-wifi\"><\/i> Free Wi-Fi<\/li>\n<li><i class=\"fa fa-tree\"><\/i> Garden with garden furniture<\/li>\n<li><i class=\"fa fa-car\"><\/i> Free parking<\/li>\n<li><i class=\"fa fa-paw\"><\/i> Pets welcome \u2013 free stay<\/li>\n<li><i class=\"fa fa-television\"><\/i> Television\/radio<\/li>\n<li><i class=\"fa fa-eercast\"><\/i> Washing machine<\/li>\n<li><i class=\"fa fa-bed\"><\/i> Bed linen and bathroom towels<\/li>\n<li><i class=\"fa fa-fire\"><\/i> Heating<\/li>\n<\/ul>\n<\/div>\n<div class=\"clearfix\">&nbsp;<\/div>\n<\/div>\n<\/div>\n<div class=\"naslovna-lokacija-wrapper\">\n<div class=\"naslovna-lokacija-inner boxed-content\">\n<h2>Pe<span>\u0107<\/span>ine, Rijeka &#8211; Apartment Perfect Location  <\/h2>\n<div class=\"naslovna-lokacija-left animated fadeIn duration3 eds-on-scroll\"><iframe loading=\"lazy\" src=\"https:\/\/player.vimeo.com\/video\/43756949\" width=\"640\" height=\"360\" frameborder=\"0\" allowfullscreen=\"allowfullscreen\"><\/iframe><\/div>\n<div class=\"naslovna-lokacija-right\">\n<p>Although Rijeka is a port city, it does not mean that the former industrial spirit predominates as Rijeka has preserved the coastal city charm, hidden in its streets. There is no shortage of historic attractions to visit that speak of its rich past. <\/p>\n<p>Pe\u0107ine is the Rijeka city quarter situated on the narrow line between the sea and the hill, characterised by an immense freedom of space that from one side towers towards the sky, while from the other it opens to the sea. It is characterised by old villas, one of them being Villa Anica. Pe\u0107ine beaches are among the most beautiful in Rijeka, seven in all nowadays. Pe\u0107ine is by all means an elite location that can boast of its longest tourist tradition in the city of Rijeka.<\/p>\n<\/div>\n<div class=\"clearfix\">&nbsp;<\/div>\n<p><a class=\"home-button home-button-2\" title=\"Apartment in Rijeka - Villa Anica | Lokacija\" href=\"\/wordpress\/lokacija-apartmana-pecine-rijeka\/\"><i class=\"fa fa-info-circle\"><\/i> Location details<\/a><\/p>\n<\/div>\n<\/div>\n<div id=\"home-map-wrapper\">&nbsp;<\/div>\n<p><\/p>","protected":false},"excerpt":{"rendered":"<p>The Apartment Villa Anica is situated in Pe\u0107ine, an elite and quiet part of Rijeka, in an old family villa with a view over the sea and a large, private and beautiful landscaped garden. In front of the house there is a magnificent beach, Sabli\u0107evo, only 100 m away, while there is also a dog [&hellip;]<\/p>\n","protected":false},"author":1,"featured_media":0,"parent":0,"menu_order":0,"comment_status":"closed","ping_status":"open","template":"templates\/template-full.php","meta":{"ngg_post_thumbnail":0,"footnotes":""},"class_list":["post-2","page","type-page","status-publish","hentry","post"],"yoast_head":"<!-- This site is optimized with the Yoast SEO plugin v25.2 - https:\/\/yoast.com\/wordpress\/plugins\/seo\/ -->\n<title>(Hrvatski) Villa Anica - Apartman u Rijeci. +385 91 5297 797 - Apartmani Rijeka<\/title>\n<meta name=\"description\" content=\"(Hrvatski) Villa Anica je apartman u Rijeci, smje\u0161ten u naselju Pe\u0107ine, a nudi ugodan i povoljan privatni smje\u0161taj za do 4 osobe. Adresa: J.P. Kamova 56 ( Pe\u0107ine ) - Apartmani Rijeka.\" \/>\n<meta name=\"robots\" content=\"index, follow, max-snippet:-1, max-image-preview:large, max-video-preview:-1\" \/>\n<link rel=\"canonical\" href=\"https:\/\/apartman-villa-anica-rijeka.com\/it\/\" \/>\n<meta property=\"og:locale\" content=\"en_US\" \/>\n<meta property=\"og:type\" content=\"article\" \/>\n<meta property=\"og:title\" content=\"(Hrvatski) Villa Anica - Apartman u Rijeci. +385 91 5297 797 - Apartmani Rijeka\" \/>\n<meta property=\"og:description\" content=\"(Hrvatski) Villa Anica je apartman u Rijeci, smje\u0161ten u naselju Pe\u0107ine, a nudi ugodan i povoljan privatni smje\u0161taj za do 4 osobe. Adresa: J.P. Kamova 56 ( Pe\u0107ine ) - Apartmani Rijeka.\" \/>\n<meta property=\"og:url\" content=\"https:\/\/apartman-villa-anica-rijeka.com\/it\/\" \/>\n<meta property=\"og:site_name\" content=\"Villa Anica, Rijeka | Apartman u Rijeci, Pe\u0107ine\" \/>\n<meta property=\"article:modified_time\" content=\"2024-01-19T12:57:18+00:00\" \/>\n<meta name=\"twitter:card\" content=\"summary_large_image\" \/>\n<meta name=\"twitter:label1\" content=\"Est. reading time\" \/>\n\t<meta name=\"twitter:data1\" content=\"9 minutes\" \/>\n<script type=\"application\/ld+json\" class=\"yoast-schema-graph\">{\"@context\":\"https:\/\/schema.org\",\"@graph\":[{\"@type\":\"WebPage\",\"@id\":\"https:\/\/apartman-villa-anica-rijeka.com\/it\/\",\"url\":\"https:\/\/apartman-villa-anica-rijeka.com\/it\/\",\"name\":\"(Hrvatski) Villa Anica - Apartman u Rijeci. +385 91 5297 797 - Apartmani Rijeka\",\"isPartOf\":{\"@id\":\"https:\/\/apartman-villa-anica-rijeka.com\/it\/#website\"},\"datePublished\":\"2016-11-02T17:22:20+00:00\",\"dateModified\":\"2024-01-19T12:57:18+00:00\",\"description\":\"(Hrvatski) Villa Anica je apartman u Rijeci, smje\u0161ten u naselju Pe\u0107ine, a nudi ugodan i povoljan privatni smje\u0161taj za do 4 osobe. Adresa: J.P. Kamova 56 ( Pe\u0107ine ) - Apartmani Rijeka.\",\"breadcrumb\":{\"@id\":\"https:\/\/apartman-villa-anica-rijeka.com\/it\/#breadcrumb\"},\"inLanguage\":\"en-US\",\"potentialAction\":[{\"@type\":\"ReadAction\",\"target\":[\"https:\/\/apartman-villa-anica-rijeka.com\/it\/\"]}]},{\"@type\":\"BreadcrumbList\",\"@id\":\"https:\/\/apartman-villa-anica-rijeka.com\/it\/#breadcrumb\",\"itemListElement\":[{\"@type\":\"ListItem\",\"position\":1,\"name\":\"Po\u010detna stranica\",\"item\":\"https:\/\/apartman-villa-anica-rijeka.com\/it\/\"},{\"@type\":\"ListItem\",\"position\":2,\"name\":\"Benvenuti a Villa Anica \u2013 l&#8217;appartamento a Rijeka &#8211; Fiume\"}]},{\"@type\":\"WebSite\",\"@id\":\"https:\/\/apartman-villa-anica-rijeka.com\/it\/#website\",\"url\":\"https:\/\/apartman-villa-anica-rijeka.com\/it\/\",\"name\":\"Villa Anica, Rijeka | Apartman u Rijeci, Pe\u0107ine\",\"description\":\"Samo jo\u0161 jedna WordPress web stranica\",\"potentialAction\":[{\"@type\":\"SearchAction\",\"target\":{\"@type\":\"EntryPoint\",\"urlTemplate\":\"https:\/\/apartman-villa-anica-rijeka.com\/it\/?s={search_term_string}\"},\"query-input\":{\"@type\":\"PropertyValueSpecification\",\"valueRequired\":true,\"valueName\":\"search_term_string\"}}],\"inLanguage\":\"en-US\"}]}<\/script>\n<!-- \/ Yoast SEO plugin. -->","yoast_head_json":{"title":"(Hrvatski) Villa Anica - Apartman u Rijeci. +385 91 5297 797 - Apartmani Rijeka","description":"(Hrvatski) Villa Anica je apartman u Rijeci, smje\u0161ten u naselju Pe\u0107ine, a nudi ugodan i povoljan privatni smje\u0161taj za do 4 osobe. Adresa: J.P. Kamova 56 ( Pe\u0107ine ) - Apartmani Rijeka.","robots":{"index":"index","follow":"follow","max-snippet":"max-snippet:-1","max-image-preview":"max-image-preview:large","max-video-preview":"max-video-preview:-1"},"canonical":"https:\/\/apartman-villa-anica-rijeka.com\/it\/","og_locale":"en_US","og_type":"article","og_title":"(Hrvatski) Villa Anica - Apartman u Rijeci. +385 91 5297 797 - Apartmani Rijeka","og_description":"(Hrvatski) Villa Anica je apartman u Rijeci, smje\u0161ten u naselju Pe\u0107ine, a nudi ugodan i povoljan privatni smje\u0161taj za do 4 osobe. Adresa: J.P. Kamova 56 ( Pe\u0107ine ) - Apartmani Rijeka.","og_url":"https:\/\/apartman-villa-anica-rijeka.com\/it\/","og_site_name":"Villa Anica, Rijeka | Apartman u Rijeci, Pe\u0107ine","article_modified_time":"2024-01-19T12:57:18+00:00","twitter_card":"summary_large_image","twitter_misc":{"Est. reading time":"9 minutes"},"schema":{"@context":"https:\/\/schema.org","@graph":[{"@type":"WebPage","@id":"https:\/\/apartman-villa-anica-rijeka.com\/it\/","url":"https:\/\/apartman-villa-anica-rijeka.com\/it\/","name":"(Hrvatski) Villa Anica - Apartman u Rijeci. +385 91 5297 797 - Apartmani Rijeka","isPartOf":{"@id":"https:\/\/apartman-villa-anica-rijeka.com\/it\/#website"},"datePublished":"2016-11-02T17:22:20+00:00","dateModified":"2024-01-19T12:57:18+00:00","description":"(Hrvatski) Villa Anica je apartman u Rijeci, smje\u0161ten u naselju Pe\u0107ine, a nudi ugodan i povoljan privatni smje\u0161taj za do 4 osobe. Adresa: J.P. Kamova 56 ( Pe\u0107ine ) - Apartmani Rijeka.","breadcrumb":{"@id":"https:\/\/apartman-villa-anica-rijeka.com\/it\/#breadcrumb"},"inLanguage":"en-US","potentialAction":[{"@type":"ReadAction","target":["https:\/\/apartman-villa-anica-rijeka.com\/it\/"]}]},{"@type":"BreadcrumbList","@id":"https:\/\/apartman-villa-anica-rijeka.com\/it\/#breadcrumb","itemListElement":[{"@type":"ListItem","position":1,"name":"Po\u010detna stranica","item":"https:\/\/apartman-villa-anica-rijeka.com\/it\/"},{"@type":"ListItem","position":2,"name":"Benvenuti a Villa Anica \u2013 l&#8217;appartamento a Rijeka &#8211; Fiume"}]},{"@type":"WebSite","@id":"https:\/\/apartman-villa-anica-rijeka.com\/it\/#website","url":"https:\/\/apartman-villa-anica-rijeka.com\/it\/","name":"Villa Anica, Rijeka | Apartman u Rijeci, Pe\u0107ine","description":"Samo jo\u0161 jedna WordPress web stranica","potentialAction":[{"@type":"SearchAction","target":{"@type":"EntryPoint","urlTemplate":"https:\/\/apartman-villa-anica-rijeka.com\/it\/?s={search_term_string}"},"query-input":{"@type":"PropertyValueSpecification","valueRequired":true,"valueName":"search_term_string"}}],"inLanguage":"en-US"}]}},"_links":{"self":[{"href":"https:\/\/apartman-villa-anica-rijeka.com\/en\/wp-json\/wp\/v2\/pages\/2","targetHints":{"allow":["GET"]}}],"collection":[{"href":"https:\/\/apartman-villa-anica-rijeka.com\/en\/wp-json\/wp\/v2\/pages"}],"about":[{"href":"https:\/\/apartman-villa-anica-rijeka.com\/en\/wp-json\/wp\/v2\/types\/page"}],"author":[{"embeddable":true,"href":"https:\/\/apartman-villa-anica-rijeka.com\/en\/wp-json\/wp\/v2\/users\/1"}],"replies":[{"embeddable":true,"href":"https:\/\/apartman-villa-anica-rijeka.com\/en\/wp-json\/wp\/v2\/comments?post=2"}],"version-history":[{"count":90,"href":"https:\/\/apartman-villa-anica-rijeka.com\/en\/wp-json\/wp\/v2\/pages\/2\/revisions"}],"predecessor-version":[{"id":794,"href":"https:\/\/apartman-villa-anica-rijeka.com\/en\/wp-json\/wp\/v2\/pages\/2\/revisions\/794"}],"wp:attachment":[{"href":"https:\/\/apartman-villa-anica-rijeka.com\/en\/wp-json\/wp\/v2\/media?parent=2"}],"curies":[{"name":"wp","href":"https:\/\/api.w.org\/{rel}","templated":true}]}}