{"id":91,"date":"2016-11-18T19:25:17","date_gmt":"2016-11-18T18:25:17","guid":{"rendered":"http:\/\/apartman-villa-anica-rijeka.com\/wordpress\/?page_id=91"},"modified":"2019-09-18T17:20:44","modified_gmt":"2019-09-18T15:20:44","slug":"apartmani-villa-anica-rijeka","status":"publish","type":"page","link":"https:\/\/apartman-villa-anica-rijeka.com\/en\/apartmani-villa-anica-rijeka\/","title":{"rendered":"Apartment Villa Anica Rijeka"},"content":{"rendered":"<p><\/p>\n<div id=\"o-apartmanu-wrapper\">\n<div id=\"o-apartmanu-inner\">\n<p>Arriving to Villa Anica you can acquire something of the contemporary city break, but also of the appealing nostalgic past.<\/p>\n<p>As it was the case with all villas above the former Maria Dorothea (wife of the then Hungarian viceroy) road, Villa Anica was built on the Poli\u0107 family land as well. It is in this family that <a href=\"https:\/\/hr.wikipedia.org\/wiki\/Janko_Poli%C4%87_Kamov\" title=\"About Janku Poli\u0107 Kamov\" target=\"_blank\">Janko Poli\u0107 Kamov<\/a> was born, writer of Isu\u0161ena kalju\u017ea (Dried Quagmire &#8211; 1909), a modernist novel that precedes the works of Franz Kafka and James Joyce.<\/p>\n<p>That Rijeka is a city that offers a number of diverse stories can also be testified by the fact that the great German writer \u00d6d\u00f6n von Horvath (Stories from the Vienna\u2019s Forest) was born in this quarter, i.e. only a few hundred meters farther, as well as the Italian writer of magical realism Enrico Morovich.<\/p>\n<p>As different times keep interweaving in Pe\u0107ine, we cannot be surprised to hear that the nearby Jadran Hotel was opened on 28th June 1914, on the day when following the assassination of the archduke Franz Ferdinand in Sarajevo the long-lasting 19th century ended and the World War II began, while life sped up so suddenly.<\/p>\n<p class=\"uvod\">Sitting in the garden of Villa Anica you can look for fragments of the past that have been scattered in Rijeka so mysteriously, almost carelessly, but also look at the blue sea of the amazing Kvarner Bay, mentioned by Dante Alighieri in his Divine Comedy, the bay to which another famous Italian poet, Gabriele D\u2019Annunzio, devoted the Kvarner poem. Not beauty alone, but also politics, a lot of passion&#8230; while the leaves rustle during the summer mistral. <\/p>\nngg_shortcode_1_placeholder<\/div>\n<\/div>\n<h2 id=\"naslov-odabir\">Why choose the Apartment Villa Anica &#8211; Rijeka?<\/h2>\n<p><img decoding=\"async\" id=\"slika-odabir\" src=\"\/wordpress\/wp-content\/uploads\/2017\/08\/apartments-rijeka-traveler-EN.jpg\" title=\"Appartments in Rijeka - Why choose the Apartment Villa Anica?\" alt=\"Appartments in Rijeka - Why choose the Apartment Villa Anica?\"><\/p>\n<p id=\"boravisna-pristojba\"><b>The sojourn tax is included in the price.<\/b><\/p>\n<p><\/p>","protected":false},"excerpt":{"rendered":"<p>Arriving to Villa Anica you can acquire something of the contemporary city break, but also of the appealing nostalgic past. As it was the case with all villas above the former Maria Dorothea (wife of the then Hungarian viceroy) road, Villa Anica was built on the Poli\u0107 family land as well. It is in this [&hellip;]<\/p>\n","protected":false},"author":1,"featured_media":0,"parent":0,"menu_order":0,"comment_status":"closed","ping_status":"closed","template":"","meta":{"ngg_post_thumbnail":0,"footnotes":""},"class_list":["post-91","page","type-page","status-publish","hentry","post"],"yoast_head":"<!-- This site is optimized with the Yoast SEO plugin v25.2 - https:\/\/yoast.com\/wordpress\/plugins\/seo\/ -->\n<title>Apartmani Rijeka - Villa Anica Pe\u0107ine - Povoljni apartmani u Rijeci za do 4 osobe.<\/title>\n<meta name=\"description\" content=\"Apartmani u Rijeci - Apartman villa Anica Rijeka nudi ugodan i povoljan smje\u0161taj za do 4 osobe. Apartman je smje\u0161ten u bilizini mora - Pe\u0107ine. 091 5297 797\" \/>\n<meta name=\"robots\" content=\"index, follow, max-snippet:-1, max-image-preview:large, max-video-preview:-1\" \/>\n<link rel=\"canonical\" href=\"https:\/\/apartman-villa-anica-rijeka.com\/apartmani-villa-anica-rijeka\/\" \/>\n<meta property=\"og:locale\" content=\"en_US\" \/>\n<meta property=\"og:type\" content=\"article\" \/>\n<meta property=\"og:title\" content=\"Apartmani Rijeka - Villa Anica Pe\u0107ine - Povoljni apartmani u Rijeci za do 4 osobe.\" \/>\n<meta property=\"og:description\" content=\"Apartmani u Rijeci - Apartman villa Anica Rijeka nudi ugodan i povoljan smje\u0161taj za do 4 osobe. Apartman je smje\u0161ten u bilizini mora - Pe\u0107ine. 091 5297 797\" \/>\n<meta property=\"og:url\" content=\"https:\/\/apartman-villa-anica-rijeka.com\/apartmani-villa-anica-rijeka\/\" \/>\n<meta property=\"og:site_name\" content=\"Villa Anica, Rijeka | Apartman u Rijeci, Pe\u0107ine\" \/>\n<meta property=\"article:modified_time\" content=\"2019-09-18T15:20:44+00:00\" \/>\n<meta name=\"twitter:card\" content=\"summary_large_image\" \/>\n<meta name=\"twitter:label1\" content=\"Est. reading time\" \/>\n\t<meta name=\"twitter:data1\" content=\"7 minutes\" \/>\n<script type=\"application\/ld+json\" class=\"yoast-schema-graph\">{\"@context\":\"https:\/\/schema.org\",\"@graph\":[{\"@type\":\"WebPage\",\"@id\":\"https:\/\/apartman-villa-anica-rijeka.com\/apartmani-villa-anica-rijeka\/\",\"url\":\"https:\/\/apartman-villa-anica-rijeka.com\/apartmani-villa-anica-rijeka\/\",\"name\":\"Apartmani Rijeka - Villa Anica Pe\u0107ine - Povoljni apartmani u Rijeci za do 4 osobe.\",\"isPartOf\":{\"@id\":\"https:\/\/apartman-villa-anica-rijeka.com\/it\/#website\"},\"datePublished\":\"2016-11-18T18:25:17+00:00\",\"dateModified\":\"2019-09-18T15:20:44+00:00\",\"description\":\"Apartmani u Rijeci - Apartman villa Anica Rijeka nudi ugodan i povoljan smje\u0161taj za do 4 osobe. Apartman je smje\u0161ten u bilizini mora - Pe\u0107ine. 091 5297 797\",\"breadcrumb\":{\"@id\":\"https:\/\/apartman-villa-anica-rijeka.com\/apartmani-villa-anica-rijeka\/#breadcrumb\"},\"inLanguage\":\"en-US\",\"potentialAction\":[{\"@type\":\"ReadAction\",\"target\":[\"https:\/\/apartman-villa-anica-rijeka.com\/apartmani-villa-anica-rijeka\/\"]}]},{\"@type\":\"BreadcrumbList\",\"@id\":\"https:\/\/apartman-villa-anica-rijeka.com\/apartmani-villa-anica-rijeka\/#breadcrumb\",\"itemListElement\":[{\"@type\":\"ListItem\",\"position\":1,\"name\":\"Po\u010detna stranica\",\"item\":\"https:\/\/apartman-villa-anica-rijeka.com\/it\/\"},{\"@type\":\"ListItem\",\"position\":2,\"name\":\"Apartman Villa Anica Rijeka\"}]},{\"@type\":\"WebSite\",\"@id\":\"https:\/\/apartman-villa-anica-rijeka.com\/it\/#website\",\"url\":\"https:\/\/apartman-villa-anica-rijeka.com\/it\/\",\"name\":\"Villa Anica, Rijeka | Apartman u Rijeci, Pe\u0107ine\",\"description\":\"Samo jo\u0161 jedna WordPress web stranica\",\"potentialAction\":[{\"@type\":\"SearchAction\",\"target\":{\"@type\":\"EntryPoint\",\"urlTemplate\":\"https:\/\/apartman-villa-anica-rijeka.com\/it\/?s={search_term_string}\"},\"query-input\":{\"@type\":\"PropertyValueSpecification\",\"valueRequired\":true,\"valueName\":\"search_term_string\"}}],\"inLanguage\":\"en-US\"}]}<\/script>\n<!-- \/ Yoast SEO plugin. -->","yoast_head_json":{"title":"Apartmani Rijeka - Villa Anica Pe\u0107ine - Povoljni apartmani u Rijeci za do 4 osobe.","description":"Apartmani u Rijeci - Apartman villa Anica Rijeka nudi ugodan i povoljan smje\u0161taj za do 4 osobe. Apartman je smje\u0161ten u bilizini mora - Pe\u0107ine. 091 5297 797","robots":{"index":"index","follow":"follow","max-snippet":"max-snippet:-1","max-image-preview":"max-image-preview:large","max-video-preview":"max-video-preview:-1"},"canonical":"https:\/\/apartman-villa-anica-rijeka.com\/apartmani-villa-anica-rijeka\/","og_locale":"en_US","og_type":"article","og_title":"Apartmani Rijeka - Villa Anica Pe\u0107ine - Povoljni apartmani u Rijeci za do 4 osobe.","og_description":"Apartmani u Rijeci - Apartman villa Anica Rijeka nudi ugodan i povoljan smje\u0161taj za do 4 osobe. Apartman je smje\u0161ten u bilizini mora - Pe\u0107ine. 091 5297 797","og_url":"https:\/\/apartman-villa-anica-rijeka.com\/apartmani-villa-anica-rijeka\/","og_site_name":"Villa Anica, Rijeka | Apartman u Rijeci, Pe\u0107ine","article_modified_time":"2019-09-18T15:20:44+00:00","twitter_card":"summary_large_image","twitter_misc":{"Est. reading time":"7 minutes"},"schema":{"@context":"https:\/\/schema.org","@graph":[{"@type":"WebPage","@id":"https:\/\/apartman-villa-anica-rijeka.com\/apartmani-villa-anica-rijeka\/","url":"https:\/\/apartman-villa-anica-rijeka.com\/apartmani-villa-anica-rijeka\/","name":"Apartmani Rijeka - Villa Anica Pe\u0107ine - Povoljni apartmani u Rijeci za do 4 osobe.","isPartOf":{"@id":"https:\/\/apartman-villa-anica-rijeka.com\/it\/#website"},"datePublished":"2016-11-18T18:25:17+00:00","dateModified":"2019-09-18T15:20:44+00:00","description":"Apartmani u Rijeci - Apartman villa Anica Rijeka nudi ugodan i povoljan smje\u0161taj za do 4 osobe. Apartman je smje\u0161ten u bilizini mora - Pe\u0107ine. 091 5297 797","breadcrumb":{"@id":"https:\/\/apartman-villa-anica-rijeka.com\/apartmani-villa-anica-rijeka\/#breadcrumb"},"inLanguage":"en-US","potentialAction":[{"@type":"ReadAction","target":["https:\/\/apartman-villa-anica-rijeka.com\/apartmani-villa-anica-rijeka\/"]}]},{"@type":"BreadcrumbList","@id":"https:\/\/apartman-villa-anica-rijeka.com\/apartmani-villa-anica-rijeka\/#breadcrumb","itemListElement":[{"@type":"ListItem","position":1,"name":"Po\u010detna stranica","item":"https:\/\/apartman-villa-anica-rijeka.com\/it\/"},{"@type":"ListItem","position":2,"name":"Apartman Villa Anica Rijeka"}]},{"@type":"WebSite","@id":"https:\/\/apartman-villa-anica-rijeka.com\/it\/#website","url":"https:\/\/apartman-villa-anica-rijeka.com\/it\/","name":"Villa Anica, Rijeka | Apartman u Rijeci, Pe\u0107ine","description":"Samo jo\u0161 jedna WordPress web stranica","potentialAction":[{"@type":"SearchAction","target":{"@type":"EntryPoint","urlTemplate":"https:\/\/apartman-villa-anica-rijeka.com\/it\/?s={search_term_string}"},"query-input":{"@type":"PropertyValueSpecification","valueRequired":true,"valueName":"search_term_string"}}],"inLanguage":"en-US"}]}},"_links":{"self":[{"href":"https:\/\/apartman-villa-anica-rijeka.com\/en\/wp-json\/wp\/v2\/pages\/91","targetHints":{"allow":["GET"]}}],"collection":[{"href":"https:\/\/apartman-villa-anica-rijeka.com\/en\/wp-json\/wp\/v2\/pages"}],"about":[{"href":"https:\/\/apartman-villa-anica-rijeka.com\/en\/wp-json\/wp\/v2\/types\/page"}],"author":[{"embeddable":true,"href":"https:\/\/apartman-villa-anica-rijeka.com\/en\/wp-json\/wp\/v2\/users\/1"}],"replies":[{"embeddable":true,"href":"https:\/\/apartman-villa-anica-rijeka.com\/en\/wp-json\/wp\/v2\/comments?post=91"}],"version-history":[{"count":38,"href":"https:\/\/apartman-villa-anica-rijeka.com\/en\/wp-json\/wp\/v2\/pages\/91\/revisions"}],"predecessor-version":[{"id":788,"href":"https:\/\/apartman-villa-anica-rijeka.com\/en\/wp-json\/wp\/v2\/pages\/91\/revisions\/788"}],"wp:attachment":[{"href":"https:\/\/apartman-villa-anica-rijeka.com\/en\/wp-json\/wp\/v2\/media?parent=91"}],"curies":[{"name":"wp","href":"https:\/\/api.w.org\/{rel}","templated":true}]}}