{"id":146,"date":"2016-11-22T08:36:06","date_gmt":"2016-11-22T07:36:06","guid":{"rendered":"http:\/\/apartman-villa-anica-rijeka.com\/wordpress\/?page_id=146"},"modified":"2017-08-22T19:09:35","modified_gmt":"2017-08-22T17:09:35","slug":"lokacija-apartmana-pecine-rijeka","status":"publish","type":"page","link":"https:\/\/apartman-villa-anica-rijeka.com\/it\/lokacija-apartmana-pecine-rijeka\/","title":{"rendered":"Dove si trova l&#8217;appartamento \u2013 Pe<span>\u0107<\/span>ine, Rijeka (Fiume)"},"content":{"rendered":"<p><\/p>\n<div id=\"o-apartmanu-wrapper\">\n<div id=\"o-apartmanu-inner\">\n<p>\nPe\u0107ine, uno dei rioni di Rijeka (Fiume) ha ottenuto il nome dalle grotte e caverne (pe\u0107ine in lingua croata) che si trovano in questa zona. Infatti, il fondo marino a Pe\u0107ine \u00e8 ricco di grotte molto attraenti. Oggi,  per\u00f2, l&#8217;ingresso di gran parte delle grotte \u00e8 stato chiuso o reso inaccessibile. Una delle ultime grotte marine ritenute \u201eautentiche\u201c \u00e8 quella che si trova nel giardino di Villa Gelletich.<\/p>\n<h2>La tradizione turistica di Pe<span>\u0107<\/span>ine<\/h2>\n<p>Le antiche ville di Pe\u0107ine, tra cui troviamo anche Villa Anica, sono sorte nella sottile fascia che separa il mare dall&#8217;entroterra. In ogni caso \u2013 questa \u00e8 una zona elitaria che vanta la pi\u00f9 antica tradizione turistica in citt\u00e0.<\/p>\n<p>Questo quartiere cittadino \u00e8 permeato da uno spirito austro-ungarico e dalla nostalgia dei vecchi tempi, nonch\u00e9 da un&#8217;urbanistica peculiare e da una lussurreggiante vegetazione che circonda edifici fantasiosi.<\/p>\n<div id=\"tradicija-lijevo\">\n<a href=\"http:\/\/apartman-villa-anica-rijeka.com\/wordpress\/wp-content\/uploads\/2017\/04\/apartman-rijeka-pecine-villa-anica-hotel-jadran.jpg\" title=\"Villa Anica - Appartamento a Fiume -Rijeka - Pe\u0107ine, vicino a hotel Jadran\"><img decoding=\"async\" src=\"http:\/\/apartman-villa-anica-rijeka.com\/wordpress\/wp-content\/uploads\/2017\/04\/apartman-rijeka-pecine-villa-anica-hotel-jadran.jpg\" title=\"Appartamento Villa Anica - Rijeka, Pe\u0107ine - Hotel Jadran\" alt=\"Hotel Jadran - Appartamento Villa Anica - Rijeka, Pe\u0107ine\"><\/a>\n<\/div>\n<div id=\"tradicija-desno\">\n<p>Oltre alle ville, qui troviamo anche l&#8217;albergo Jadran; \u00e8 particolare in quanto fu tra i primi al mondo ad essere stato costruito in cemento armato con le fondamenta poggianti in mare. L&#8217;albergo dispone di una stanza che porta il nome di <a href=\"https:\/\/hr.wikipedia.org\/wiki\/Ivana_Brli%C4%87-Ma%C5%BEurani%C4%87\" title=\"Informazioni su Ivana Brli\u0107 Ma\u017eurani\u0107\" target=\"_blank\">Ivana Brli\u0107 \u2013 Ma\u017eurani\u0107<\/a>. \u00c8 qui che la celebre scrittrice soggiornava ogni qualvolta faceva visita ai suoi nipoti che vivevano nella vicina Vila Ru\u017ei\u0107.<\/p>\n<\/div>\n<div cleass=\"clearfix\"><\/div>\n<p>Gran parte delle ville e degli alberghi furono costruiti nell&#8217;arco di pochi decenni a cavallo tra il XIX e il XX secolo, quando questo territorio fu interessato da un forte sviluppo turistico. La spiaggia pi\u00f9 antica a Pe\u0107ine, sottostante la Palazzina in zona Piramide, fu costruita nel 1885..<\/p>\n<h2>Le spiagge nelle vicinanze dell&#8217;appartamento<\/h2>\n<p>Le spiagge di Pe\u0107ine vengono ritenuto tra le pi\u00f9 belle di Rijeka (Fiume) e oggi ce ne sono complessivamente sette. La spiaggia di ciottoli <b>Sabli\u0107evo<\/b> (dista 100 m dall&#8217;appartamento Villa Anica) \u00e8 stata proclamata \u201ela pi\u00f9 bella spiaggia della riviera fiumana\u201c, mentre la spiaggia <b>Glavanovo<\/b>, che si trova nelle vicinanze, viene scelta soprattutto da anziani e famiglie con bambini perch\u00e9 l&#8217;acqua \u00e8 bassa e l&#8217;entrata in mare \u00e8 molto facile. Tra di esse sono ubicate le spiagge di Vila Olga e dell&#8217;albergo Park, e andando verso la parte occidentale della citt\u00e0 troviamo ancora le spiagge Srebrena, Ru\u017ei\u0107evo e Gr\u010devo, divenuta luogo di ritrovo durante i mesi estivi da quando vi \u00e8 stato inaugurato il bar Pajol.  <\/p>\n<p>Non dobbiamo scordarci di coloro che hanno animali domestici al loro seguito \u2013 nelle immediate vicinanze dell&#8217;appartamento (a 200 m) si trova anche la <b>spiaggia per cani<\/b>. \u00c8 un luogo piacevole anche per le persone \u2013 ci sono piccoli sassi, la spiaggia \u00e8 delimitata e c&#8217;\u00e8 pure la doccia a disposizione.\n<\/p>\nngg_shortcode_6_placeholder\n<h2>Shopping<\/h2>\n<p>A coloro che durante la vacanza estiva hanno voglia di fare shopping, segnaliamo che nei pressi di Villa Anica (a 200 m), gi\u00e0 da una decina d&#8217;anni, si trova il grande centro commerciale <a href=\"http:\/\/www.tower-center-rijeka.hr\/\" title=\"Appartamento Villa Anica Rijeka (Fiume) - Shopping\">Tower center<\/a> con pi\u00f9 di 200 tra negozi e servizi; offre una vasta gamma di vestiario (i pi\u00f9 noti marchi di abbigliamento); ci sono a disposizione anche una farmacia, un ristorante e il cinema multisala Cinestar.<\/p>\nngg_shortcode_7_placeholder\n<\/div>\n<\/div>\n<p>  <\/p>","protected":false},"excerpt":{"rendered":"<p>Pe\u0107ine, uno dei rioni di Rijeka (Fiume) ha ottenuto il nome dalle grotte e caverne (pe\u0107ine in lingua croata) che si trovano in questa zona. Infatti, il fondo marino a Pe\u0107ine \u00e8 ricco di grotte molto attraenti. Oggi, per\u00f2, l&#8217;ingresso di gran parte delle grotte \u00e8 stato chiuso o reso inaccessibile. Una delle ultime grotte [&hellip;]<\/p>\n","protected":false},"author":1,"featured_media":0,"parent":0,"menu_order":0,"comment_status":"closed","ping_status":"closed","template":"","meta":{"ngg_post_thumbnail":0,"footnotes":""},"class_list":["post-146","page","type-page","status-publish","hentry","post"],"yoast_head":"<!-- This site is optimized with the Yoast SEO plugin v25.2 - https:\/\/yoast.com\/wordpress\/plugins\/seo\/ -->\n<title>Dove si trova l&#039;appartamento \u2013 Pe\u0107ine, Rijeka (Fiume) - Villa Anica, Rijeka | Apartman u Rijeci, Pe\u0107ine<\/title>\n<meta name=\"robots\" content=\"index, follow, max-snippet:-1, max-image-preview:large, max-video-preview:-1\" \/>\n<link rel=\"canonical\" href=\"https:\/\/apartman-villa-anica-rijeka.com\/en\/lokacija-apartmana-pecine-rijeka\/\" \/>\n<meta property=\"og:locale\" content=\"it_IT\" \/>\n<meta property=\"og:type\" content=\"article\" \/>\n<meta property=\"og:title\" content=\"Dove si trova l&#039;appartamento \u2013 Pe\u0107ine, Rijeka (Fiume) - Villa Anica, Rijeka | Apartman u Rijeci, Pe\u0107ine\" \/>\n<meta property=\"og:description\" content=\"Pe\u0107ine, uno dei rioni di Rijeka (Fiume) ha ottenuto il nome dalle grotte e caverne (pe\u0107ine in lingua croata) che si trovano in questa zona. Infatti, il fondo marino a Pe\u0107ine \u00e8 ricco di grotte molto attraenti. Oggi, per\u00f2, l&#8217;ingresso di gran parte delle grotte \u00e8 stato chiuso o reso inaccessibile. Una delle ultime grotte [&hellip;]\" \/>\n<meta property=\"og:url\" content=\"https:\/\/apartman-villa-anica-rijeka.com\/en\/lokacija-apartmana-pecine-rijeka\/\" \/>\n<meta property=\"og:site_name\" content=\"Villa Anica, Rijeka | Apartman u Rijeci, Pe\u0107ine\" \/>\n<meta property=\"article:modified_time\" content=\"2017-08-22T17:09:35+00:00\" \/>\n<meta property=\"og:image\" content=\"http:\/\/apartman-villa-anica-rijeka.com\/wordpress\/wp-content\/uploads\/2017\/04\/apartman-rijeka-pecine-villa-anica-hotel-jadran.jpg\" \/>\n<meta name=\"twitter:card\" content=\"summary_large_image\" \/>\n<meta name=\"twitter:label1\" content=\"Tempo di lettura stimato\" \/>\n\t<meta name=\"twitter:data1\" content=\"11 minuti\" \/>\n<script type=\"application\/ld+json\" class=\"yoast-schema-graph\">{\"@context\":\"https:\/\/schema.org\",\"@graph\":[{\"@type\":\"WebPage\",\"@id\":\"https:\/\/apartman-villa-anica-rijeka.com\/en\/lokacija-apartmana-pecine-rijeka\/\",\"url\":\"https:\/\/apartman-villa-anica-rijeka.com\/en\/lokacija-apartmana-pecine-rijeka\/\",\"name\":\"Dove si trova l'appartamento \u2013 Pe\u0107ine, Rijeka (Fiume) - Villa Anica, Rijeka | Apartman u Rijeci, Pe\u0107ine\",\"isPartOf\":{\"@id\":\"https:\/\/apartman-villa-anica-rijeka.com\/it\/#website\"},\"primaryImageOfPage\":{\"@id\":\"https:\/\/apartman-villa-anica-rijeka.com\/en\/lokacija-apartmana-pecine-rijeka\/#primaryimage\"},\"image\":{\"@id\":\"https:\/\/apartman-villa-anica-rijeka.com\/en\/lokacija-apartmana-pecine-rijeka\/#primaryimage\"},\"thumbnailUrl\":\"http:\/\/apartman-villa-anica-rijeka.com\/wordpress\/wp-content\/uploads\/2017\/04\/apartman-rijeka-pecine-villa-anica-hotel-jadran.jpg\",\"datePublished\":\"2016-11-22T07:36:06+00:00\",\"dateModified\":\"2017-08-22T17:09:35+00:00\",\"breadcrumb\":{\"@id\":\"https:\/\/apartman-villa-anica-rijeka.com\/en\/lokacija-apartmana-pecine-rijeka\/#breadcrumb\"},\"inLanguage\":\"it-IT\",\"potentialAction\":[{\"@type\":\"ReadAction\",\"target\":[\"https:\/\/apartman-villa-anica-rijeka.com\/en\/lokacija-apartmana-pecine-rijeka\/\"]}]},{\"@type\":\"ImageObject\",\"inLanguage\":\"it-IT\",\"@id\":\"https:\/\/apartman-villa-anica-rijeka.com\/en\/lokacija-apartmana-pecine-rijeka\/#primaryimage\",\"url\":\"http:\/\/apartman-villa-anica-rijeka.com\/wordpress\/wp-content\/uploads\/2017\/04\/apartman-rijeka-pecine-villa-anica-hotel-jadran.jpg\",\"contentUrl\":\"http:\/\/apartman-villa-anica-rijeka.com\/wordpress\/wp-content\/uploads\/2017\/04\/apartman-rijeka-pecine-villa-anica-hotel-jadran.jpg\"},{\"@type\":\"BreadcrumbList\",\"@id\":\"https:\/\/apartman-villa-anica-rijeka.com\/en\/lokacija-apartmana-pecine-rijeka\/#breadcrumb\",\"itemListElement\":[{\"@type\":\"ListItem\",\"position\":1,\"name\":\"Po\u010detna stranica\",\"item\":\"https:\/\/apartman-villa-anica-rijeka.com\/it\/\"},{\"@type\":\"ListItem\",\"position\":2,\"name\":\"Apartment Location \u2013 Pe\u0107ine, Rijeka\"}]},{\"@type\":\"WebSite\",\"@id\":\"https:\/\/apartman-villa-anica-rijeka.com\/it\/#website\",\"url\":\"https:\/\/apartman-villa-anica-rijeka.com\/it\/\",\"name\":\"Villa Anica, Rijeka | Apartman u Rijeci, Pe\u0107ine\",\"description\":\"(English) Samo jo\u0161 jedna WordPress web stranica\",\"potentialAction\":[{\"@type\":\"SearchAction\",\"target\":{\"@type\":\"EntryPoint\",\"urlTemplate\":\"https:\/\/apartman-villa-anica-rijeka.com\/it\/?s={search_term_string}\"},\"query-input\":{\"@type\":\"PropertyValueSpecification\",\"valueRequired\":true,\"valueName\":\"search_term_string\"}}],\"inLanguage\":\"it-IT\"}]}<\/script>\n<!-- \/ Yoast SEO plugin. -->","yoast_head_json":{"title":"Dove si trova l'appartamento \u2013 Pe\u0107ine, Rijeka (Fiume) - Villa Anica, Rijeka | Apartman u Rijeci, Pe\u0107ine","robots":{"index":"index","follow":"follow","max-snippet":"max-snippet:-1","max-image-preview":"max-image-preview:large","max-video-preview":"max-video-preview:-1"},"canonical":"https:\/\/apartman-villa-anica-rijeka.com\/en\/lokacija-apartmana-pecine-rijeka\/","og_locale":"it_IT","og_type":"article","og_title":"Dove si trova l'appartamento \u2013 Pe\u0107ine, Rijeka (Fiume) - Villa Anica, Rijeka | Apartman u Rijeci, Pe\u0107ine","og_description":"Pe\u0107ine, uno dei rioni di Rijeka (Fiume) ha ottenuto il nome dalle grotte e caverne (pe\u0107ine in lingua croata) che si trovano in questa zona. Infatti, il fondo marino a Pe\u0107ine \u00e8 ricco di grotte molto attraenti. Oggi, per\u00f2, l&#8217;ingresso di gran parte delle grotte \u00e8 stato chiuso o reso inaccessibile. Una delle ultime grotte [&hellip;]","og_url":"https:\/\/apartman-villa-anica-rijeka.com\/en\/lokacija-apartmana-pecine-rijeka\/","og_site_name":"Villa Anica, Rijeka | Apartman u Rijeci, Pe\u0107ine","article_modified_time":"2017-08-22T17:09:35+00:00","og_image":[{"url":"http:\/\/apartman-villa-anica-rijeka.com\/wordpress\/wp-content\/uploads\/2017\/04\/apartman-rijeka-pecine-villa-anica-hotel-jadran.jpg","type":"","width":"","height":""}],"twitter_card":"summary_large_image","twitter_misc":{"Tempo di lettura stimato":"11 minuti"},"schema":{"@context":"https:\/\/schema.org","@graph":[{"@type":"WebPage","@id":"https:\/\/apartman-villa-anica-rijeka.com\/en\/lokacija-apartmana-pecine-rijeka\/","url":"https:\/\/apartman-villa-anica-rijeka.com\/en\/lokacija-apartmana-pecine-rijeka\/","name":"Dove si trova l'appartamento \u2013 Pe\u0107ine, Rijeka (Fiume) - Villa Anica, Rijeka | Apartman u Rijeci, Pe\u0107ine","isPartOf":{"@id":"https:\/\/apartman-villa-anica-rijeka.com\/it\/#website"},"primaryImageOfPage":{"@id":"https:\/\/apartman-villa-anica-rijeka.com\/en\/lokacija-apartmana-pecine-rijeka\/#primaryimage"},"image":{"@id":"https:\/\/apartman-villa-anica-rijeka.com\/en\/lokacija-apartmana-pecine-rijeka\/#primaryimage"},"thumbnailUrl":"http:\/\/apartman-villa-anica-rijeka.com\/wordpress\/wp-content\/uploads\/2017\/04\/apartman-rijeka-pecine-villa-anica-hotel-jadran.jpg","datePublished":"2016-11-22T07:36:06+00:00","dateModified":"2017-08-22T17:09:35+00:00","breadcrumb":{"@id":"https:\/\/apartman-villa-anica-rijeka.com\/en\/lokacija-apartmana-pecine-rijeka\/#breadcrumb"},"inLanguage":"it-IT","potentialAction":[{"@type":"ReadAction","target":["https:\/\/apartman-villa-anica-rijeka.com\/en\/lokacija-apartmana-pecine-rijeka\/"]}]},{"@type":"ImageObject","inLanguage":"it-IT","@id":"https:\/\/apartman-villa-anica-rijeka.com\/en\/lokacija-apartmana-pecine-rijeka\/#primaryimage","url":"http:\/\/apartman-villa-anica-rijeka.com\/wordpress\/wp-content\/uploads\/2017\/04\/apartman-rijeka-pecine-villa-anica-hotel-jadran.jpg","contentUrl":"http:\/\/apartman-villa-anica-rijeka.com\/wordpress\/wp-content\/uploads\/2017\/04\/apartman-rijeka-pecine-villa-anica-hotel-jadran.jpg"},{"@type":"BreadcrumbList","@id":"https:\/\/apartman-villa-anica-rijeka.com\/en\/lokacija-apartmana-pecine-rijeka\/#breadcrumb","itemListElement":[{"@type":"ListItem","position":1,"name":"Po\u010detna stranica","item":"https:\/\/apartman-villa-anica-rijeka.com\/it\/"},{"@type":"ListItem","position":2,"name":"Apartment Location \u2013 Pe\u0107ine, Rijeka"}]},{"@type":"WebSite","@id":"https:\/\/apartman-villa-anica-rijeka.com\/it\/#website","url":"https:\/\/apartman-villa-anica-rijeka.com\/it\/","name":"Villa Anica, Rijeka | Apartman u Rijeci, Pe\u0107ine","description":"(English) Samo jo\u0161 jedna WordPress web stranica","potentialAction":[{"@type":"SearchAction","target":{"@type":"EntryPoint","urlTemplate":"https:\/\/apartman-villa-anica-rijeka.com\/it\/?s={search_term_string}"},"query-input":{"@type":"PropertyValueSpecification","valueRequired":true,"valueName":"search_term_string"}}],"inLanguage":"it-IT"}]}},"_links":{"self":[{"href":"https:\/\/apartman-villa-anica-rijeka.com\/it\/wp-json\/wp\/v2\/pages\/146","targetHints":{"allow":["GET"]}}],"collection":[{"href":"https:\/\/apartman-villa-anica-rijeka.com\/it\/wp-json\/wp\/v2\/pages"}],"about":[{"href":"https:\/\/apartman-villa-anica-rijeka.com\/it\/wp-json\/wp\/v2\/types\/page"}],"author":[{"embeddable":true,"href":"https:\/\/apartman-villa-anica-rijeka.com\/it\/wp-json\/wp\/v2\/users\/1"}],"replies":[{"embeddable":true,"href":"https:\/\/apartman-villa-anica-rijeka.com\/it\/wp-json\/wp\/v2\/comments?post=146"}],"version-history":[{"count":31,"href":"https:\/\/apartman-villa-anica-rijeka.com\/it\/wp-json\/wp\/v2\/pages\/146\/revisions"}],"predecessor-version":[{"id":632,"href":"https:\/\/apartman-villa-anica-rijeka.com\/it\/wp-json\/wp\/v2\/pages\/146\/revisions\/632"}],"wp:attachment":[{"href":"https:\/\/apartman-villa-anica-rijeka.com\/it\/wp-json\/wp\/v2\/media?parent=146"}],"curies":[{"name":"wp","href":"https:\/\/api.w.org\/{rel}","templated":true}]}}