{"id":2,"date":"2016-11-02T18:22:20","date_gmt":"2016-11-02T17:22:20","guid":{"rendered":"http:\/\/apartman-villa-anica-rijeka.com\/wordpress\/?page_id=2"},"modified":"2024-01-19T13:57:18","modified_gmt":"2024-01-19T12:57:18","slug":"dobrodosli-villu-anicu-apartman-rijeci","status":"publish","type":"page","link":"https:\/\/apartman-villa-anica-rijeka.com\/it\/","title":{"rendered":"Benvenuti a Villa Anica \u2013 l&#8217;appartamento a Rijeka &#8211; Fiume"},"content":{"rendered":"<p><\/p>\n<div class=\"naslovna-uvod-wrapper\">\n<div class=\"naslovna-uvod-inner boxed-content\">\n<p>L&#8217;appartamento \u201cVilla Anica\u201d \u00e8 situato a Pe\u0107ine, rione elitario e tranquillo. Si trova nell&#8217;antica villa di famiglia che dispone di un grande e bellissimo giardino con vista sul mare. Sotto la villa si trova la bellissima spiaggia  &#8211; Sabli\u0107evo (dista 100 metri dall&#8217;appartamento), e nelle immediate vicinanze c&#8217;\u00e8 pure la spiaggia per cani. <\/p>\n<p>I vantaggi della zona in cui \u00e8 ubicato l&#8217;appartamento sono molteplici: parcheggio gratuito, vicinanza del centro citt\u00e0, del Santuario mariano di Tersatto, del Campus dell&#8217;Universit\u00e0 degli studi di Rijeka (Fiume) e della pista da jogging. Nelle vicinanze dell&#8217;appartamento si trovano pure i seguenti contenuti e servizi: il grande e moderno shopping center ( Tower Centar Rijeka con piu&#8217; di 200 negozi, nell&#8217;ambito del quale si trova il cinema multisala CineStar), farmacia, ristorante &#8211; pizzeria.<\/p>\n<p>La proprietaria dell&#8217;appartamento parla le lingue inglese e italiana. <\/p>\n<div id=\"homparge-gallery-wrapper\" class=\"animated fadeIn duration3 eds-on-scroll\">ngg_shortcode_3_placeholder<\/div>\n<p><a class=\"home-button home-button-1\" title=\"Appartamento a Fiume - Rijeka - Villa Anica | Maggiori informazioni\" href=\"http:\/\/apartman-villa-anica-rijeka.com\/wordpress\/apartmani-villa-anica-rijeka\/\"><i class=\"fa fa-info-circle\"><\/i> Maggiori informazioni<\/a><\/p>\n<\/div>\n<\/div>\n<div class=\"naslovna-karakteristike-wrapper\">\n<div class=\"naslovna-karakteristike-inner boxed-content\">\n<div class=\"naslovna-karakteristike naslovna-karakteristike-1\"><span class=\"karakteristike-icon\"><i class=\"fa fa-home\"><\/i><\/span><\/p>\n<h3>Le caratteristiche dell&#8217;appartamento:<\/h3>\n<ul>\n<li><i class=\"fa fa-arrows-alt\"><\/i> Superficie:  45m2<\/li>\n<li><i class=\"fa fa-plus-square-o\"><\/i> Numero di stanze: 1<\/li>\n<li><i class=\"fa fa-bed\"><\/i> Posti letto: 2+2 aggiuntivi<\/li>\n<li><img decoding=\"async\" class=\"home-icon\" src=\"\/wordpress\/wp-content\/uploads\/2017\/04\/icon-kitchen.png\"> Cucina arredata<\/li>\n<li><i class=\"fa fa-shower\"><\/i> Bagno con doccia<\/li>\n<li><i class=\"fa fa-star\"><\/i> Classe: 3 stelle<\/li>\n<\/ul>\n<p class=\"naslovna-price-box animated tada duration3 eds-on-scroll\"><span class=\"naslovna-price-box-row1\">Pernottamento <\/span><br \/>\n<span class=\"naslovna-price-box-row2\">da <b>60<\/b> \u20ac<\/span> <span class=\"naslovna-price-box-row3\"><a title=\"Appartamenti Rijeka - Fiume - Villa Anica - Kontakt\" href=\"\/wordpress\/apartman-villa-anica-rijeka-kontakt\/\">Contattaci<\/a> per informazioni dettagliate.<\/span><\/p>\n<\/div>\n<div class=\"naslovna-karakteristike naslovna-karakteristike-2\"><span class=\"karakteristike-icon\"><i class=\"fa fa-map-marker\"><\/i><\/span><\/p>\n<h3>L&#8217;appartamento dista:<\/h3>\n<ul>\n<li><i class=\"fa fa-sun-o\"><\/i> 100 m dalla spiaggia<\/li>\n<li><i class=\"fa fa-bullseye\"><\/i> 1,5 km dal centro<\/li>\n<li><i class=\"fa fa-map-signs\"><\/i> 70 m dalla fermata dell&#8217;autobus (linea urbana)<\/li>\n<li><i class=\"fa fa-bus\"><\/i> 3 km dal terminal degli autobus<\/li>\n<li><i class=\"fa fa-train\"><\/i> 3,5 km dalla stazione ferroviaria<\/li>\n<li><i class=\"fa fa-ship\"><\/i> 3 km dal porto passeggeri<\/li>\n<li><i class=\"fa fa-plane\"><\/i> 20 km dall&#8217;aeroporto<\/li>\n<li><i class=\"fa fa-shopping-cart\"><\/i> 150 m dal grande shopping center<\/li>\n<li><i class=\"fa fa-cutlery\"><\/i> 150 m dal ristorante<\/li>\n<\/ul>\n<\/div>\n<div class=\"naslovna-karakteristike naslovna-karakteristike-3\"><span class=\"karakteristike-icon\"><i class=\"fa fa-file-text-o\"><\/i><\/span><\/p>\n<h3>L&#8217;appartamento \u00e8 dotato di:<\/h3>\n<ul>\n<li><i class=\"fa fa-snowflake-o\"><\/i> Aria condizionata<\/li>\n<li><i class=\"fa fa-wifi\"><\/i>  Internet WiFi gratuito<\/li>\n<li><i class=\"fa fa-tree\"><\/i> Giardino con mobili da giardino<\/li>\n<li><i class=\"fa fa-car\"><\/i> Parcheggio gratuito<\/li>\n<li><i class=\"fa fa-paw\"><\/i> Animali domestici \u2013 soggiorno gratuito<\/li>\n<li><i class=\"fa fa-television\"><\/i> Televisione \/ radio<\/li>\n<li><i class=\"fa fa-eercast\"><\/i> Lavatrice<\/li>\n<li><i class=\"fa fa-bed\"><\/i> Biancheria e asciugamani<\/li>\n<li><i class=\"fa fa-fire\"><\/i> Riscaldamento<\/li>\n<\/ul>\n<\/div>\n<div class=\"clearfix\">&nbsp;<\/div>\n<\/div>\n<\/div>\n<div class=\"naslovna-lokacija-wrapper\">\n<div class=\"naslovna-lokacija-inner boxed-content\">\n<h2>Pe<span>\u0107<\/span>ine, Rijeka (Fiume) &#8211; il quartiere ideale per un appartamento<\/h2>\n<div class=\"naslovna-lokacija-left animated fadeIn duration3 eds-on-scroll\"><iframe loading=\"lazy\" src=\"https:\/\/player.vimeo.com\/video\/43756949\" width=\"640\" height=\"360\" frameborder=\"0\" allowfullscreen=\"allowfullscreen\"><\/iframe><\/div>\n<div class=\"naslovna-lokacija-right\">\n<p>Anche se Rijeka (Fiume) \u00e8 una citt\u00e0 portuale, in essa non vige lo spirito industriale, ha saputo mantenere lo charme del litorale, nascosto tra le sue vie. La citt\u00e0 \u00e8 ricca di bellezze storiche che testimoniano il suo ricco passato.<\/p>\n<p>Pe\u0107ine, il rione cittadino di Rijeka (Fiume), che si trova nella sottile fascia tra mare ed entroterra, \u00e8 caratterizzato da un&#8217;inifinita libert\u00e0 di spazio che da una parte sale in cielo e dall&#8217;altra si apre verso il mare.<br \/>\nIl quartiere \u00e8 caratterizzato da antiche ville, tra cui anche Villa Anica. Le spiagge a Pe\u0107ine risultato essere tra le piu&#8217; belle di Rijeka (Fiume) e oggi se ne contano complessivamente sette. In ogni caso \u2013 si tratta di una zona elitaria che vanta la piu&#8217; antica tradizione turistica nella citta&#8217; di Rijeka (Fiume). <\/p>\n<\/div>\n<div class=\"clearfix\">&nbsp;<\/div>\n<p><a class=\"home-button home-button-2\" title=\"Aappartamento a Fiume - Rijeka - Villa Anica | Il quartiere \" href=\"\/wordpress\/lokacija-apartmana-pecine-rijeka\/\"><i class=\"fa fa-info-circle\"><\/i> Maggiori informazioni<\/a><\/p>\n<\/div>\n<\/div>\n<div id=\"home-map-wrapper\">&nbsp;<\/div>\n<p><\/p>","protected":false},"excerpt":{"rendered":"<p>L&#8217;appartamento \u201cVilla Anica\u201d \u00e8 situato a Pe\u0107ine, rione elitario e tranquillo. Si trova nell&#8217;antica villa di famiglia che dispone di un grande e bellissimo giardino con vista sul mare. Sotto la villa si trova la bellissima spiaggia &#8211; Sabli\u0107evo (dista 100 metri dall&#8217;appartamento), e nelle immediate vicinanze c&#8217;\u00e8 pure la spiaggia per cani. I vantaggi [&hellip;]<\/p>\n","protected":false},"author":1,"featured_media":0,"parent":0,"menu_order":0,"comment_status":"closed","ping_status":"open","template":"templates\/template-full.php","meta":{"ngg_post_thumbnail":0,"footnotes":""},"class_list":["post-2","page","type-page","status-publish","hentry","post"],"yoast_head":"<!-- This site is optimized with the Yoast SEO plugin v25.2 - https:\/\/yoast.com\/wordpress\/plugins\/seo\/ -->\n<title>(Hrvatski) Villa Anica - Apartman u Rijeci. +385 91 5297 797 - Apartmani Rijeka<\/title>\n<meta name=\"description\" content=\"(Hrvatski) Villa Anica je apartman u Rijeci, smje\u0161ten u naselju Pe\u0107ine, a nudi ugodan i povoljan privatni smje\u0161taj za do 4 osobe. Adresa: J.P. Kamova 56 ( Pe\u0107ine ) - Apartmani Rijeka.\" \/>\n<meta name=\"robots\" content=\"index, follow, max-snippet:-1, max-image-preview:large, max-video-preview:-1\" \/>\n<link rel=\"canonical\" href=\"https:\/\/apartman-villa-anica-rijeka.com\/it\/\" \/>\n<meta property=\"og:locale\" content=\"it_IT\" \/>\n<meta property=\"og:type\" content=\"article\" \/>\n<meta property=\"og:title\" content=\"(Hrvatski) Villa Anica - Apartman u Rijeci. +385 91 5297 797 - Apartmani Rijeka\" \/>\n<meta property=\"og:description\" content=\"(Hrvatski) Villa Anica je apartman u Rijeci, smje\u0161ten u naselju Pe\u0107ine, a nudi ugodan i povoljan privatni smje\u0161taj za do 4 osobe. Adresa: J.P. Kamova 56 ( Pe\u0107ine ) - Apartmani Rijeka.\" \/>\n<meta property=\"og:url\" content=\"https:\/\/apartman-villa-anica-rijeka.com\/it\/\" \/>\n<meta property=\"og:site_name\" content=\"Villa Anica, Rijeka | Apartman u Rijeci, Pe\u0107ine\" \/>\n<meta property=\"article:modified_time\" content=\"2024-01-19T12:57:18+00:00\" \/>\n<meta name=\"twitter:card\" content=\"summary_large_image\" \/>\n<meta name=\"twitter:label1\" content=\"Tempo di lettura stimato\" \/>\n\t<meta name=\"twitter:data1\" content=\"9 minuti\" \/>\n<script type=\"application\/ld+json\" class=\"yoast-schema-graph\">{\"@context\":\"https:\/\/schema.org\",\"@graph\":[{\"@type\":\"WebPage\",\"@id\":\"https:\/\/apartman-villa-anica-rijeka.com\/it\/\",\"url\":\"https:\/\/apartman-villa-anica-rijeka.com\/it\/\",\"name\":\"(Hrvatski) Villa Anica - Apartman u Rijeci. +385 91 5297 797 - Apartmani Rijeka\",\"isPartOf\":{\"@id\":\"https:\/\/apartman-villa-anica-rijeka.com\/it\/#website\"},\"datePublished\":\"2016-11-02T17:22:20+00:00\",\"dateModified\":\"2024-01-19T12:57:18+00:00\",\"description\":\"(Hrvatski) Villa Anica je apartman u Rijeci, smje\u0161ten u naselju Pe\u0107ine, a nudi ugodan i povoljan privatni smje\u0161taj za do 4 osobe. Adresa: J.P. Kamova 56 ( Pe\u0107ine ) - Apartmani Rijeka.\",\"breadcrumb\":{\"@id\":\"https:\/\/apartman-villa-anica-rijeka.com\/it\/#breadcrumb\"},\"inLanguage\":\"it-IT\",\"potentialAction\":[{\"@type\":\"ReadAction\",\"target\":[\"https:\/\/apartman-villa-anica-rijeka.com\/it\/\"]}]},{\"@type\":\"BreadcrumbList\",\"@id\":\"https:\/\/apartman-villa-anica-rijeka.com\/it\/#breadcrumb\",\"itemListElement\":[{\"@type\":\"ListItem\",\"position\":1,\"name\":\"Po\u010detna stranica\",\"item\":\"https:\/\/apartman-villa-anica-rijeka.com\/it\/\"},{\"@type\":\"ListItem\",\"position\":2,\"name\":\"Benvenuti a Villa Anica \u2013 l&#8217;appartamento a Rijeka &#8211; Fiume\"}]},{\"@type\":\"WebSite\",\"@id\":\"https:\/\/apartman-villa-anica-rijeka.com\/it\/#website\",\"url\":\"https:\/\/apartman-villa-anica-rijeka.com\/it\/\",\"name\":\"Villa Anica, Rijeka | Apartman u Rijeci, Pe\u0107ine\",\"description\":\"(English) Samo jo\u0161 jedna WordPress web stranica\",\"potentialAction\":[{\"@type\":\"SearchAction\",\"target\":{\"@type\":\"EntryPoint\",\"urlTemplate\":\"https:\/\/apartman-villa-anica-rijeka.com\/it\/?s={search_term_string}\"},\"query-input\":{\"@type\":\"PropertyValueSpecification\",\"valueRequired\":true,\"valueName\":\"search_term_string\"}}],\"inLanguage\":\"it-IT\"}]}<\/script>\n<!-- \/ Yoast SEO plugin. -->","yoast_head_json":{"title":"(Hrvatski) Villa Anica - Apartman u Rijeci. +385 91 5297 797 - Apartmani Rijeka","description":"(Hrvatski) Villa Anica je apartman u Rijeci, smje\u0161ten u naselju Pe\u0107ine, a nudi ugodan i povoljan privatni smje\u0161taj za do 4 osobe. Adresa: J.P. Kamova 56 ( Pe\u0107ine ) - Apartmani Rijeka.","robots":{"index":"index","follow":"follow","max-snippet":"max-snippet:-1","max-image-preview":"max-image-preview:large","max-video-preview":"max-video-preview:-1"},"canonical":"https:\/\/apartman-villa-anica-rijeka.com\/it\/","og_locale":"it_IT","og_type":"article","og_title":"(Hrvatski) Villa Anica - Apartman u Rijeci. +385 91 5297 797 - Apartmani Rijeka","og_description":"(Hrvatski) Villa Anica je apartman u Rijeci, smje\u0161ten u naselju Pe\u0107ine, a nudi ugodan i povoljan privatni smje\u0161taj za do 4 osobe. Adresa: J.P. Kamova 56 ( Pe\u0107ine ) - Apartmani Rijeka.","og_url":"https:\/\/apartman-villa-anica-rijeka.com\/it\/","og_site_name":"Villa Anica, Rijeka | Apartman u Rijeci, Pe\u0107ine","article_modified_time":"2024-01-19T12:57:18+00:00","twitter_card":"summary_large_image","twitter_misc":{"Tempo di lettura stimato":"9 minuti"},"schema":{"@context":"https:\/\/schema.org","@graph":[{"@type":"WebPage","@id":"https:\/\/apartman-villa-anica-rijeka.com\/it\/","url":"https:\/\/apartman-villa-anica-rijeka.com\/it\/","name":"(Hrvatski) Villa Anica - Apartman u Rijeci. +385 91 5297 797 - Apartmani Rijeka","isPartOf":{"@id":"https:\/\/apartman-villa-anica-rijeka.com\/it\/#website"},"datePublished":"2016-11-02T17:22:20+00:00","dateModified":"2024-01-19T12:57:18+00:00","description":"(Hrvatski) Villa Anica je apartman u Rijeci, smje\u0161ten u naselju Pe\u0107ine, a nudi ugodan i povoljan privatni smje\u0161taj za do 4 osobe. Adresa: J.P. Kamova 56 ( Pe\u0107ine ) - Apartmani Rijeka.","breadcrumb":{"@id":"https:\/\/apartman-villa-anica-rijeka.com\/it\/#breadcrumb"},"inLanguage":"it-IT","potentialAction":[{"@type":"ReadAction","target":["https:\/\/apartman-villa-anica-rijeka.com\/it\/"]}]},{"@type":"BreadcrumbList","@id":"https:\/\/apartman-villa-anica-rijeka.com\/it\/#breadcrumb","itemListElement":[{"@type":"ListItem","position":1,"name":"Po\u010detna stranica","item":"https:\/\/apartman-villa-anica-rijeka.com\/it\/"},{"@type":"ListItem","position":2,"name":"Benvenuti a Villa Anica \u2013 l&#8217;appartamento a Rijeka &#8211; Fiume"}]},{"@type":"WebSite","@id":"https:\/\/apartman-villa-anica-rijeka.com\/it\/#website","url":"https:\/\/apartman-villa-anica-rijeka.com\/it\/","name":"Villa Anica, Rijeka | Apartman u Rijeci, Pe\u0107ine","description":"(English) Samo jo\u0161 jedna WordPress web stranica","potentialAction":[{"@type":"SearchAction","target":{"@type":"EntryPoint","urlTemplate":"https:\/\/apartman-villa-anica-rijeka.com\/it\/?s={search_term_string}"},"query-input":{"@type":"PropertyValueSpecification","valueRequired":true,"valueName":"search_term_string"}}],"inLanguage":"it-IT"}]}},"_links":{"self":[{"href":"https:\/\/apartman-villa-anica-rijeka.com\/it\/wp-json\/wp\/v2\/pages\/2","targetHints":{"allow":["GET"]}}],"collection":[{"href":"https:\/\/apartman-villa-anica-rijeka.com\/it\/wp-json\/wp\/v2\/pages"}],"about":[{"href":"https:\/\/apartman-villa-anica-rijeka.com\/it\/wp-json\/wp\/v2\/types\/page"}],"author":[{"embeddable":true,"href":"https:\/\/apartman-villa-anica-rijeka.com\/it\/wp-json\/wp\/v2\/users\/1"}],"replies":[{"embeddable":true,"href":"https:\/\/apartman-villa-anica-rijeka.com\/it\/wp-json\/wp\/v2\/comments?post=2"}],"version-history":[{"count":90,"href":"https:\/\/apartman-villa-anica-rijeka.com\/it\/wp-json\/wp\/v2\/pages\/2\/revisions"}],"predecessor-version":[{"id":794,"href":"https:\/\/apartman-villa-anica-rijeka.com\/it\/wp-json\/wp\/v2\/pages\/2\/revisions\/794"}],"wp:attachment":[{"href":"https:\/\/apartman-villa-anica-rijeka.com\/it\/wp-json\/wp\/v2\/media?parent=2"}],"curies":[{"name":"wp","href":"https:\/\/api.w.org\/{rel}","templated":true}]}}