{"id":231,"date":"2017-02-15T13:27:09","date_gmt":"2017-02-15T12:27:09","guid":{"rendered":"http:\/\/apartman-villa-anica-rijeka.com\/wordpress\/?page_id=231"},"modified":"2018-02-05T20:57:53","modified_gmt":"2018-02-05T19:57:53","slug":"apartman-villa-anica-o-rijeci","status":"publish","type":"page","link":"https:\/\/apartman-villa-anica-rijeka.com\/it\/apartman-villa-anica-o-rijeci\/","title":{"rendered":"L&#8217;appartamento Villa Anica \u2013 Su Fiume (Rijeka)"},"content":{"rendered":"<p><\/p>\n<div id=\"o-apartmanu-wrapper\">\n<div id=\"o-apartmanu-inner\">\n<p>Rijeka (Fiume) \u00e8 l&#8217;unica citt\u00e0 croata ad avere ben tre musei in Italia. E le ragioni non sono poche. Si tratta dell&#8217;Archivio e del Museo di storia di Fiume con sede a Roma, del Vittoriale di D&#8217;Annunzio sul Lago di Garda nonch\u00e9 del Museo della cultura dalmata, fiumana ed istriana che si trova a Trieste. Per rendersi conto della bellezza di questa citt\u00e0 dal passato estremamente travagliato, si devono assorbire lentamente le emozioni scaturite e concedersi alcune giornate all&#8217;insegna di passeggiate e ricerche, per scendere fino al mare ma anche per salire fino al <b>Castello e al Santuario mariano di Tersatto.<\/b><\/p>\nngg_shortcode_6_placeholder\n<p>L&#8217;irlandese \u2013 e patriota croato! \u2013 Laval Nugent, uno dei soli tre marescialli  della Monarchia asburgica, verso la met\u00e0 del XIX secolo, ristruttur\u00f2 l&#8217;antico castello francopano e nel 1843 vi fond\u00f2 il primo museo in Croazia con opere di Leonardo da Vinci, Giorgione, Tiziano, Paolo Veronese, Tintoretto&#8230; \u2013 un&#8217;ottantina di queste opere sono custodite nel Museo di storia e marineria del <b>Litorale croato (ex Palazzo del Governo)<\/b>. Nel castello troviamo anche due <b>basilischi<\/b> in metallo, realizzati da Anton Dominik von Fernkorn, il pi\u00f9 grande scultore di cavalieri del XIX secolo.<\/p>\n<p><b>Il Santuario della Madonna di Tersatto<\/b>, a prescindere dalla sua umile architettura, \u00e8 uno dei santuari pi\u00f9 importanti del cattolicesimo, ci\u00f2 in quanto, secondo una leggenda, fu costruita nel luogo in cui per un breve periodo si trovo&#8217; la Casa di Nazareth che gli angeli trasportarono dalla Terra Santa e nella quale l&#8217;arcangelo Gabriele annunci\u00f2 alla vergine Maria che avrebbe partorito Cristo! Oggi la Santa casa si trova a Loreto, nei pressi di Ancona, e su di essa \u00e8 stata edificata una chiesa maestosa. <\/p>\n<p>Nel tesoro della <b>Cattedrale di San Vito<\/b> si pu\u00f2 ammirare, invece, una particolare corona di <b>moretti<\/b> (le testine di mori con il turbante), tipico monile fiumano.<\/p>\n<p>Gli architetti viennesi Fellner e Helmer progettarono il <b>teatro fiumano<\/b> (ne progettarono 53); nell&#8217;edificio si trovano gli olii su tela firmati da Gustav Klimt, fondatore della Secessione. In questo teatro si esib\u00ec la divina Sarah Bernard e inoltre D&#8217;Annunzio recit\u00f2 in questa sede i versi della sua opera \u201eLa nave\u201c nel lontano 1907.<\/p>\n<p>A Rijeka (Fiume) non ci sono ampie piazze, visto che la citt\u00e0 si allunga parallelamente alla costa, ma c&#8217;\u00e8 il <b>Corso<\/b>, la principale passeggiata fiumana, cuore pulsante della citt\u00e0. Centinaia di negozi, grandi magazzini, innumerevoli bar e ristoranti contribuiscono a rendere questo luogo adatto al divertimento e al relax.\n<\/p>\n<p>Il porto fu progettato dal francese Pascal, che progett\u00f2 pure i porti di Marsiglia e Trieste. <\/p>\n<p>Nel 1912 da Rijeka (Fiume) salp\u00f2 la nave passeggeri <b>Carpathia<\/b>, impiegata sulla tratta Fiume-New York  e le circostanze vollero che arrivasse per prima in soccorso ai passeggeri dell&#8217;appena affondato <b>Titanic<\/b>! Nel <b>Museo di storia e marineria<\/b> del Litorale croato a Rijeka (Fiume) \u00e8 custodito il giubbotto di salvataggio di questa sventurata nave, protagonista della pi\u00f9 nota catastrofe marittima di tutti i tempi..\n<\/p>\n<p>Oggi sia il porto che tutta la citt\u00e0 possono essere ammirati anche dalla diga foranea lunga due chilometri; la passeggiata in passato port\u00f2 il nome dell&#8217;imperatrice Maria Teresa.<\/p>\nngg_shortcode_7_placeholder<\/div>\n<\/div>\n<p><\/p>","protected":false},"excerpt":{"rendered":"<p>Rijeka (Fiume) \u00e8 l&#8217;unica citt\u00e0 croata ad avere ben tre musei in Italia. E le ragioni non sono poche. Si tratta dell&#8217;Archivio e del Museo di storia di Fiume con sede a Roma, del Vittoriale di D&#8217;Annunzio sul Lago di Garda nonch\u00e9 del Museo della cultura dalmata, fiumana ed istriana che si trova a Trieste. [&hellip;]<\/p>\n","protected":false},"author":1,"featured_media":0,"parent":0,"menu_order":0,"comment_status":"closed","ping_status":"closed","template":"","meta":{"ngg_post_thumbnail":0,"footnotes":""},"class_list":["post-231","page","type-page","status-publish","hentry","post"],"yoast_head":"<!-- This site is optimized with the Yoast SEO plugin v25.2 - https:\/\/yoast.com\/wordpress\/plugins\/seo\/ -->\n<title>L&#039;appartamento Villa Anica \u2013 Su Fiume (Rijeka) - Villa Anica, Rijeka | Apartman u Rijeci, Pe\u0107ine<\/title>\n<meta name=\"robots\" content=\"index, follow, max-snippet:-1, max-image-preview:large, max-video-preview:-1\" \/>\n<link rel=\"canonical\" href=\"https:\/\/apartman-villa-anica-rijeka.com\/de\/apartman-villa-anica-o-rijeci\/\" \/>\n<meta property=\"og:locale\" content=\"it_IT\" \/>\n<meta property=\"og:type\" content=\"article\" \/>\n<meta property=\"og:title\" content=\"L&#039;appartamento Villa Anica \u2013 Su Fiume (Rijeka) - Villa Anica, Rijeka | Apartman u Rijeci, Pe\u0107ine\" \/>\n<meta property=\"og:description\" content=\"Rijeka (Fiume) \u00e8 l&#8217;unica citt\u00e0 croata ad avere ben tre musei in Italia. E le ragioni non sono poche. Si tratta dell&#8217;Archivio e del Museo di storia di Fiume con sede a Roma, del Vittoriale di D&#8217;Annunzio sul Lago di Garda nonch\u00e9 del Museo della cultura dalmata, fiumana ed istriana che si trova a Trieste. [&hellip;]\" \/>\n<meta property=\"og:url\" content=\"https:\/\/apartman-villa-anica-rijeka.com\/de\/apartman-villa-anica-o-rijeci\/\" \/>\n<meta property=\"og:site_name\" content=\"Villa Anica, Rijeka | Apartman u Rijeci, Pe\u0107ine\" \/>\n<meta property=\"article:modified_time\" content=\"2018-02-05T19:57:53+00:00\" \/>\n<meta name=\"twitter:card\" content=\"summary_large_image\" \/>\n<meta name=\"twitter:label1\" content=\"Tempo di lettura stimato\" \/>\n\t<meta name=\"twitter:data1\" content=\"12 minuti\" \/>\n<script type=\"application\/ld+json\" class=\"yoast-schema-graph\">{\"@context\":\"https:\/\/schema.org\",\"@graph\":[{\"@type\":\"WebPage\",\"@id\":\"https:\/\/apartman-villa-anica-rijeka.com\/de\/apartman-villa-anica-o-rijeci\/\",\"url\":\"https:\/\/apartman-villa-anica-rijeka.com\/de\/apartman-villa-anica-o-rijeci\/\",\"name\":\"L'appartamento Villa Anica \u2013 Su Fiume (Rijeka) - Villa Anica, Rijeka | Apartman u Rijeci, Pe\u0107ine\",\"isPartOf\":{\"@id\":\"https:\/\/apartman-villa-anica-rijeka.com\/it\/#website\"},\"datePublished\":\"2017-02-15T12:27:09+00:00\",\"dateModified\":\"2018-02-05T19:57:53+00:00\",\"breadcrumb\":{\"@id\":\"https:\/\/apartman-villa-anica-rijeka.com\/de\/apartman-villa-anica-o-rijeci\/#breadcrumb\"},\"inLanguage\":\"it-IT\",\"potentialAction\":[{\"@type\":\"ReadAction\",\"target\":[\"https:\/\/apartman-villa-anica-rijeka.com\/de\/apartman-villa-anica-o-rijeci\/\"]}]},{\"@type\":\"BreadcrumbList\",\"@id\":\"https:\/\/apartman-villa-anica-rijeka.com\/de\/apartman-villa-anica-o-rijeci\/#breadcrumb\",\"itemListElement\":[{\"@type\":\"ListItem\",\"position\":1,\"name\":\"Po\u010detna stranica\",\"item\":\"https:\/\/apartman-villa-anica-rijeka.com\/it\/\"},{\"@type\":\"ListItem\",\"position\":2,\"name\":\"Ferienwohnung Villa Anica &#8211; \u00fcber Rijeka\"}]},{\"@type\":\"WebSite\",\"@id\":\"https:\/\/apartman-villa-anica-rijeka.com\/it\/#website\",\"url\":\"https:\/\/apartman-villa-anica-rijeka.com\/it\/\",\"name\":\"Villa Anica, Rijeka | Apartman u Rijeci, Pe\u0107ine\",\"description\":\"(English) Samo jo\u0161 jedna WordPress web stranica\",\"potentialAction\":[{\"@type\":\"SearchAction\",\"target\":{\"@type\":\"EntryPoint\",\"urlTemplate\":\"https:\/\/apartman-villa-anica-rijeka.com\/it\/?s={search_term_string}\"},\"query-input\":{\"@type\":\"PropertyValueSpecification\",\"valueRequired\":true,\"valueName\":\"search_term_string\"}}],\"inLanguage\":\"it-IT\"}]}<\/script>\n<!-- \/ Yoast SEO plugin. -->","yoast_head_json":{"title":"L'appartamento Villa Anica \u2013 Su Fiume (Rijeka) - Villa Anica, Rijeka | Apartman u Rijeci, Pe\u0107ine","robots":{"index":"index","follow":"follow","max-snippet":"max-snippet:-1","max-image-preview":"max-image-preview:large","max-video-preview":"max-video-preview:-1"},"canonical":"https:\/\/apartman-villa-anica-rijeka.com\/de\/apartman-villa-anica-o-rijeci\/","og_locale":"it_IT","og_type":"article","og_title":"L'appartamento Villa Anica \u2013 Su Fiume (Rijeka) - Villa Anica, Rijeka | Apartman u Rijeci, Pe\u0107ine","og_description":"Rijeka (Fiume) \u00e8 l&#8217;unica citt\u00e0 croata ad avere ben tre musei in Italia. E le ragioni non sono poche. Si tratta dell&#8217;Archivio e del Museo di storia di Fiume con sede a Roma, del Vittoriale di D&#8217;Annunzio sul Lago di Garda nonch\u00e9 del Museo della cultura dalmata, fiumana ed istriana che si trova a Trieste. [&hellip;]","og_url":"https:\/\/apartman-villa-anica-rijeka.com\/de\/apartman-villa-anica-o-rijeci\/","og_site_name":"Villa Anica, Rijeka | Apartman u Rijeci, Pe\u0107ine","article_modified_time":"2018-02-05T19:57:53+00:00","twitter_card":"summary_large_image","twitter_misc":{"Tempo di lettura stimato":"12 minuti"},"schema":{"@context":"https:\/\/schema.org","@graph":[{"@type":"WebPage","@id":"https:\/\/apartman-villa-anica-rijeka.com\/de\/apartman-villa-anica-o-rijeci\/","url":"https:\/\/apartman-villa-anica-rijeka.com\/de\/apartman-villa-anica-o-rijeci\/","name":"L'appartamento Villa Anica \u2013 Su Fiume (Rijeka) - Villa Anica, Rijeka | Apartman u Rijeci, Pe\u0107ine","isPartOf":{"@id":"https:\/\/apartman-villa-anica-rijeka.com\/it\/#website"},"datePublished":"2017-02-15T12:27:09+00:00","dateModified":"2018-02-05T19:57:53+00:00","breadcrumb":{"@id":"https:\/\/apartman-villa-anica-rijeka.com\/de\/apartman-villa-anica-o-rijeci\/#breadcrumb"},"inLanguage":"it-IT","potentialAction":[{"@type":"ReadAction","target":["https:\/\/apartman-villa-anica-rijeka.com\/de\/apartman-villa-anica-o-rijeci\/"]}]},{"@type":"BreadcrumbList","@id":"https:\/\/apartman-villa-anica-rijeka.com\/de\/apartman-villa-anica-o-rijeci\/#breadcrumb","itemListElement":[{"@type":"ListItem","position":1,"name":"Po\u010detna stranica","item":"https:\/\/apartman-villa-anica-rijeka.com\/it\/"},{"@type":"ListItem","position":2,"name":"Ferienwohnung Villa Anica &#8211; \u00fcber Rijeka"}]},{"@type":"WebSite","@id":"https:\/\/apartman-villa-anica-rijeka.com\/it\/#website","url":"https:\/\/apartman-villa-anica-rijeka.com\/it\/","name":"Villa Anica, Rijeka | Apartman u Rijeci, Pe\u0107ine","description":"(English) Samo jo\u0161 jedna WordPress web stranica","potentialAction":[{"@type":"SearchAction","target":{"@type":"EntryPoint","urlTemplate":"https:\/\/apartman-villa-anica-rijeka.com\/it\/?s={search_term_string}"},"query-input":{"@type":"PropertyValueSpecification","valueRequired":true,"valueName":"search_term_string"}}],"inLanguage":"it-IT"}]}},"_links":{"self":[{"href":"https:\/\/apartman-villa-anica-rijeka.com\/it\/wp-json\/wp\/v2\/pages\/231","targetHints":{"allow":["GET"]}}],"collection":[{"href":"https:\/\/apartman-villa-anica-rijeka.com\/it\/wp-json\/wp\/v2\/pages"}],"about":[{"href":"https:\/\/apartman-villa-anica-rijeka.com\/it\/wp-json\/wp\/v2\/types\/page"}],"author":[{"embeddable":true,"href":"https:\/\/apartman-villa-anica-rijeka.com\/it\/wp-json\/wp\/v2\/users\/1"}],"replies":[{"embeddable":true,"href":"https:\/\/apartman-villa-anica-rijeka.com\/it\/wp-json\/wp\/v2\/comments?post=231"}],"version-history":[{"count":16,"href":"https:\/\/apartman-villa-anica-rijeka.com\/it\/wp-json\/wp\/v2\/pages\/231\/revisions"}],"predecessor-version":[{"id":744,"href":"https:\/\/apartman-villa-anica-rijeka.com\/it\/wp-json\/wp\/v2\/pages\/231\/revisions\/744"}],"wp:attachment":[{"href":"https:\/\/apartman-villa-anica-rijeka.com\/it\/wp-json\/wp\/v2\/media?parent=231"}],"curies":[{"name":"wp","href":"https:\/\/api.w.org\/{rel}","templated":true}]}}