{"id":91,"date":"2016-11-18T19:25:17","date_gmt":"2016-11-18T18:25:17","guid":{"rendered":"http:\/\/apartman-villa-anica-rijeka.com\/wordpress\/?page_id=91"},"modified":"2019-09-18T17:20:44","modified_gmt":"2019-09-18T15:20:44","slug":"apartmani-villa-anica-rijeka","status":"publish","type":"page","link":"https:\/\/apartman-villa-anica-rijeka.com\/it\/apartmani-villa-anica-rijeka\/","title":{"rendered":"L&#8217;appartamento Villa Anica Rijeka"},"content":{"rendered":"<p><\/p>\n<div id=\"o-apartmanu-wrapper\">\n<div id=\"o-apartmanu-inner\">\n<p>Scegliendo Villa Anica, otterrete una soluzione contemporanea (l&#8217;idea per un city break) e nel contempo farete un nostalgico tuffo nel passato.<\/p>\n<p>Anche questa villa \u00e8 sorta sul lotto di terreno della famiglia Poli\u0107, come \u00e8 avvenuto con tutte le ville sovrastanti l&#8217;ex strada Maria Dorotea (moglie dell&#8217;allora vicer\u00e9 ungarico). Questa famiglia diede i natali a <a href=\"https:\/\/hr.wikipedia.org\/wiki\/Janko_Poli%C4%87_Kamov\" title=\"Informazioni su o Janko Poli\u0107 Kamov\" target=\"_blank\">Janko Poli\u0107 Kamov<\/a>, autore di \u201eLa pozzanghera prosciugata\u201c (del 1909), un romanzo modernista che precedette le opere di Franz Kafka e James Joyce.<\/p>\n<p>Che Rijeka (Fiume) sia una citta&#8217; con tante storie diverse, lo si deduce dal fatto che in questo quartiere, in uno spazio di alcune centinaia di metri, sono nati anche il grande scrittore tedesco \u00d6d\u00f6n von Horvath (\u201eStorie del bosco viennese\u201c) nonch\u00e9 lo scrittore italiano del realismo magico Enrico Morovich.<\/p>\n<p>A Pe\u0107ine \u00e8 un continuo susseguirsi di storie diverse, perci\u00f2 non vi deve sorprendere il fatto che il vicino albergo Jadran sia stato inaugurato il 28 giugno 1914, giorno in cui l&#8217;arciduca Francesco Ferdinando venne ucciso a Sarajevo; si conclude il lungo XIX secolo e inizi\u00f2 la Prima guerra mondiale e la vita sub\u00ec un&#8217;accelerazione spropositata.<\/p>\n<p class=\"uvod\">Stando seduti nel giardino di Villa Anica potrete cercare i cocci del passato di Rijeka (Fiume) sparsi cripticamente \u2013 in modo casuale! \u2013 ma potrete altres\u00ec guardare il mare azzurro, lo stupendo Golfo del Quarnero, nominato da Dante Alighieri nella sua Divina Commedia. Un altro noto poeta italiano Gabriele D&#8217;Annunzio gli dedic\u00f2, invece, una poesia intitolata \u201e La canzone del Quarnaro\u201c. E la bellezza, e la politica, e tanta passione&#8230;mentre le foglie vengono mosse dal maestrale estivo.<\/p>\nngg_shortcode_3_placeholder<\/div>\n<\/div>\n<h2 id=\"naslov-odabir\">Perch\u00e9 scegliere l\u2019Appartamento Villa Anica?<\/h2>\n<p><img decoding=\"async\" id=\"slika-odabir\" src=\"\/wordpress\/wp-content\/uploads\/2017\/08\/appartamenti-rijeka-traveler-IT.jpg\" title=\"Appartamenti Rijeka Fiume - Perch\u00e9 scegliere l\u2019Appartamento Villa Anica?\" alt=\"Appartamenti Fiume Rijeka - Perch\u00e9 scegliere l\u2019Appartamento Villa Anica?\"><\/p>\n<p id=\"boravisna-pristojba\"><b>La tassa di soggiorno \u00e8 inclusa nel prezzo.<\/b><\/p>\n<p><\/p>","protected":false},"excerpt":{"rendered":"<p>Scegliendo Villa Anica, otterrete una soluzione contemporanea (l&#8217;idea per un city break) e nel contempo farete un nostalgico tuffo nel passato. Anche questa villa \u00e8 sorta sul lotto di terreno della famiglia Poli\u0107, come \u00e8 avvenuto con tutte le ville sovrastanti l&#8217;ex strada Maria Dorotea (moglie dell&#8217;allora vicer\u00e9 ungarico). Questa famiglia diede i natali a [&hellip;]<\/p>\n","protected":false},"author":1,"featured_media":0,"parent":0,"menu_order":0,"comment_status":"closed","ping_status":"closed","template":"","meta":{"ngg_post_thumbnail":0,"footnotes":""},"class_list":["post-91","page","type-page","status-publish","hentry","post"],"yoast_head":"<!-- This site is optimized with the Yoast SEO plugin v25.2 - https:\/\/yoast.com\/wordpress\/plugins\/seo\/ -->\n<title>Apartmani Rijeka - Villa Anica Pe\u0107ine - Povoljni apartmani u Rijeci za do 4 osobe.<\/title>\n<meta name=\"description\" content=\"Apartmani u Rijeci - Apartman villa Anica Rijeka nudi ugodan i povoljan smje\u0161taj za do 4 osobe. Apartman je smje\u0161ten u bilizini mora - Pe\u0107ine. 091 5297 797\" \/>\n<meta name=\"robots\" content=\"index, follow, max-snippet:-1, max-image-preview:large, max-video-preview:-1\" \/>\n<link rel=\"canonical\" href=\"https:\/\/apartman-villa-anica-rijeka.com\/apartmani-villa-anica-rijeka\/\" \/>\n<meta property=\"og:locale\" content=\"it_IT\" \/>\n<meta property=\"og:type\" content=\"article\" \/>\n<meta property=\"og:title\" content=\"Apartmani Rijeka - Villa Anica Pe\u0107ine - Povoljni apartmani u Rijeci za do 4 osobe.\" \/>\n<meta property=\"og:description\" content=\"Apartmani u Rijeci - Apartman villa Anica Rijeka nudi ugodan i povoljan smje\u0161taj za do 4 osobe. Apartman je smje\u0161ten u bilizini mora - Pe\u0107ine. 091 5297 797\" \/>\n<meta property=\"og:url\" content=\"https:\/\/apartman-villa-anica-rijeka.com\/apartmani-villa-anica-rijeka\/\" \/>\n<meta property=\"og:site_name\" content=\"Villa Anica, Rijeka | Apartman u Rijeci, Pe\u0107ine\" \/>\n<meta property=\"article:modified_time\" content=\"2019-09-18T15:20:44+00:00\" \/>\n<meta name=\"twitter:card\" content=\"summary_large_image\" \/>\n<meta name=\"twitter:label1\" content=\"Tempo di lettura stimato\" \/>\n\t<meta name=\"twitter:data1\" content=\"7 minuti\" \/>\n<script type=\"application\/ld+json\" class=\"yoast-schema-graph\">{\"@context\":\"https:\/\/schema.org\",\"@graph\":[{\"@type\":\"WebPage\",\"@id\":\"https:\/\/apartman-villa-anica-rijeka.com\/apartmani-villa-anica-rijeka\/\",\"url\":\"https:\/\/apartman-villa-anica-rijeka.com\/apartmani-villa-anica-rijeka\/\",\"name\":\"Apartmani Rijeka - Villa Anica Pe\u0107ine - Povoljni apartmani u Rijeci za do 4 osobe.\",\"isPartOf\":{\"@id\":\"https:\/\/apartman-villa-anica-rijeka.com\/it\/#website\"},\"datePublished\":\"2016-11-18T18:25:17+00:00\",\"dateModified\":\"2019-09-18T15:20:44+00:00\",\"description\":\"Apartmani u Rijeci - Apartman villa Anica Rijeka nudi ugodan i povoljan smje\u0161taj za do 4 osobe. Apartman je smje\u0161ten u bilizini mora - Pe\u0107ine. 091 5297 797\",\"breadcrumb\":{\"@id\":\"https:\/\/apartman-villa-anica-rijeka.com\/apartmani-villa-anica-rijeka\/#breadcrumb\"},\"inLanguage\":\"it-IT\",\"potentialAction\":[{\"@type\":\"ReadAction\",\"target\":[\"https:\/\/apartman-villa-anica-rijeka.com\/apartmani-villa-anica-rijeka\/\"]}]},{\"@type\":\"BreadcrumbList\",\"@id\":\"https:\/\/apartman-villa-anica-rijeka.com\/apartmani-villa-anica-rijeka\/#breadcrumb\",\"itemListElement\":[{\"@type\":\"ListItem\",\"position\":1,\"name\":\"Po\u010detna stranica\",\"item\":\"https:\/\/apartman-villa-anica-rijeka.com\/it\/\"},{\"@type\":\"ListItem\",\"position\":2,\"name\":\"Apartman Villa Anica Rijeka\"}]},{\"@type\":\"WebSite\",\"@id\":\"https:\/\/apartman-villa-anica-rijeka.com\/it\/#website\",\"url\":\"https:\/\/apartman-villa-anica-rijeka.com\/it\/\",\"name\":\"Villa Anica, Rijeka | Apartman u Rijeci, Pe\u0107ine\",\"description\":\"(English) Samo jo\u0161 jedna WordPress web stranica\",\"potentialAction\":[{\"@type\":\"SearchAction\",\"target\":{\"@type\":\"EntryPoint\",\"urlTemplate\":\"https:\/\/apartman-villa-anica-rijeka.com\/it\/?s={search_term_string}\"},\"query-input\":{\"@type\":\"PropertyValueSpecification\",\"valueRequired\":true,\"valueName\":\"search_term_string\"}}],\"inLanguage\":\"it-IT\"}]}<\/script>\n<!-- \/ Yoast SEO plugin. -->","yoast_head_json":{"title":"Apartmani Rijeka - Villa Anica Pe\u0107ine - Povoljni apartmani u Rijeci za do 4 osobe.","description":"Apartmani u Rijeci - Apartman villa Anica Rijeka nudi ugodan i povoljan smje\u0161taj za do 4 osobe. Apartman je smje\u0161ten u bilizini mora - Pe\u0107ine. 091 5297 797","robots":{"index":"index","follow":"follow","max-snippet":"max-snippet:-1","max-image-preview":"max-image-preview:large","max-video-preview":"max-video-preview:-1"},"canonical":"https:\/\/apartman-villa-anica-rijeka.com\/apartmani-villa-anica-rijeka\/","og_locale":"it_IT","og_type":"article","og_title":"Apartmani Rijeka - Villa Anica Pe\u0107ine - Povoljni apartmani u Rijeci za do 4 osobe.","og_description":"Apartmani u Rijeci - Apartman villa Anica Rijeka nudi ugodan i povoljan smje\u0161taj za do 4 osobe. Apartman je smje\u0161ten u bilizini mora - Pe\u0107ine. 091 5297 797","og_url":"https:\/\/apartman-villa-anica-rijeka.com\/apartmani-villa-anica-rijeka\/","og_site_name":"Villa Anica, Rijeka | Apartman u Rijeci, Pe\u0107ine","article_modified_time":"2019-09-18T15:20:44+00:00","twitter_card":"summary_large_image","twitter_misc":{"Tempo di lettura stimato":"7 minuti"},"schema":{"@context":"https:\/\/schema.org","@graph":[{"@type":"WebPage","@id":"https:\/\/apartman-villa-anica-rijeka.com\/apartmani-villa-anica-rijeka\/","url":"https:\/\/apartman-villa-anica-rijeka.com\/apartmani-villa-anica-rijeka\/","name":"Apartmani Rijeka - Villa Anica Pe\u0107ine - Povoljni apartmani u Rijeci za do 4 osobe.","isPartOf":{"@id":"https:\/\/apartman-villa-anica-rijeka.com\/it\/#website"},"datePublished":"2016-11-18T18:25:17+00:00","dateModified":"2019-09-18T15:20:44+00:00","description":"Apartmani u Rijeci - Apartman villa Anica Rijeka nudi ugodan i povoljan smje\u0161taj za do 4 osobe. Apartman je smje\u0161ten u bilizini mora - Pe\u0107ine. 091 5297 797","breadcrumb":{"@id":"https:\/\/apartman-villa-anica-rijeka.com\/apartmani-villa-anica-rijeka\/#breadcrumb"},"inLanguage":"it-IT","potentialAction":[{"@type":"ReadAction","target":["https:\/\/apartman-villa-anica-rijeka.com\/apartmani-villa-anica-rijeka\/"]}]},{"@type":"BreadcrumbList","@id":"https:\/\/apartman-villa-anica-rijeka.com\/apartmani-villa-anica-rijeka\/#breadcrumb","itemListElement":[{"@type":"ListItem","position":1,"name":"Po\u010detna stranica","item":"https:\/\/apartman-villa-anica-rijeka.com\/it\/"},{"@type":"ListItem","position":2,"name":"Apartman Villa Anica Rijeka"}]},{"@type":"WebSite","@id":"https:\/\/apartman-villa-anica-rijeka.com\/it\/#website","url":"https:\/\/apartman-villa-anica-rijeka.com\/it\/","name":"Villa Anica, Rijeka | Apartman u Rijeci, Pe\u0107ine","description":"(English) Samo jo\u0161 jedna WordPress web stranica","potentialAction":[{"@type":"SearchAction","target":{"@type":"EntryPoint","urlTemplate":"https:\/\/apartman-villa-anica-rijeka.com\/it\/?s={search_term_string}"},"query-input":{"@type":"PropertyValueSpecification","valueRequired":true,"valueName":"search_term_string"}}],"inLanguage":"it-IT"}]}},"_links":{"self":[{"href":"https:\/\/apartman-villa-anica-rijeka.com\/it\/wp-json\/wp\/v2\/pages\/91","targetHints":{"allow":["GET"]}}],"collection":[{"href":"https:\/\/apartman-villa-anica-rijeka.com\/it\/wp-json\/wp\/v2\/pages"}],"about":[{"href":"https:\/\/apartman-villa-anica-rijeka.com\/it\/wp-json\/wp\/v2\/types\/page"}],"author":[{"embeddable":true,"href":"https:\/\/apartman-villa-anica-rijeka.com\/it\/wp-json\/wp\/v2\/users\/1"}],"replies":[{"embeddable":true,"href":"https:\/\/apartman-villa-anica-rijeka.com\/it\/wp-json\/wp\/v2\/comments?post=91"}],"version-history":[{"count":38,"href":"https:\/\/apartman-villa-anica-rijeka.com\/it\/wp-json\/wp\/v2\/pages\/91\/revisions"}],"predecessor-version":[{"id":788,"href":"https:\/\/apartman-villa-anica-rijeka.com\/it\/wp-json\/wp\/v2\/pages\/91\/revisions\/788"}],"wp:attachment":[{"href":"https:\/\/apartman-villa-anica-rijeka.com\/it\/wp-json\/wp\/v2\/media?parent=91"}],"curies":[{"name":"wp","href":"https:\/\/api.w.org\/{rel}","templated":true}]}}